{"id":315,"date":"2011-07-13T15:00:47","date_gmt":"2011-07-13T12:00:47","guid":{"rendered":"http:\/\/www.valonkuvia.fi\/blogi\/?page_id=315"},"modified":"2011-07-13T15:00:47","modified_gmt":"2011-07-13T12:00:47","slug":"kaupallista-ja-epakaupallista","status":"publish","type":"page","link":"https:\/\/www.valonkuvia.fi\/blogi\/jazzjutut\/2005-2\/kaupallista-ja-epakaupallista\/","title":{"rendered":"Kaupallista ja ep\u00e4kaupallista"},"content":{"rendered":"<p>Musiikkibisnes on ollut viime aikoina aikamoisessa murroksessa, kun omistus on keskittynyt yh\u00e4 suurempiin yhti\u00f6ihin. Vakiintuneen cd-formaatin kilpailijaksi on noussut musiikin internetjakelu ja talousuutisten mukaan Nokiakin uskoo musiikkiin kolmannen sukupolven k\u00e4nnyk\u00f6iden pelastajana.Musiikkialan muutokset ovat luonnollisesti vaikuttaneet jazzinkin maailmaan, sill\u00e4 se on harvoin ollut taloudellinen kultakaivos. Monet suuret levy-yhti\u00f6t ovat fuusioituessaan hyl\u00e4nneet jazzin tuottamisen kokonaan tai siirtyneet k\u00e4\u00e4rim\u00e4\u00e4n vanhoja klassikoita aina uuteen pakettiin.<\/p>\n<p>Suurten v\u00e4istyess\u00e4 tilaa on kuitenkin j\u00e4\u00e4nyt uusille ja itsen\u00e4isille toimijoille. Cd-levyjen valmistaminen on edullista ja jazzia voidaan \u00e4\u00e4nitt\u00e4\u00e4 viel\u00e4 vanhanaikaisen halvalla. Siin\u00e4 miss\u00e4 rocklevyj\u00e4 saatetaan hioa kuukausitolkulla, syntyy kelvollinen jazzlevy parissa p\u00e4iv\u00e4ss\u00e4. Eri puolille maailmaa onkin perustettu pieni\u00e4 levy-yhti\u00f6it\u00e4, jotka tuovat sinnik\u00e4\u00e4sti markkinoille ep\u00e4kaupallista musiikkia. Hyv\u00e4 kotimainen esimerkki on TUM Records, joka on julkaissut parin viime vuoden aikana monta hienoa jazz\u00e4\u00e4nitett\u00e4. TUM Records kiinnitt\u00e4\u00e4 huomiota my\u00f6s levyjens\u00e4 ulkoasuun ja niinp\u00e4 kotimaisten kuvataitelijoiden ty\u00f6t viimeistelev\u00e4t sen levykannet.<\/p>\n<p>Samaan aikaan yh\u00e4 useammat hankkivat musiikkinsa suoraan internetist\u00e4 musiikkitiedostoina. Alan suurimpia menestyksi\u00e4 on ollut Apple-yhti\u00f6n verkkomusiikkikauppa iTunes. Kaupan valikoima on jazzin harrastajankin kannalta kiinnostava. iTunesin &#8221;hyllylt\u00e4&#8221; l\u00f6ytyy tavanomaisen Miles Davisin lis\u00e4ksi sellaisia free jazzin soittajia kuin Albert Ayler tai Evan Parker, joten valikoimaa voi kehua hyv\u00e4ksi. Ostaja voi ladata vaivattomasti yksitt\u00e4isi\u00e4 kappaleita tai kokonaisia levyj\u00e4 ja luottokortilla maksaminen on suorastaan pelottavan helppoa.<\/p>\n<p>Internetist\u00e4 l\u00f6ytyy my\u00f6s aivan ilmaista jazzia. Kun levy-yhti\u00f6t tarjoavat yleens\u00e4 makupaloiksi vain yksitt\u00e4isi\u00e4 kappaleita, voi amerikkalaisen saksofonistin Greg Osbyn sivuilta ladata mp3-tiedostoina kokonaisia konsertteja. Vaikea on kuitenkin uskoa, ett\u00e4 nettimusiikki koskaan kokonaan korvaa \u00e4\u00e4nilevy\u00e4. Ihmisill\u00e4 tulee aina olemaan tarve omistaa ja hypistell\u00e4 k\u00e4dess\u00e4\u00e4n omaisuuttaan. Min\u00e4 ainakin pid\u00e4n mieluummin k\u00e4dess\u00e4ni TUM Recordsin jo esineen\u00e4 kaunista levy\u00e4 kuin ihailen tietokoneen resurssienhallinnan kautta musiikkitiedostojen pikkukuvakkeita.<\/p>\n<p>Vanhat LP-levyt ovat paljon cd-levyj\u00e4kin vieh\u00e4tt\u00e4v\u00e4mpi\u00e4 esineit\u00e4. LP:ss\u00e4 on tilaa kansitaiteelle ja herk\u00e4sti naarmuuntuvan levyn asettaminen varovasti levylautasella on l\u00e4hes uskonnollinen rituaali. My\u00f6s neulan rahinassa on nostalgiansa. Ei ihme, ett\u00e4 tuo rahina tuotetaan joskus tarkoituksella my\u00f6s cd-raidan taustalle. Uusia LP-levyj\u00e4kin valmistetaan viel\u00e4, esimerkiksi ruotsalaiset muusikot Mats Gustafsson ja Thomas Millroth tuottavat vapaasti improvisoitua musiikkia Olof Bright-levymerkill\u00e4. Siis samalla kun globaali musiikkibisnes keskittyy yh\u00e4 suurempiin yksik\u00f6ihin ja yh\u00e4 tylsemp\u00e4\u00e4n musiikkiin, kukoistavat monet omaper\u00e4iset kulttuuri-ilmi\u00f6t j\u00e4ttil\u00e4isten varjossa.<\/p>\n<p><em>23.2.2005<\/em><\/p>\n","protected":false},"excerpt":{"rendered":"<p>Musiikkibisnes on ollut viime aikoina aikamoisessa murroksessa, kun omistus on keskittynyt yh\u00e4 suurempiin yhti\u00f6ihin. Vakiintuneen cd-formaatin kilpailijaksi on noussut musiikin internetjakelu ja talousuutisten mukaan Nokiakin uskoo musiikkiin kolmannen sukupolven k\u00e4nnyk\u00f6iden pelastajana.Musiikkialan muutokset ovat luonnollisesti vaikuttaneet jazzinkin maailmaan, sill\u00e4 se on harvoin ollut taloudellinen kultakaivos. Monet suuret levy-yhti\u00f6t ovat fuusioituessaan hyl\u00e4nneet jazzin tuottamisen kokonaan tai siirtyneet [&hellip;]<\/p>\n","protected":false},"author":1,"featured_media":0,"parent":308,"menu_order":0,"comment_status":"open","ping_status":"open","template":"onecolumn-page.php","meta":{"ngg_post_thumbnail":0,"footnotes":""},"class_list":["post-315","page","type-page","status-publish","hentry"],"jetpack_likes_enabled":false,"jetpack_sharing_enabled":true,"_links":{"self":[{"href":"https:\/\/www.valonkuvia.fi\/blogi\/wp-json\/wp\/v2\/pages\/315","targetHints":{"allow":["GET"]}}],"collection":[{"href":"https:\/\/www.valonkuvia.fi\/blogi\/wp-json\/wp\/v2\/pages"}],"about":[{"href":"https:\/\/www.valonkuvia.fi\/blogi\/wp-json\/wp\/v2\/types\/page"}],"author":[{"embeddable":true,"href":"https:\/\/www.valonkuvia.fi\/blogi\/wp-json\/wp\/v2\/users\/1"}],"replies":[{"embeddable":true,"href":"https:\/\/www.valonkuvia.fi\/blogi\/wp-json\/wp\/v2\/comments?post=315"}],"version-history":[{"count":1,"href":"https:\/\/www.valonkuvia.fi\/blogi\/wp-json\/wp\/v2\/pages\/315\/revisions"}],"predecessor-version":[{"id":316,"href":"https:\/\/www.valonkuvia.fi\/blogi\/wp-json\/wp\/v2\/pages\/315\/revisions\/316"}],"up":[{"embeddable":true,"href":"https:\/\/www.valonkuvia.fi\/blogi\/wp-json\/wp\/v2\/pages\/308"}],"wp:attachment":[{"href":"https:\/\/www.valonkuvia.fi\/blogi\/wp-json\/wp\/v2\/media?parent=315"}],"curies":[{"name":"wp","href":"https:\/\/api.w.org\/{rel}","templated":true}]}}