{"id":319,"date":"2011-07-13T15:06:52","date_gmt":"2011-07-13T12:06:52","guid":{"rendered":"http:\/\/www.valonkuvia.fi\/blogi\/?page_id=319"},"modified":"2011-07-13T15:06:52","modified_gmt":"2011-07-13T12:06:52","slug":"kulttuuritukea-yhdelle-kahdelle-kolmelle","status":"publish","type":"page","link":"https:\/\/www.valonkuvia.fi\/blogi\/jazzjutut\/2005-2\/kulttuuritukea-yhdelle-kahdelle-kolmelle\/","title":{"rendered":"Kulttuuritukea yhdelle, kahdelle, kolmelle"},"content":{"rendered":"<p>Opetusministeri\u00f6 on j\u00e4lleen jakanut vuosittaiset avustuksensa kulttuuritapahtumille. Tornion ja Kemin alueelta tukea sai t\u00e4n\u00e4 vuonna kolme tapahtumaa, nimitt\u00e4in Kalottjazz &amp; Blues (7000 e) ja Euroopan naisteatterifestivaali Torniossa ja Haaparannalla (4000 e) sek\u00e4 Kemin kansainv\u00e4liset sarjakuvap\u00e4iv\u00e4t (14 000 e). Vaikka eri kulttuurinlajeja on mahdotonta panna arvoj\u00e4rjestykseen, voidaan opetusministeri\u00f6n avustusta pit\u00e4\u00e4 er\u00e4\u00e4n\u00e4 yhteiskunnallisen arvostuksen mittarina. Esimerkiksi kaikkien jazztapahtumien avustukset ovat yhteens\u00e4 230 500 euroa ja Savonlinnan oopperajuhlien avustus yksin\u00e4\u00e4n muhkeat 655 000 euroa. Oopperajuhlien tukea voi toki perustella, sill\u00e4 ooppera on kallis taidemuoto ja Savonlinnan juhlat Suomen kulttuurikes\u00e4n lippulaiva. Mutta kun yhden tapahtuman osuus koko potista on yli 18 prosenttia, kyse on kulttuuripoliittisesta linjanvedosta; ooppera on valtiovallan erityisess\u00e4 suojeluksessa.<\/p>\n<p>Klassisella musiikin taso on Suomessa korkea ja harrastajiakin on paljon, joten se on tukensa ansainnut. Toisaalta klassisen musiikin arvostus perustuu usein julkilausumattomaan k\u00e4sitykseen ns. vakavan taidemusiikin muka muita musiikin muotoja suuremmasta arvosta. Kulttuurisen tasa-arvon lis\u00e4\u00e4minen ei v\u00e4ltt\u00e4m\u00e4tt\u00e4 olisi kovin kallista, sill\u00e4 oopperaan verrattuna jazz on edullista tuettavaa. Jazz ei tarvitse suuria ja n\u00e4ytt\u00e4vi\u00e4 tiloja, joten valtiontalous ei juuri rasittuisi, jos pitk\u00e4\u00e4n suunniteltu &#8221;kansallinen jazzn\u00e4ytt\u00e4m\u00f6&#8221;, vaikkapa JUMO-jazzklubi Helsingiss\u00e4, saisi lopulta turvatun rahoituksen. Kunnolla tuetusta jazzista voisi tulla my\u00f6s vientikelpoinen tuote, kuten jazzistaan paremmin huolehtineen Norjan esimerkki osoittaa. Norjalainen jazzhan on maailmalla nyky\u00e4\u00e4n suorastaan k\u00e4site.<\/p>\n<p>On mielenkiintoista tutkia my\u00f6s sit\u00e4, kuinka opetusministeri\u00f6n tuki jakautuu jazzfestivaalien kesken. Suomen suurin jazzfestivaali, Pori Jazz, saa edell\u00e4 mainitusta 230 500 eurosta l\u00e4hes puolet eli 105 000 e. Porin osuus tuntuu kohtuuttomalta, sill\u00e4 festivaalin ohjelmassa suurimman painon on pitk\u00e4\u00e4n saanut yleens\u00e4 populaari rytmimusiikki. Tosin Porin kunniaksi on sanottava, ett\u00e4 er\u00e4\u00e4nlaisena festivaalina festivaalin sis\u00e4ll\u00e4 tapahtuu my\u00f6s laadukas Ultra Music-konserttisarja. Viime kes\u00e4n Ultra Music esitteli ranskalaista nykyjazzia ja nyt vuorossa ovat Pohjoismaat, erityisesti tietenkin Norja, yhteisnimell\u00e4 Norwegian Soundscapes eli norjalaisia \u00e4\u00e4nimaisemia.<\/p>\n<p>Teorian mukaan markkinatalous ja sen vapaa kilpailu lis\u00e4\u00e4v\u00e4t automaattisesti kuluttajan valinnan mahdollisuuksia. Teoria ei kuitenkaan tunnu pit\u00e4v\u00e4n paikkaansa kaikkien kulttuuri-ilmi\u00f6iden kohdalla. Hyvi\u00e4 esimerkkej\u00e4 ovat mm. mainosradioista kadonnut journalismi ja kaupallisten tv-kanavien yhdenmukaistuminen amerikkalaisten sarjojen ja formaattiohjelmien kent\u00e4ksi. Sivistysvaltio pit\u00e4\u00e4 tukipolitiikallaan huolen oopperasta, jazzista ja muista ep\u00e4kaupallisista kulttuurinalueista, eik\u00e4 j\u00e4t\u00e4 niit\u00e4 markkinavoimien tallattavaksi. N\u00e4in kulttuurin yst\u00e4v\u00e4n on todellisen valinnanvapauden ja kulttuurisen monimuotoisuuden turvaamiseksi suorastaan pakko rakastaa veroja.<\/p>\n<p><em>24.4.2005<\/em><\/p>\n","protected":false},"excerpt":{"rendered":"<p>Opetusministeri\u00f6 on j\u00e4lleen jakanut vuosittaiset avustuksensa kulttuuritapahtumille. Tornion ja Kemin alueelta tukea sai t\u00e4n\u00e4 vuonna kolme tapahtumaa, nimitt\u00e4in Kalottjazz &amp; Blues (7000 e) ja Euroopan naisteatterifestivaali Torniossa ja Haaparannalla (4000 e) sek\u00e4 Kemin kansainv\u00e4liset sarjakuvap\u00e4iv\u00e4t (14 000 e). Vaikka eri kulttuurinlajeja on mahdotonta panna arvoj\u00e4rjestykseen, voidaan opetusministeri\u00f6n avustusta pit\u00e4\u00e4 er\u00e4\u00e4n\u00e4 yhteiskunnallisen arvostuksen mittarina. Esimerkiksi kaikkien [&hellip;]<\/p>\n","protected":false},"author":1,"featured_media":0,"parent":308,"menu_order":0,"comment_status":"open","ping_status":"open","template":"onecolumn-page.php","meta":{"ngg_post_thumbnail":0,"footnotes":""},"class_list":["post-319","page","type-page","status-publish","hentry"],"jetpack_likes_enabled":false,"jetpack_sharing_enabled":true,"_links":{"self":[{"href":"https:\/\/www.valonkuvia.fi\/blogi\/wp-json\/wp\/v2\/pages\/319","targetHints":{"allow":["GET"]}}],"collection":[{"href":"https:\/\/www.valonkuvia.fi\/blogi\/wp-json\/wp\/v2\/pages"}],"about":[{"href":"https:\/\/www.valonkuvia.fi\/blogi\/wp-json\/wp\/v2\/types\/page"}],"author":[{"embeddable":true,"href":"https:\/\/www.valonkuvia.fi\/blogi\/wp-json\/wp\/v2\/users\/1"}],"replies":[{"embeddable":true,"href":"https:\/\/www.valonkuvia.fi\/blogi\/wp-json\/wp\/v2\/comments?post=319"}],"version-history":[{"count":1,"href":"https:\/\/www.valonkuvia.fi\/blogi\/wp-json\/wp\/v2\/pages\/319\/revisions"}],"predecessor-version":[{"id":320,"href":"https:\/\/www.valonkuvia.fi\/blogi\/wp-json\/wp\/v2\/pages\/319\/revisions\/320"}],"up":[{"embeddable":true,"href":"https:\/\/www.valonkuvia.fi\/blogi\/wp-json\/wp\/v2\/pages\/308"}],"wp:attachment":[{"href":"https:\/\/www.valonkuvia.fi\/blogi\/wp-json\/wp\/v2\/media?parent=319"}],"curies":[{"name":"wp","href":"https:\/\/api.w.org\/{rel}","templated":true}]}}