{"id":321,"date":"2011-07-13T15:08:22","date_gmt":"2011-07-13T12:08:22","guid":{"rendered":"http:\/\/www.valonkuvia.fi\/blogi\/?page_id=321"},"modified":"2011-07-13T15:08:22","modified_gmt":"2011-07-13T12:08:22","slug":"festivaalikesa-2005","status":"publish","type":"page","link":"https:\/\/www.valonkuvia.fi\/blogi\/jazzjutut\/2005-2\/festivaalikesa-2005\/","title":{"rendered":"Festivaalikes\u00e4 2005"},"content":{"rendered":"<p>Alkava Suomen suvi pursuaa kulttuuria, p\u00e4iv\u00e4n mittaisista kyl\u00e4juhlista kymmeni\u00e4 tuhansia k\u00e4vij\u00f6it\u00e4 kokoaviin massatapahtumiin. Joukkoon mahtuu kolmisenkymment\u00e4 jazz- tai bluesfestivaalia, joiden koko vaihteleve paikallisten kykyjen pikkujuhlista maailmant\u00e4hti\u00e4 areenoillaan esittelev\u00e4\u00e4n Pori Jazziin. Olen seuraavassa poiminut joitakin omasta mielest\u00e4ni kiinnostavia vinkkej\u00e4 kes\u00e4n jazzista.<\/p>\n<p>Kes\u00e4kuun toiseen viikonloppuun (9.-12.6) mahtuu kaksi tapahtumaa, nimitt\u00e4in uusi Helsinki Jazz ja jo perinteinen Kerava Jazz. Tulokkaan ohjelmassa erikoista on kiinalainen jazz, jota ei ole ilmeisesti koskaan aikaisemmin meill\u00e4 kuultu. Nyt se on mahdollista aivan ilmaiseksi sunnuntaina 12.6. Jugendsalissa Helsingiss\u00e4. Samaan aikaan Keravalla on esill\u00e4 free jazz tai &#8221;afroamerikkalainen spiritualiteetti&#8221;, kuten tapahtuman j\u00e4rjest\u00e4j\u00e4t sen itse ilmaisevat. Esiintyjist\u00e4 kannattaa nostaa esille basisti William Parker, joka soittaa my\u00f6s Raahessa my\u00f6hemmin kes\u00e4ll\u00e4.<\/p>\n<p>Hein\u00e4kuussa Helsingiss\u00e4 liikkuvan kannattaa varata alkuillasta vapaata, sill\u00e4 Suomen Jazzliiton j\u00e4rjest\u00e4m\u00e4 kes\u00e4n pisin jazzfestivaali Jazz-Espa soi Esplanadin lavalla joka arkip\u00e4iv\u00e4 klo 16-18. Jazz-Espa tarjoaa l\u00e4pileikkauksen suomalaisesta jazzista ja tavoittaa samalla hyv\u00e4n joukon kuulijoita. Varsinkin kauniilla s\u00e4\u00e4ll\u00e4 ohikulkijan kannattaa pys\u00e4hty\u00e4, sill\u00e4 tarjolla on suomalaisen jazz parhaimmistoa ihan ilmaiseksi.<\/p>\n<p>Pori Jazzin sis\u00e4ll\u00e4 on er\u00e4s kes\u00e4n hienoimmista konserttisarjoista, Ultra Music-tapahtuma 16.-24.7., johon Varjo-Yrj\u00f6-palkinnolla palkittu tuottaja Charles Gil on koonnut yhteen pohjoismaisen kokeellisen jazzin huiput, kuten Sidsel Endresen, Atomic ja Supersilent. Varsinainen Pori Jazz on siirt\u00e4nyt p\u00e4\u00e4konserttinsa perinteiselt\u00e4 Kirjurinluodolta l\u00e4heiselle Kirjurinluoto Arenalle, johon mahtuu entist\u00e4 enemm\u00e4n yleis\u00f6\u00e4. Arena toiminee pop- ja soulartistien esiintymispaikkana, mutta sopii ep\u00e4ill\u00e4, ett\u00e4 esimerkiksi basisti Charlie Hadenin hiljaisen melodinen jazz hukkuu sinne kyll\u00e4.<\/p>\n<p>Hein\u00e4kuun lopulla sattuu taas kaksi keskikokoista festivaalia samalle viikonlopulle, nimitt\u00e4in \u00c4\u00e4nekosken Keitelejazz ja Raahen Rantajatsit (27.-30.7.) Keitelejazz on oudosti kaksijakoinen tapahtuma; toisaalta silkkaa rockia (22-Pistepirkko, Zen Caf\u00e9) ja toisaalta laadukasta jazzia, kuten klarinetisti Louis Sclavis ja kitaristi John Abercrombie. Oma valintani osuu j\u00e4lleen Raaheen, sill\u00e4 siell\u00e4 on mukavan intiimin tunnelman ohella tutusti hieno ohjelma. Edell\u00e4 mainitun William Parkerin lis\u00e4ksi pianisti Marilyn Crispell soittaa sek\u00e4 soolona ett\u00e4 yhdess\u00e4 suomalaisten muusikoiden kanssa. My\u00f6s arabialaista luuttua soittavan Rabih Abou-Khalilin konsertti on kuulemisen arvoinen.<\/p>\n<p>J\u00e4ljell\u00e4 on viel\u00e4 oman paikkakunnan Kalottjazz &amp; Blues (30.6.-3.7.), jota olen varsin j\u00e4\u00e4vi kehumaan. Silti nostan esille konsertin, jota ehk\u00e4 eniten odotan, nimitt\u00e4in pianisti Samuli Mikkosen &#8221;Ajan aalloilla&#8221;. Mikkonen on ottanut k\u00e4sittelyyn todelliset suomalaiset klassikot, kuten Sibelius, Kuula, Merikanto, Hannikainen ja Kilpinen. S\u00e4velt\u00e4j\u00e4nimien lis\u00e4ksi kiinnostusta her\u00e4tt\u00e4\u00e4 yhtyeen poikkeuksellinen kokoonpano, sill\u00e4 yhtyeen komea viiden saksofonistin kuoro sopii mainiosti tulkitsemaan vanhojen mestareiden mieskuoros\u00e4vellyksi\u00e4.<\/p>\n<p><em>5.6.2005<\/em><\/p>\n","protected":false},"excerpt":{"rendered":"<p>Alkava Suomen suvi pursuaa kulttuuria, p\u00e4iv\u00e4n mittaisista kyl\u00e4juhlista kymmeni\u00e4 tuhansia k\u00e4vij\u00f6it\u00e4 kokoaviin massatapahtumiin. Joukkoon mahtuu kolmisenkymment\u00e4 jazz- tai bluesfestivaalia, joiden koko vaihteleve paikallisten kykyjen pikkujuhlista maailmant\u00e4hti\u00e4 areenoillaan esittelev\u00e4\u00e4n Pori Jazziin. Olen seuraavassa poiminut joitakin omasta mielest\u00e4ni kiinnostavia vinkkej\u00e4 kes\u00e4n jazzista. Kes\u00e4kuun toiseen viikonloppuun (9.-12.6) mahtuu kaksi tapahtumaa, nimitt\u00e4in uusi Helsinki Jazz ja jo perinteinen Kerava [&hellip;]<\/p>\n","protected":false},"author":1,"featured_media":0,"parent":308,"menu_order":0,"comment_status":"open","ping_status":"open","template":"onecolumn-page.php","meta":{"ngg_post_thumbnail":0,"footnotes":""},"class_list":["post-321","page","type-page","status-publish","hentry"],"jetpack_likes_enabled":false,"jetpack_sharing_enabled":true,"_links":{"self":[{"href":"https:\/\/www.valonkuvia.fi\/blogi\/wp-json\/wp\/v2\/pages\/321","targetHints":{"allow":["GET"]}}],"collection":[{"href":"https:\/\/www.valonkuvia.fi\/blogi\/wp-json\/wp\/v2\/pages"}],"about":[{"href":"https:\/\/www.valonkuvia.fi\/blogi\/wp-json\/wp\/v2\/types\/page"}],"author":[{"embeddable":true,"href":"https:\/\/www.valonkuvia.fi\/blogi\/wp-json\/wp\/v2\/users\/1"}],"replies":[{"embeddable":true,"href":"https:\/\/www.valonkuvia.fi\/blogi\/wp-json\/wp\/v2\/comments?post=321"}],"version-history":[{"count":2,"href":"https:\/\/www.valonkuvia.fi\/blogi\/wp-json\/wp\/v2\/pages\/321\/revisions"}],"predecessor-version":[{"id":323,"href":"https:\/\/www.valonkuvia.fi\/blogi\/wp-json\/wp\/v2\/pages\/321\/revisions\/323"}],"up":[{"embeddable":true,"href":"https:\/\/www.valonkuvia.fi\/blogi\/wp-json\/wp\/v2\/pages\/308"}],"wp:attachment":[{"href":"https:\/\/www.valonkuvia.fi\/blogi\/wp-json\/wp\/v2\/media?parent=321"}],"curies":[{"name":"wp","href":"https:\/\/api.w.org\/{rel}","templated":true}]}}