{"id":324,"date":"2011-07-13T15:10:14","date_gmt":"2011-07-13T12:10:14","guid":{"rendered":"http:\/\/www.valonkuvia.fi\/blogi\/?page_id=324"},"modified":"2011-07-13T15:11:06","modified_gmt":"2011-07-13T12:11:06","slug":"new-orleans","status":"publish","type":"page","link":"https:\/\/www.valonkuvia.fi\/blogi\/jazzjutut\/2005-2\/new-orleans\/","title":{"rendered":"New Orleans"},"content":{"rendered":"<h4>Hirmumyrsky Katrina j\u00e4tti j\u00e4lkeens\u00e4 valtavasti tuhoa, nyt viel\u00e4 tuntemattoman m\u00e4\u00e4r\u00e4n menetettyj\u00e4 ihmishenki\u00e4 ja suunnattomat aineelliset vahingot. Tuhojen laajuuden pikkuhiljaa paljastuessa huolta on alettu kantaa my\u00f6s niist\u00e4 henkisist\u00e4 menetyksist\u00e4, jotka myrsky aiheutti jazzin kehtona tunnetuksi tulleelle vanhalle kulttuurikaupungille. Vaikka kaupungin vanha osa, French Quartier, n\u00e4ytt\u00e4\u00e4 selvinneen kaikkein v\u00e4himmin vaurioin, kest\u00e4\u00e4 varmasti kauan ennen kuin jazz siell\u00e4 j\u00e4lleen soi.<\/h4>\n<p>Legendan mukaan jazz syntyi New Orleansin bordelleissa ja matkusti sielt\u00e4 siipirataslaivoilla Mississippi-jokea pitkin pohjoisen suuriin kaupunkeihin kuten Chicagoon ja New Yorkiin. Kertomus ei ole vailla todellisuuspohjaa, sill\u00e4 New Orleans on aina ollut poikkeuksellinen kaupunki Yhdysvaltojen kaupunkien joukossa. Se kuului pikemminkin Karibian meren alueen ranskalais-espanjalaiseen kulttuuripiiriin kuin pohjoisen angloamerikkalaiseen kulttuuriin. Jazzin syntyaikoina, reilut sata vuotta sitten, kaupunki tulvi musiikkia ja tanssia. Tanssimusiikin rinnalla klassinenkin musiikki kukoisti; kaupungissa oli useita oopperoita ja sinfoniaorkestereja, my\u00f6s mustien Negro Philharmonic Society.<\/p>\n<p>Jazzin syntymisen kannalta erityisen t\u00e4rke\u00e4 oli kaupungin omintakeinen kreoliyhteis\u00f6; kaupungin ranskalaisten ja espanjalaisten syntyper\u00e4st\u00e4\u00e4n ylpe\u00e4t j\u00e4lkel\u00e4iset. Kreolit pitiv\u00e4t kiinni omasta ranskan kielen murteestaan ja vaalivat ranskalaisia tapoja. Oma alakulttuurinsa oli kreolien ja mustien kanssak\u00e4ymisest\u00e4 syntyneet mustat kreolit, jotka koettivat erottautua mustasta alaluokasta sivistyneen el\u00e4m\u00e4n tunnusmerkkin\u00e4 pidetyn musiikin avulla. T\u00e4ss\u00e4 eri sosiaaliryhmien ja kulttuuriharrastusten sulatusuunissa alkoi pikkuhiljaa muotoutua aivan uusi musiikin muoto; jazz.<\/p>\n<p>Kun jazzin historiaa ensimm\u00e4isi\u00e4 kertoja kirjoitettiin, asialla olivat innokkaat fanit, joita l\u00e4hdekritiikki ei kiinnostanut. N\u00e4in monet my\u00f6hemm\u00e4t tutkijat joutuivat kyseenalaistamaan aluksi totena pidettyj\u00e4 tarinoita, kuten vaikka ilotalojen asemaa jazzin syntylegendassa. Esimerkiksi ensimm\u00e4inen nimelt\u00e4 tunnettu jazzmuusikko trumpetisti Buddy Bolden ei liene koskaan bordelleissa soittanut. Ilotalot k\u00e4yttiv\u00e4t viihdytt\u00e4jin\u00e4 yksitt\u00e4isi\u00e4 pianisteja tai automaattipianoja ja vain hyvin harvoin isompia yhtyeit\u00e4, jollaisia ensimm\u00e4iset jazzyhtyeet kuitenkin olivat. My\u00f6s itse New Orleansin yksinoikeus jazzin varhaisvaiheisiin on horjunut, sill\u00e4 jazzia ja sen esimuotoja on todellisuudessa soitettu maantieteellisesti paljon laajemmalla alueella, kuten Kansas Cityss\u00e4 ja Kaliforniassa saakka.<\/p>\n<p>New Orleansin suurta merkityst\u00e4 jazzin historiassa ei voida kuitenkaan kielt\u00e4\u00e4, sill\u00e4 niin lukuisat muusikot ovat sen muistelmissaan vahvistaneet. New Orleans on Louis Armstrongin, Jelly Roll Mortonin ja muiden varhaisen jazzin klassikkojen kotikaupunki. Maailman ensimm\u00e4iset jazzlevyt levytti neworleansilainen Original Dixie Jazz Band vuonna 1917. New Orleans on viel\u00e4 monen muun afroamerikkalaisen musiikinmuodon, kuten bluesin, cajunin ja zydecon, keskus, joten musiikinyst\u00e4v\u00e4t eri puolilla maailmaa toivovat kaupungin ja sen kulttuuriel\u00e4m\u00e4n elpymist\u00e4.<\/p>\n<p><em>18.9.2005<\/em><\/p>\n","protected":false},"excerpt":{"rendered":"<p>Hirmumyrsky Katrina j\u00e4tti j\u00e4lkeens\u00e4 valtavasti tuhoa, nyt viel\u00e4 tuntemattoman m\u00e4\u00e4r\u00e4n menetettyj\u00e4 ihmishenki\u00e4 ja suunnattomat aineelliset vahingot. Tuhojen laajuuden pikkuhiljaa paljastuessa huolta on alettu kantaa my\u00f6s niist\u00e4 henkisist\u00e4 menetyksist\u00e4, jotka myrsky aiheutti jazzin kehtona tunnetuksi tulleelle vanhalle kulttuurikaupungille. Vaikka kaupungin vanha osa, French Quartier, n\u00e4ytt\u00e4\u00e4 selvinneen kaikkein v\u00e4himmin vaurioin, kest\u00e4\u00e4 varmasti kauan ennen kuin jazz siell\u00e4 [&hellip;]<\/p>\n","protected":false},"author":1,"featured_media":0,"parent":308,"menu_order":0,"comment_status":"open","ping_status":"open","template":"onecolumn-page.php","meta":{"ngg_post_thumbnail":0,"footnotes":""},"class_list":["post-324","page","type-page","status-publish","hentry"],"jetpack_likes_enabled":false,"jetpack_sharing_enabled":true,"_links":{"self":[{"href":"https:\/\/www.valonkuvia.fi\/blogi\/wp-json\/wp\/v2\/pages\/324","targetHints":{"allow":["GET"]}}],"collection":[{"href":"https:\/\/www.valonkuvia.fi\/blogi\/wp-json\/wp\/v2\/pages"}],"about":[{"href":"https:\/\/www.valonkuvia.fi\/blogi\/wp-json\/wp\/v2\/types\/page"}],"author":[{"embeddable":true,"href":"https:\/\/www.valonkuvia.fi\/blogi\/wp-json\/wp\/v2\/users\/1"}],"replies":[{"embeddable":true,"href":"https:\/\/www.valonkuvia.fi\/blogi\/wp-json\/wp\/v2\/comments?post=324"}],"version-history":[{"count":2,"href":"https:\/\/www.valonkuvia.fi\/blogi\/wp-json\/wp\/v2\/pages\/324\/revisions"}],"predecessor-version":[{"id":326,"href":"https:\/\/www.valonkuvia.fi\/blogi\/wp-json\/wp\/v2\/pages\/324\/revisions\/326"}],"up":[{"embeddable":true,"href":"https:\/\/www.valonkuvia.fi\/blogi\/wp-json\/wp\/v2\/pages\/308"}],"wp:attachment":[{"href":"https:\/\/www.valonkuvia.fi\/blogi\/wp-json\/wp\/v2\/media?parent=324"}],"curies":[{"name":"wp","href":"https:\/\/api.w.org\/{rel}","templated":true}]}}