{"id":348,"date":"2011-07-13T17:15:23","date_gmt":"2011-07-13T14:15:23","guid":{"rendered":"http:\/\/www.valonkuvia.fi\/blogi\/?page_id=348"},"modified":"2011-07-13T17:32:43","modified_gmt":"2011-07-13T14:32:43","slug":"2006-2","status":"publish","type":"page","link":"https:\/\/www.valonkuvia.fi\/blogi\/jazzjutut\/2006-2\/","title":{"rendered":"2006"},"content":{"rendered":"<p><a href=\"http:\/\/www.valonkuvia.fi\/blogi\/?page_id=350\" title=\"Minun \u00e4\u00e4neni\">Minun \u00e4\u00e4neni<\/a>; Thomas Quasthoffin muistelmat<\/p>\n<p><a href=\"http:\/\/www.valonkuvia.fi\/blogi\/?page_id=353\" title=\"Balladia makuuhuoneeseen\">Balladia makuuhuoneeseen<\/a>; balladijazzia<\/p>\n<p><a href=\"http:\/\/www.valonkuvia.fi\/blogi\/?page_id=355\" title=\"Mustaa musiikkia natsi- ja sovjettiaikaan\">Mustaa musiikkia natsi- ja sovjettiaikaan<\/a>; Eddie Rosnerin tarina<\/p>\n<p><a href=\"http:\/\/www.valonkuvia.fi\/blogi\/?page_id=358\" title=\"Vinyylin l\u00e4mmin \u00e4\u00e4ni\">Vinyylin l\u00e4mmin \u00e4\u00e4ni<\/a>; LP-levy ei unohdu<\/p>\n<p><a href=\"http:\/\/www.valonkuvia.fi\/blogi\/?page_id=361\" title=\"Valokuvista jazzs\u00e4vellyksi\u00e4\">Valokuvista jazzs\u00e4vellyksi\u00e4<\/a>; Guy Le Querrec &#038; jazzmuusikot<\/p>\n<p><a href=\"http:\/\/www.valonkuvia.fi\/blogi\/?page_id=365\" title=\"Vuoden jazzel\u00e4myksi\u00e4\">Vuoden jazzel\u00e4myksi\u00e4<\/a>; kooste vuoden levyist\u00e4<\/p>\n","protected":false},"excerpt":{"rendered":"<p>Minun \u00e4\u00e4neni; Thomas Quasthoffin muistelmat Balladia makuuhuoneeseen; balladijazzia Mustaa musiikkia natsi- ja sovjettiaikaan; Eddie Rosnerin tarina Vinyylin l\u00e4mmin \u00e4\u00e4ni; LP-levy ei unohdu Valokuvista jazzs\u00e4vellyksi\u00e4; Guy Le Querrec &#038; jazzmuusikot Vuoden jazzel\u00e4myksi\u00e4; kooste vuoden levyist\u00e4<\/p>\n","protected":false},"author":1,"featured_media":0,"parent":116,"menu_order":0,"comment_status":"open","ping_status":"open","template":"onecolumn-page.php","meta":{"ngg_post_thumbnail":0,"footnotes":""},"class_list":["post-348","page","type-page","status-publish","hentry"],"jetpack_likes_enabled":false,"jetpack_sharing_enabled":true,"_links":{"self":[{"href":"https:\/\/www.valonkuvia.fi\/blogi\/wp-json\/wp\/v2\/pages\/348","targetHints":{"allow":["GET"]}}],"collection":[{"href":"https:\/\/www.valonkuvia.fi\/blogi\/wp-json\/wp\/v2\/pages"}],"about":[{"href":"https:\/\/www.valonkuvia.fi\/blogi\/wp-json\/wp\/v2\/types\/page"}],"author":[{"embeddable":true,"href":"https:\/\/www.valonkuvia.fi\/blogi\/wp-json\/wp\/v2\/users\/1"}],"replies":[{"embeddable":true,"href":"https:\/\/www.valonkuvia.fi\/blogi\/wp-json\/wp\/v2\/comments?post=348"}],"version-history":[{"count":4,"href":"https:\/\/www.valonkuvia.fi\/blogi\/wp-json\/wp\/v2\/pages\/348\/revisions"}],"predecessor-version":[{"id":370,"href":"https:\/\/www.valonkuvia.fi\/blogi\/wp-json\/wp\/v2\/pages\/348\/revisions\/370"}],"up":[{"embeddable":true,"href":"https:\/\/www.valonkuvia.fi\/blogi\/wp-json\/wp\/v2\/pages\/116"}],"wp:attachment":[{"href":"https:\/\/www.valonkuvia.fi\/blogi\/wp-json\/wp\/v2\/media?parent=348"}],"curies":[{"name":"wp","href":"https:\/\/api.w.org\/{rel}","templated":true}]}}