{"id":355,"date":"2011-07-13T17:20:15","date_gmt":"2011-07-13T14:20:15","guid":{"rendered":"http:\/\/www.valonkuvia.fi\/blogi\/?page_id=355"},"modified":"2011-07-13T17:21:16","modified_gmt":"2011-07-13T14:21:16","slug":"mustaa-musiikkia-natsi-ja-sovjettiaikaan","status":"publish","type":"page","link":"https:\/\/www.valonkuvia.fi\/blogi\/jazzjutut\/2006-2\/mustaa-musiikkia-natsi-ja-sovjettiaikaan\/","title":{"rendered":"Mustaa musiikkia natsi- ja sovjettiaikaan"},"content":{"rendered":"<p>Jazzmuusikoiden el\u00e4m\u00e4nvaiheista kerrotaan usein hyvin v\u00e4rikk\u00e4it\u00e4 tarinoita, joista saksalaisen Eddie Rosnerin tarina on er\u00e4s v\u00e4rikk\u00e4immist\u00e4. Berliiniss\u00e4 juutalaisen suutarin perheeseen vuonna 1910 syntynyt Rosner oli musiikin ihmelapsi, joka aloitti soittamisen klassisesti viululla. Rosner kiinnostui pian jazzista, vaihtoi instrumenttia ja p\u00e4\u00e4si trumpetistiksi kaupungin parhaisiin jazzyhtyeisiin. Hitlerin noustua valtaan k\u00e4vi mustien musiikkia soittavan juutalaisen asema kest\u00e4m\u00e4tt\u00f6m\u00e4ksi ja Rosnerin oli pakko muuttaa kotimaastaan. H\u00e4n asettui ty\u00f6skentelem\u00e4\u00e4n Varsovaan ja perusti suosituksi tulleen yhtyeen.<\/p>\n<p>Aito amerikkalainen jazz kiinnosti Rosneria kovasti ja h\u00e4n solmi l\u00e4heisi\u00e4 yhteyksi\u00e4 amerikkalaisiin muusikoihin. H\u00e4n oli esimerkiksi kirjeenvaihdossa rumpali Gene Krupan kanssa ja soitti jameissa kilpaa itsens\u00e4 Louis Armstrongin kanssa. Jamien j\u00e4lkeen tyytyv\u00e4iset trumpetistit vaihtoivat valokuvia. Satchmo kirjoitti kuvaansa omistuskirjoitukseksi &#8221;Valkoiselle Louis Armstrongille&#8221; ja Rosner vastasi omistamalla oman kuvansa itsetietoisella tekstill\u00e4: &#8221;Mustalle Eddie Rosnerille&#8221;.<\/p>\n<p>Amerikan yhteyksist\u00e4\u00e4n huolimatta Rosner p\u00e4\u00e4tti sodanuhasta piittaamatta pysy\u00e4 Euroopassa. Niinp\u00e4 kun Saksa hy\u00f6kk\u00e4si Puolaan, Rosner ei en\u00e4\u00e4 ehtinyt paeta l\u00e4nteen, vaan h\u00e4nen oli pakko siirty\u00e4 yhtyeineen Neuvostoliiton valtaamalle alueelle Lvovin kaupunkiin. Neuvostoliitto ei ollut viel\u00e4 vakiinnuttanut siell\u00e4 stalinistista kulttuuripolitiikkaansa ja Rosner saattoi jatkaa orkesterinsa toimintaa. Jazzia ihaileva Valko-Ven\u00e4j\u00e4n puoluejohtaja Ponomarenko otti yhtyeen suojelukseensa ja teki siit\u00e4 Valko-Ven\u00e4j\u00e4n neuvostotasavallan valtiollisen jazzorkesterin.<\/p>\n<p>Ponomarenkon avulla Rosner p\u00e4\u00e4si radioon, levytti musiikkiaan ja ylsi sadantuhannen ruplan vuosituloihin, kun tavallinen ty\u00f6v\u00e4ki tienasi samassa ajassa vain 1500 ruplaa. Ponomarenko j\u00e4rjesti my\u00f6s yhtyeen erikoisimman keikan tarkasti vartioidulle datshalle Mustanmeren rannalla. Ylellisell\u00e4 huvilalla oli konserttisali, jonka aavemaisen tyhj\u00e4lle katsomolle orkesteri soitti t\u00e4yden kaksituntisen konsertin. Seuraavana p\u00e4iv\u00e4n\u00e4 Ponomarenko ilmoitti, ett\u00e4 Stalin oli ollut kuulemaansa tyytyv\u00e4inen.<\/p>\n<p>Sodan j\u00e4lkeen Stalin vainoharhoissaan tiukensi otetta kaikesta ep\u00e4ilytt\u00e4v\u00e4n\u00e4 pit\u00e4m\u00e4st\u00e4\u00e4n ja jazzmuusikot huomasivat sodanaikaisen vapautensa menneen. Rosner vangittiin ja passitettiin Siperiaan. Rosner l\u00f6ysi vankileirin johdosta musiikkia ymm\u00e4rt\u00e4v\u00e4n tukijan ja sai luvan koota muista vangituista muusikoista yhtyeen, joka konsertoi ymp\u00e4ri vankileirien saaristoa.<\/p>\n<p>Stalinin kuoleman j\u00e4lkeen Rosner p\u00e4\u00e4si takaisin Moskovaan ja perusti j\u00e4lleen uuden yhtyeen. Per\u00e4ti 64-miehiseksi kasvaneesta varieteeorkesterista tuli er\u00e4s Neuvostoliiton suosituimmista, mutta Rosner oli jo menett\u00e4nyt halun tehd\u00e4 musiikkia. H\u00e4n alkoi hakea viisumia p\u00e4\u00e4st\u00e4kseen takaisin l\u00e4nteen. Kahdeksankymmenen turhan hakemuksen j\u00e4lkeen Rosner k\u00e4ytti hyv\u00e4kseen presidentti Nixonin Moskovan vierailua, livahti amerikkalaiseksi turistiksi pukeutuneena USA:n l\u00e4hetyst\u00f6\u00f6n ja sai luvan poistua maasta. Rosner muutti kotikaupunkiinsa Berliiniin, luopui musiikista ja kuoli unohduksiin j\u00e4\u00e4neen\u00e4 vuonna 1976.<\/p>\n<p><em>L\u00e4hde:<\/em> Starr: Red &amp; Hot. The Fate of Jazz in The Soviet Union.<\/p>\n<p><em>30.4.2006<\/em><\/p>\n","protected":false},"excerpt":{"rendered":"<p>Jazzmuusikoiden el\u00e4m\u00e4nvaiheista kerrotaan usein hyvin v\u00e4rikk\u00e4it\u00e4 tarinoita, joista saksalaisen Eddie Rosnerin tarina on er\u00e4s v\u00e4rikk\u00e4immist\u00e4. Berliiniss\u00e4 juutalaisen suutarin perheeseen vuonna 1910 syntynyt Rosner oli musiikin ihmelapsi, joka aloitti soittamisen klassisesti viululla. Rosner kiinnostui pian jazzista, vaihtoi instrumenttia ja p\u00e4\u00e4si trumpetistiksi kaupungin parhaisiin jazzyhtyeisiin. Hitlerin noustua valtaan k\u00e4vi mustien musiikkia soittavan juutalaisen asema kest\u00e4m\u00e4tt\u00f6m\u00e4ksi ja Rosnerin [&hellip;]<\/p>\n","protected":false},"author":1,"featured_media":0,"parent":348,"menu_order":0,"comment_status":"open","ping_status":"open","template":"onecolumn-page.php","meta":{"ngg_post_thumbnail":0,"footnotes":""},"class_list":["post-355","page","type-page","status-publish","hentry"],"jetpack_likes_enabled":false,"jetpack_sharing_enabled":true,"_links":{"self":[{"href":"https:\/\/www.valonkuvia.fi\/blogi\/wp-json\/wp\/v2\/pages\/355","targetHints":{"allow":["GET"]}}],"collection":[{"href":"https:\/\/www.valonkuvia.fi\/blogi\/wp-json\/wp\/v2\/pages"}],"about":[{"href":"https:\/\/www.valonkuvia.fi\/blogi\/wp-json\/wp\/v2\/types\/page"}],"author":[{"embeddable":true,"href":"https:\/\/www.valonkuvia.fi\/blogi\/wp-json\/wp\/v2\/users\/1"}],"replies":[{"embeddable":true,"href":"https:\/\/www.valonkuvia.fi\/blogi\/wp-json\/wp\/v2\/comments?post=355"}],"version-history":[{"count":2,"href":"https:\/\/www.valonkuvia.fi\/blogi\/wp-json\/wp\/v2\/pages\/355\/revisions"}],"predecessor-version":[{"id":357,"href":"https:\/\/www.valonkuvia.fi\/blogi\/wp-json\/wp\/v2\/pages\/355\/revisions\/357"}],"up":[{"embeddable":true,"href":"https:\/\/www.valonkuvia.fi\/blogi\/wp-json\/wp\/v2\/pages\/348"}],"wp:attachment":[{"href":"https:\/\/www.valonkuvia.fi\/blogi\/wp-json\/wp\/v2\/media?parent=355"}],"curies":[{"name":"wp","href":"https:\/\/api.w.org\/{rel}","templated":true}]}}