{"id":358,"date":"2011-07-13T17:22:30","date_gmt":"2011-07-13T14:22:30","guid":{"rendered":"http:\/\/www.valonkuvia.fi\/blogi\/?page_id=358"},"modified":"2011-07-13T17:22:30","modified_gmt":"2011-07-13T14:22:30","slug":"vinyylin-lammin-aani","status":"publish","type":"page","link":"https:\/\/www.valonkuvia.fi\/blogi\/jazzjutut\/2006-2\/vinyylin-lammin-aani\/","title":{"rendered":"Vinyylin l\u00e4mmin \u00e4\u00e4ni"},"content":{"rendered":"<h4>Palasin viime viikonloppuna pitk\u00e4st\u00e4 aikaa vanhojen lp-levyjeni pariin, joita on levyhyllyss\u00e4ni tallessa viel\u00e4 pari metri\u00e4, vaikka en ole uusia en\u00e4\u00e4 vuosikausiin hankkinut. Parikymment\u00e4 vuotta sitten ostamiani levyj\u00e4 selaillessani mieleen nousi nostalgisia muistoja opiskeluvuosilta ja jazzharrastukseni alusta.<\/h4>\n<p>Muistelua helpotti, ett\u00e4 minulla oli tuolloin tapana kirjoittaa levykanteen nimikirjoitus, p\u00e4iv\u00e4m\u00e4\u00e4r\u00e4 ja joskus my\u00f6s lyhyt muistiinpano ostotilanteesta. Levyn ostaminen taisi olla opiskelijan el\u00e4m\u00e4ss\u00e4 tapaus, sill\u00e4 my\u00f6hemmin kansissa ei en\u00e4\u00e4 ole sen paremmin nimikirjoitusta kuin kommenttejakaan.<\/p>\n<p>Muistiinpanot muistuttivat kes\u00e4st\u00e4 1981, jolloin matkustin Inter Rail-lipulla ymp\u00e4ri Eurooppaa. Matkan varrelle osui useita kiinnostavia levykauppoja, mutta koska lp:t olivat hankalia rinkkaan pakattaviksi, j\u00e4iv\u00e4t ostokset matkan loppusuoralle K\u00f6\u00f6penhaminaan.<\/p>\n<p>Sielt\u00e4 l\u00f6ysin mainion levykaupan, jonne sijoitin matkakassani viimeiset rippeet ja ostin Sonny Rollinsin ja Charles Mingusin kaltaisia klassikoita. Onneksi \u00e4lysin valita my\u00f6s liian tuntemattomaksi j\u00e4\u00e4neen saksofonisti Billy Harperin hienon levyn &#8221;Black Saint&#8221;, joka oli italialaisen Black Saint-levymerkin ensimm\u00e4inen julkaisu. Kannoin rinkassani siis jazzin historiaa monella tasolla.<\/p>\n<p>Pari vuotta aikaisemmin maaliskuussa 1979 olin hemmotellut itse\u00e4ni hyv\u00e4n tenttimenestyksen johdosta ja ostanut norjalaisen basistin Arild Andersenin levyn &#8221;Shimri&#8221;. Tuolloin Andersenin yhtyeess\u00e4 soitti my\u00f6s saksofonisti Juhani Aaltonen. T\u00e4m\u00e4 kaunis levy on Aaltosen vahva esitys ja se odottaa viel\u00e4 julkaisemistaan cd:ll\u00e4.<\/p>\n<p>Seuraavana syksyn\u00e4 tein Anttilan levy-alesta l\u00f6yd\u00f6n hintaan 19,19 markkaa; pianisti Cecil Taylor vuonna 1964 K\u00f6\u00f6penhaminan kuulussa Caf\u00e9 Monmartressa \u00e4\u00e4nitt\u00e4m\u00e4n levyn &#8221;Nefertiti, The Beautiful One Has Come&#8221;. Avautuvakantisen tuplalevyn vapaa musiikki j\u00e4i minulle silloin arvoitukseksi, mutta my\u00f6hemmin olen koettanut l\u00e4hesty\u00e4 Taylorin musiikkia, joka on vaativinta kuultavaa, mit\u00e4 jazzilla on tarjottavana.<\/p>\n<p>Vanhoja muistellessani ihastuin vinyylilevyihin j\u00e4lleen kerran. Niit\u00e4 t\u00e4ytyy k\u00e4sitell\u00e4 varoen, jo levyn asettaminen levylautaselle on harras toimitus. Levyn \u00e4\u00e4ni on l\u00e4mmin ja neulan rahina pikku napsahduksineen luo oman tunnelmansa. Vaikka monet levy-yhti\u00f6t ovat jo luopuneet tyls\u00e4n muovisista cd-koteloista ja panostaneet pahvisten kansien graafiseen ilmeeseen, on lp:n suurikokoinen kansi esineen\u00e4 omaa luokkaansa. Cd:lle tallennetaan usein yli 70 minuuttia musiikkia, mik\u00e4 on yleens\u00e4 liikaa, jotta levyn jaksaisi yhdelt\u00e4 istumalta kuunnella. Lp:n yhden puolen tarkkaavainen kuunteleminen sujuu kyll\u00e4 helposti.<\/p>\n<p>Suurin osa jazzistani on nyky\u00e4\u00e4n toki cd:ll\u00e4, osa siis lp-levyill\u00e4 ja osa my\u00f6s tietokoneessa mp3-tiedostoina; vain c-kasetit ovat joutaneet kokonaan roskiin. Lp-levyiss\u00e4 on paljon sellaista ainutlaatuista tunnetta, jota tuskin koskaan voi liitty\u00e4 musiikkitiedostoihin. On kyseenalaista, voiko mp3-musiikkia edes toistaa kahdenkymmenen vuoden kuluttua. Lp-levyj\u00e4 ymm\u00e4rt\u00e4v\u00e4t soittimet ovat silloinkin varmasti viel\u00e4 olemassa.<\/p>\n<p><em>29.10.2006<\/em><\/p>\n","protected":false},"excerpt":{"rendered":"<p>Palasin viime viikonloppuna pitk\u00e4st\u00e4 aikaa vanhojen lp-levyjeni pariin, joita on levyhyllyss\u00e4ni tallessa viel\u00e4 pari metri\u00e4, vaikka en ole uusia en\u00e4\u00e4 vuosikausiin hankkinut. Parikymment\u00e4 vuotta sitten ostamiani levyj\u00e4 selaillessani mieleen nousi nostalgisia muistoja opiskeluvuosilta ja jazzharrastukseni alusta. Muistelua helpotti, ett\u00e4 minulla oli tuolloin tapana kirjoittaa levykanteen nimikirjoitus, p\u00e4iv\u00e4m\u00e4\u00e4r\u00e4 ja joskus my\u00f6s lyhyt muistiinpano ostotilanteesta. Levyn ostaminen [&hellip;]<\/p>\n","protected":false},"author":1,"featured_media":0,"parent":348,"menu_order":0,"comment_status":"open","ping_status":"open","template":"onecolumn-page.php","meta":{"ngg_post_thumbnail":0,"footnotes":""},"class_list":["post-358","page","type-page","status-publish","hentry"],"jetpack_likes_enabled":false,"jetpack_sharing_enabled":true,"_links":{"self":[{"href":"https:\/\/www.valonkuvia.fi\/blogi\/wp-json\/wp\/v2\/pages\/358","targetHints":{"allow":["GET"]}}],"collection":[{"href":"https:\/\/www.valonkuvia.fi\/blogi\/wp-json\/wp\/v2\/pages"}],"about":[{"href":"https:\/\/www.valonkuvia.fi\/blogi\/wp-json\/wp\/v2\/types\/page"}],"author":[{"embeddable":true,"href":"https:\/\/www.valonkuvia.fi\/blogi\/wp-json\/wp\/v2\/users\/1"}],"replies":[{"embeddable":true,"href":"https:\/\/www.valonkuvia.fi\/blogi\/wp-json\/wp\/v2\/comments?post=358"}],"version-history":[{"count":2,"href":"https:\/\/www.valonkuvia.fi\/blogi\/wp-json\/wp\/v2\/pages\/358\/revisions"}],"predecessor-version":[{"id":360,"href":"https:\/\/www.valonkuvia.fi\/blogi\/wp-json\/wp\/v2\/pages\/358\/revisions\/360"}],"up":[{"embeddable":true,"href":"https:\/\/www.valonkuvia.fi\/blogi\/wp-json\/wp\/v2\/pages\/348"}],"wp:attachment":[{"href":"https:\/\/www.valonkuvia.fi\/blogi\/wp-json\/wp\/v2\/media?parent=358"}],"curies":[{"name":"wp","href":"https:\/\/api.w.org\/{rel}","templated":true}]}}