{"id":3790,"date":"2012-08-29T23:02:44","date_gmt":"2012-08-29T20:02:44","guid":{"rendered":"http:\/\/www.valonkuvia.fi\/blogi\/?page_id=3790"},"modified":"2012-08-30T22:30:56","modified_gmt":"2012-08-30T19:30:56","slug":"tonu-naissoo-you-stepped-out-of-a-dream","status":"publish","type":"page","link":"https:\/\/www.valonkuvia.fi\/blogi\/jazzjutut\/levyarvioita-m-p\/tonu-naissoo-you-stepped-out-of-a-dream\/","title":{"rendered":"T\u00f5nu Naissoo: You Stepped Out of a Dream"},"content":{"rendered":"<p>Virolainen pianisti T\u00f5nu Naissoo on ilmiselv\u00e4sti pyrkinyt tallentamaan uudelle levylleen herk\u00e4n balladitunnelman. Ohjelmistossa on l\u00e4hes pelk\u00e4st\u00e4\u00e4n balladeja; tunnettuja jazzstandardeja, yksi klassikko mieheen niin Jimi Hendrixilt\u00e4 kuin Bob Dylaniltakin (&#8221;Angel&#8221; ja &#8221;Lay Lady Lay&#8221;) sek\u00e4 pari omaa kauniin melodista s\u00e4vellyst\u00e4. Naissoon kevyt kosketus ja Krokforsin tutusti jylh\u00e4 ja syv\u00e4, koko levy\u00e4 kannatteleva, basson sointi tukevat nekin onnistuneesti mietteli\u00e4st\u00e4 tunnelmaa. Amerikkalaisen rumpalin Brian Melvinin rumpalointi on v\u00e4h\u00e4eleist\u00e4 ja periaatteessa linjassa levyn tavoitteiden kanssa, mutta jotenkin h\u00e4nen soittonsa ei tunnu istuvan kodikkaasti kokonaisuuteen. Ehk\u00e4p\u00e4 koko yhtye ei ollut tarpeeksi yhteen hitsautunut ja sin\u00e4ns\u00e4 oikeat palaset eiv\u00e4t loksahdakaan paikalleen. &#8221;You Stepped Out of a Dream&#8221; on hieno n\u00e4ytt\u00e4 Naissoon pianistinkyvyist\u00e4, mutta levy ei kokonaisuutena syty sellaiseen keskittyneeseen hehkuun, mit\u00e4 t\u00e4ysin onnistunut balladilevy edellytt\u00e4isi.<\/p>\n<p><strong>T\u00f5nu Naissoo<\/strong>: You Stepped Out of a Dream (Haakrik Records)<br \/>\n<em>T\u00f5nu Naissoo; piano, Uffe Krokfors; basso, Brian Melvin; rummut<\/em><\/p>\n<p>22.1.2006<\/p>\n","protected":false},"excerpt":{"rendered":"<p>Virolainen pianisti T\u00f5nu Naissoo on ilmiselv\u00e4sti pyrkinyt tallentamaan uudelle levylleen herk\u00e4n balladitunnelman. Ohjelmistossa on l\u00e4hes pelk\u00e4st\u00e4\u00e4n balladeja; tunnettuja jazzstandardeja, yksi klassikko mieheen niin Jimi Hendrixilt\u00e4 kuin Bob Dylaniltakin (&#8221;Angel&#8221; ja &#8221;Lay Lady Lay&#8221;) sek\u00e4 pari omaa kauniin melodista s\u00e4vellyst\u00e4. Naissoon kevyt kosketus ja Krokforsin tutusti jylh\u00e4 ja syv\u00e4, koko levy\u00e4 kannatteleva, basson sointi tukevat nekin [&hellip;]<\/p>\n","protected":false},"author":1,"featured_media":0,"parent":1905,"menu_order":10,"comment_status":"open","ping_status":"closed","template":"onecolumn-page.php","meta":{"ngg_post_thumbnail":0,"footnotes":""},"class_list":["post-3790","page","type-page","status-publish","hentry"],"jetpack_likes_enabled":false,"jetpack_sharing_enabled":true,"_links":{"self":[{"href":"https:\/\/www.valonkuvia.fi\/blogi\/wp-json\/wp\/v2\/pages\/3790","targetHints":{"allow":["GET"]}}],"collection":[{"href":"https:\/\/www.valonkuvia.fi\/blogi\/wp-json\/wp\/v2\/pages"}],"about":[{"href":"https:\/\/www.valonkuvia.fi\/blogi\/wp-json\/wp\/v2\/types\/page"}],"author":[{"embeddable":true,"href":"https:\/\/www.valonkuvia.fi\/blogi\/wp-json\/wp\/v2\/users\/1"}],"replies":[{"embeddable":true,"href":"https:\/\/www.valonkuvia.fi\/blogi\/wp-json\/wp\/v2\/comments?post=3790"}],"version-history":[{"count":4,"href":"https:\/\/www.valonkuvia.fi\/blogi\/wp-json\/wp\/v2\/pages\/3790\/revisions"}],"predecessor-version":[{"id":3845,"href":"https:\/\/www.valonkuvia.fi\/blogi\/wp-json\/wp\/v2\/pages\/3790\/revisions\/3845"}],"up":[{"embeddable":true,"href":"https:\/\/www.valonkuvia.fi\/blogi\/wp-json\/wp\/v2\/pages\/1905"}],"wp:attachment":[{"href":"https:\/\/www.valonkuvia.fi\/blogi\/wp-json\/wp\/v2\/media?parent=3790"}],"curies":[{"name":"wp","href":"https:\/\/api.w.org\/{rel}","templated":true}]}}