{"id":3802,"date":"2012-08-29T23:11:02","date_gmt":"2012-08-29T20:11:02","guid":{"rendered":"http:\/\/www.valonkuvia.fi\/blogi\/?page_id=3802"},"modified":"2012-08-30T22:30:43","modified_gmt":"2012-08-30T19:30:43","slug":"nordic-trinity-wonders-never-cease","status":"publish","type":"page","link":"https:\/\/www.valonkuvia.fi\/blogi\/jazzjutut\/levyarvioita-m-p\/nordic-trinity-wonders-never-cease\/","title":{"rendered":"Nordic Trinity: Wonders Never Cease"},"content":{"rendered":"<p>Juhani Aaltonen on t\u00e4t\u00e4 nyky\u00e4 niin hyv\u00e4ss\u00e4 luomisvireess\u00e4 ja h\u00e4nen yht\u00e4 aikaa lyyrinen ja intensiivinen versionsa free jazzista on niin omaper\u00e4inen, ett\u00e4 h\u00e4nen soittoaan ei tule levyill\u00e4 julki lainkaan liikaa. Niinp\u00e4 on vain ilahduttavaa, ett\u00e4 pian Aaltosen oman triolevyn j\u00e4lkeen tarjolle ilmestyi my\u00f6s Nordic Trinity-trion levy &#8221;Wonders Never Cease&#8221;. \u00c4skett\u00e4in Suomen Jazzliiton kiertueella kiert\u00e4neess\u00e4 triossa soittavat Aaltosen lis\u00e4ksi vapaasti kelluvia kitarasointeja viljelev\u00e4 Mikko Iivanainen ja rumpujensa sointiv\u00e4rej\u00e4 taitavasti hy\u00f6dynt\u00e4v\u00e4 Klaus Suonsaari.<\/p>\n<p>Tenorisaksofonin, kitaran ja rumpujen ilmava yhteissoundi sopii mainiosti yhteen trion balladivoittoisen ohjelmiston kanssa. Huolellisesti ty\u00f6stetyn levyn kohokohtia ovat melodisesta mietiskelyst\u00e4 pikkuhiljaa intensiivisemm\u00e4ksi kasvava nimikappale, kompaktit free jazz-kieputukset &#8221;Autumn Dance&#8221; ja &#8221;Snarling Dogs&#8221; sek\u00e4 muodoltaan hallittu, moniulotteinen &#8221;Noble\u00b4s Dream&#8221;. My\u00f6s levyn lainakappaleet toimivat mainiosti; Aaltosen tenori tuhisee Ben Websterin malliin Thad Jonesin herk\u00e4ll\u00e4 jazzballadilla &#8221;All My Yesterdays&#8221; ja Tapio Rautavaaran klassinen lastenlaulu &#8221;Sininen uni&#8221; kest\u00e4\u00e4 yll\u00e4tt\u00e4v\u00e4n hyvin osakseen saamansa pura-ja-kokoa-k\u00e4sittelyn. <\/p>\n<p>Nordic Trinity osoittautuu esikoislevyll\u00e4\u00e4n eritt\u00e4in mielenkiintoiseksi yhtyeeksi, jonka ty\u00f6skentelyst\u00e4 v\u00e4littyy toimiva keskin\u00e4inen vuorovaikutus. Kuuntelevasta yhteispelist\u00e4 huolimatta on kuitenkin selv\u00e4\u00e4, ett\u00e4 nimenomaan Juhani Aaltonen tenorisaksofoneineen on t\u00e4m\u00e4n pohjoisen kolminaisuuden is\u00e4 ja keskushahmo.<\/p>\n<p><strong>Nordic Trinity<\/strong>: Wonders Never Cease (KSJazz)<\/p>\n<p><em>Juhani Aaltonen; tenorisaksofoni, Mikko Iivanainen; kitara, Klaus Suonsaari; rummut<\/em><\/p>\n<p>1.4.2006<\/p>\n","protected":false},"excerpt":{"rendered":"<p>Juhani Aaltonen on t\u00e4t\u00e4 nyky\u00e4 niin hyv\u00e4ss\u00e4 luomisvireess\u00e4 ja h\u00e4nen yht\u00e4 aikaa lyyrinen ja intensiivinen versionsa free jazzista on niin omaper\u00e4inen, ett\u00e4 h\u00e4nen soittoaan ei tule levyill\u00e4 julki lainkaan liikaa. Niinp\u00e4 on vain ilahduttavaa, ett\u00e4 pian Aaltosen oman triolevyn j\u00e4lkeen tarjolle ilmestyi my\u00f6s Nordic Trinity-trion levy &#8221;Wonders Never Cease&#8221;. \u00c4skett\u00e4in Suomen Jazzliiton kiertueella kiert\u00e4neess\u00e4 triossa [&hellip;]<\/p>\n","protected":false},"author":1,"featured_media":0,"parent":1905,"menu_order":14,"comment_status":"open","ping_status":"closed","template":"onecolumn-page.php","meta":{"ngg_post_thumbnail":0,"footnotes":""},"class_list":["post-3802","page","type-page","status-publish","hentry"],"jetpack_likes_enabled":false,"jetpack_sharing_enabled":true,"_links":{"self":[{"href":"https:\/\/www.valonkuvia.fi\/blogi\/wp-json\/wp\/v2\/pages\/3802","targetHints":{"allow":["GET"]}}],"collection":[{"href":"https:\/\/www.valonkuvia.fi\/blogi\/wp-json\/wp\/v2\/pages"}],"about":[{"href":"https:\/\/www.valonkuvia.fi\/blogi\/wp-json\/wp\/v2\/types\/page"}],"author":[{"embeddable":true,"href":"https:\/\/www.valonkuvia.fi\/blogi\/wp-json\/wp\/v2\/users\/1"}],"replies":[{"embeddable":true,"href":"https:\/\/www.valonkuvia.fi\/blogi\/wp-json\/wp\/v2\/comments?post=3802"}],"version-history":[{"count":3,"href":"https:\/\/www.valonkuvia.fi\/blogi\/wp-json\/wp\/v2\/pages\/3802\/revisions"}],"predecessor-version":[{"id":3843,"href":"https:\/\/www.valonkuvia.fi\/blogi\/wp-json\/wp\/v2\/pages\/3802\/revisions\/3843"}],"up":[{"embeddable":true,"href":"https:\/\/www.valonkuvia.fi\/blogi\/wp-json\/wp\/v2\/pages\/1905"}],"wp:attachment":[{"href":"https:\/\/www.valonkuvia.fi\/blogi\/wp-json\/wp\/v2\/media?parent=3802"}],"curies":[{"name":"wp","href":"https:\/\/api.w.org\/{rel}","templated":true}]}}