{"id":3809,"date":"2012-08-29T23:19:42","date_gmt":"2012-08-29T20:19:42","guid":{"rendered":"http:\/\/www.valonkuvia.fi\/blogi\/?page_id=3809"},"modified":"2012-08-30T22:30:02","modified_gmt":"2012-08-30T19:30:02","slug":"oddarrang-music-illustrated","status":"publish","type":"page","link":"https:\/\/www.valonkuvia.fi\/blogi\/jazzjutut\/levyarvioita-m-p\/oddarrang-music-illustrated\/","title":{"rendered":"Oddarrang: Music Illustrated"},"content":{"rendered":"<p>Vuonna 2003 perustettu Oddarrang on omintakeinen yhtye. Jo sen outo nimi tuntuu viittaavan yhtyeen rumpalin ja ilmeisen johtajan Olavi Louhivuoren s\u00e4velt\u00e4miin jylhiin, usein hieman salaper\u00e4isiin s\u00e4velmaailmoihin. My\u00f6s kvintetin kokoonpano on harvinainen. Ainakaan minun mieleeni ei tule mit\u00e4\u00e4n toista yhtyett\u00e4, jossa pasuunalla ja sellolla olisi yht\u00e4 t\u00e4rke\u00e4 rooli kuin Oddarrangissa.<\/p>\n<p>Viime vuonna ilmestyneell\u00e4 esikoislevyll\u00e4\u00e4n &#8221;Music Illustrated&#8221; Oddarrang pyrkii ilmiselv\u00e4sti luomaan musiikistaan tiiviin ja soundiltaan yhten\u00e4isen kokonaisuuden, jossa perinteisen jazzin niin t\u00e4rke\u00e4n\u00e4 pit\u00e4m\u00e4 jako improvisoiviin solisteihin ja heit\u00e4 s\u00e4est\u00e4v\u00e4\u00e4n komppiin k\u00e4y t\u00e4ysin ep\u00e4olennaiseksi. Vaikka levyn kokonaisuudesta kohoaa paikoitellen esille my\u00f6s solistisia suorituksia, tulkitsee Oddarrang nimenomaan s\u00e4vellyksi\u00e4, joista mieleen j\u00e4\u00e4v\u00e4t vaikkapa klassisen kaunis &#8221;Hetki vailla valoa&#8221;, etnos\u00e4vyinen &#8221;Kuvastin&#8221; sek\u00e4 dramaattinen &#8221;Teema\/Sininen avain&#8221;. <\/p>\n<p>Levyn yleisilmett\u00e4 leimaa varsinkin Ilmari Pohjolan pasuunan ja Osmo Ikosen sellon upean tummas\u00e4vyinen yhteissointi, jota Lasse Sakaran kitaran v\u00e4liin akustisen hele\u00e4t, v\u00e4liin raskaammat s\u00e4hk\u00f6iset kommentit maukkaasti v\u00e4ritt\u00e4v\u00e4t. My\u00f6s Louhivuoren ilmeik\u00e4s ja melodinen ly\u00f6m\u00e4soitinty\u00f6skentely sek\u00e4 Lasse Lindgrenin vakaa basso ovat Oddarrangin soundikudoksen v\u00e4ltt\u00e4m\u00e4tt\u00f6mi\u00e4 osia. <\/p>\n<p>&#8221;Music Illustrated&#8221; on vaikuttavaa musiikkia, jonka yleisilme on ajoittaisista s\u00e4hk\u00f6isist\u00e4 tehoista huolimatta l\u00e4mmin ja kamarimusiikillisen intiimi. <\/p>\n<p><strong>Oddarrang: <\/strong>Music Illustrated (Texicalli)<\/p>\n<p><em>Osmo Ikonen, sello; Ilmari Pohjola, pasuuna; Lasse Sakara, kitara; Lasse Lindgren, basso; Olavi Luohivuori, rummut<\/em><\/p>\n<p>14.1.2007<\/p>\n","protected":false},"excerpt":{"rendered":"<p>Vuonna 2003 perustettu Oddarrang on omintakeinen yhtye. Jo sen outo nimi tuntuu viittaavan yhtyeen rumpalin ja ilmeisen johtajan Olavi Louhivuoren s\u00e4velt\u00e4miin jylhiin, usein hieman salaper\u00e4isiin s\u00e4velmaailmoihin. My\u00f6s kvintetin kokoonpano on harvinainen. Ainakaan minun mieleeni ei tule mit\u00e4\u00e4n toista yhtyett\u00e4, jossa pasuunalla ja sellolla olisi yht\u00e4 t\u00e4rke\u00e4 rooli kuin Oddarrangissa. Viime vuonna ilmestyneell\u00e4 esikoislevyll\u00e4\u00e4n &#8221;Music Illustrated&#8221; [&hellip;]<\/p>\n","protected":false},"author":1,"featured_media":0,"parent":1905,"menu_order":15,"comment_status":"open","ping_status":"open","template":"onecolumn-page.php","meta":{"ngg_post_thumbnail":0,"footnotes":""},"class_list":["post-3809","page","type-page","status-publish","hentry"],"jetpack_likes_enabled":false,"jetpack_sharing_enabled":true,"_links":{"self":[{"href":"https:\/\/www.valonkuvia.fi\/blogi\/wp-json\/wp\/v2\/pages\/3809","targetHints":{"allow":["GET"]}}],"collection":[{"href":"https:\/\/www.valonkuvia.fi\/blogi\/wp-json\/wp\/v2\/pages"}],"about":[{"href":"https:\/\/www.valonkuvia.fi\/blogi\/wp-json\/wp\/v2\/types\/page"}],"author":[{"embeddable":true,"href":"https:\/\/www.valonkuvia.fi\/blogi\/wp-json\/wp\/v2\/users\/1"}],"replies":[{"embeddable":true,"href":"https:\/\/www.valonkuvia.fi\/blogi\/wp-json\/wp\/v2\/comments?post=3809"}],"version-history":[{"count":2,"href":"https:\/\/www.valonkuvia.fi\/blogi\/wp-json\/wp\/v2\/pages\/3809\/revisions"}],"predecessor-version":[{"id":3841,"href":"https:\/\/www.valonkuvia.fi\/blogi\/wp-json\/wp\/v2\/pages\/3809\/revisions\/3841"}],"up":[{"embeddable":true,"href":"https:\/\/www.valonkuvia.fi\/blogi\/wp-json\/wp\/v2\/pages\/1905"}],"wp:attachment":[{"href":"https:\/\/www.valonkuvia.fi\/blogi\/wp-json\/wp\/v2\/media?parent=3809"}],"curies":[{"name":"wp","href":"https:\/\/api.w.org\/{rel}","templated":true}]}}