{"id":3839,"date":"2012-08-30T22:29:24","date_gmt":"2012-08-30T19:29:24","guid":{"rendered":"http:\/\/www.valonkuvia.fi\/blogi\/?page_id=3839"},"modified":"2012-08-30T22:30:26","modified_gmt":"2012-08-30T19:30:26","slug":"giorgio-occhipinti-hereo-nonetto-plus-cellos-sequences-global-music-and-circular-thought","status":"publish","type":"page","link":"https:\/\/www.valonkuvia.fi\/blogi\/jazzjutut\/levyarvioita-m-p\/giorgio-occhipinti-hereo-nonetto-plus-cellos-sequences-global-music-and-circular-thought\/","title":{"rendered":"Giorgio Occhipinti Hereo Nonetto plus Cellos Sequences: Global Music and Circular Thought."},"content":{"rendered":"<p>Italialainen s\u00e4velt\u00e4j\u00e4 Giorgio Occhipinti k\u00e4ytt\u00e4\u00e4 uudella levytyksell\u00e4\u00e4n klassisen musiikin vaikutteita oman musiikkinsa rakennuspuina. S\u00e4vellyksen nimi muistuttaa klassista tapaa nimet\u00e4 teoksia ja jousisoittimet s\u00e4vytt\u00e4v\u00e4t kokonaissointia. Levyn nelj\u00e4 lyhytt\u00e4 v\u00e4lisoittoa, sellosekvenssit kahdelle sellolle (Sequences for Cellos), ovat selke\u00e4sti kaunista kamarimusiikkia. Nelj\u00e4 pitk\u00e4\u00e4 tanssia (Dances for Nonet) eiv\u00e4t ole kuitenkaan ole mit\u00e4\u00e4n klassisen keveit\u00e4 valsseja tai menuetteja, vaan hakkaavasti marssivia nykymusiikkiteoksia. Levyn pisimm\u00e4ss\u00e4 teoksessa, yli 25 minuuttisessa &#8221;Allegro Ibleo Con Ninna Nanna&#8221;, raskaiden rytmien intensiteetti vain hetkitt\u00e4in vapautuu jazzilliseen svengiin. Improvisoidut soolot nousevat vain hetkeksi pinnalle puhaltimien, jousisoittimien ja instrumentaalisesti k\u00e4ytetyn laulun komean yhtyesoinnin keskelt\u00e4. Muut kolme tanssia ovat lyhyempi\u00e4 ja varsinkin valssina alkava &#8221;Danza Del Canto Supremo&#8221; on my\u00f6s tunnelmaltaan hieman kevyempi. Occhipintin sarja tuntui minulle kerralla kuunneltavaksi aika ty\u00f6l\u00e4\u00e4lt\u00e4, mutta pienempin\u00e4 palasina siit\u00e4 sai paljon irti. Giorgio Occhipinti Hereo Nonetto julkaisi vuonna 1994 Leo Lab-merkill\u00e4 my\u00f6s levyn &#8221;The Kaos Legend&#8221; (Leo LAB CD 012).<\/p>\n<p><strong>Giorgio Occhipinti Hereo Nonetto plus Cellos Sequences<\/strong>: Global Music and Circular Thought. Suite in Eight Movements: Dances and Sequences for Cellos and Nonet (Jazz`Halo Tonesetters)<\/p>\n<p><em>Giorgio Occhipinti; piano, kapellimestari, Tiziana Cavaleri, Vito Amatulli; sello, Paolo Botti; viulu, Guiseppe Guarella; basso, Carlo Actis Dato; bassoklarinetti, Lauro Rossi; pasuuna, Maurizio Maiorana; laulu, klarinetti, Luca Calabrese; trumpetti, Francesco Branciamore; rummut<\/em><\/p>\n<p>10.3.2001<\/p>\n","protected":false},"excerpt":{"rendered":"<p>Italialainen s\u00e4velt\u00e4j\u00e4 Giorgio Occhipinti k\u00e4ytt\u00e4\u00e4 uudella levytyksell\u00e4\u00e4n klassisen musiikin vaikutteita oman musiikkinsa rakennuspuina. S\u00e4vellyksen nimi muistuttaa klassista tapaa nimet\u00e4 teoksia ja jousisoittimet s\u00e4vytt\u00e4v\u00e4t kokonaissointia. Levyn nelj\u00e4 lyhytt\u00e4 v\u00e4lisoittoa, sellosekvenssit kahdelle sellolle (Sequences for Cellos), ovat selke\u00e4sti kaunista kamarimusiikkia. Nelj\u00e4 pitk\u00e4\u00e4 tanssia (Dances for Nonet) eiv\u00e4t ole kuitenkaan ole mit\u00e4\u00e4n klassisen keveit\u00e4 valsseja tai menuetteja, vaan [&hellip;]<\/p>\n","protected":false},"author":1,"featured_media":0,"parent":1905,"menu_order":16,"comment_status":"open","ping_status":"open","template":"onecolumn-page.php","meta":{"ngg_post_thumbnail":0,"footnotes":""},"class_list":["post-3839","page","type-page","status-publish","hentry"],"jetpack_likes_enabled":false,"jetpack_sharing_enabled":true,"_links":{"self":[{"href":"https:\/\/www.valonkuvia.fi\/blogi\/wp-json\/wp\/v2\/pages\/3839","targetHints":{"allow":["GET"]}}],"collection":[{"href":"https:\/\/www.valonkuvia.fi\/blogi\/wp-json\/wp\/v2\/pages"}],"about":[{"href":"https:\/\/www.valonkuvia.fi\/blogi\/wp-json\/wp\/v2\/types\/page"}],"author":[{"embeddable":true,"href":"https:\/\/www.valonkuvia.fi\/blogi\/wp-json\/wp\/v2\/users\/1"}],"replies":[{"embeddable":true,"href":"https:\/\/www.valonkuvia.fi\/blogi\/wp-json\/wp\/v2\/comments?post=3839"}],"version-history":[{"count":2,"href":"https:\/\/www.valonkuvia.fi\/blogi\/wp-json\/wp\/v2\/pages\/3839\/revisions"}],"predecessor-version":[{"id":3842,"href":"https:\/\/www.valonkuvia.fi\/blogi\/wp-json\/wp\/v2\/pages\/3839\/revisions\/3842"}],"up":[{"embeddable":true,"href":"https:\/\/www.valonkuvia.fi\/blogi\/wp-json\/wp\/v2\/pages\/1905"}],"wp:attachment":[{"href":"https:\/\/www.valonkuvia.fi\/blogi\/wp-json\/wp\/v2\/media?parent=3839"}],"curies":[{"name":"wp","href":"https:\/\/api.w.org\/{rel}","templated":true}]}}