{"id":3849,"date":"2012-08-30T22:34:19","date_gmt":"2012-08-30T19:34:19","guid":{"rendered":"http:\/\/www.valonkuvia.fi\/blogi\/?page_id=3849"},"modified":"2015-05-08T22:35:10","modified_gmt":"2015-05-08T19:35:10","slug":"stephan-oliva-bruno-chevillon-paul-motian-interieur-nuit","status":"publish","type":"page","link":"https:\/\/www.valonkuvia.fi\/blogi\/jazzjutut\/levyarvioita-m-p\/stephan-oliva-bruno-chevillon-paul-motian-interieur-nuit\/","title":{"rendered":"Stephan Oliva &#8211; Bruno Chevillon &#8211; Paul Motian: Int\u00e9rieur Nuit"},"content":{"rendered":"<p>Pianisti Stephan Oliva kertoi \u00e4skett\u00e4in Helsingin Sanomien haastattelussa, kuinka h\u00e4n p\u00e4\u00e4si Amerikan matkallaan pianisti Bill Evansin konserttiin. Konsertti muutti kokonaan klassista musiikkia opiskelleen Olivan suhtautumisen jazziin. Siihen saakka jazz ei ollut merkinnyt h\u00e4nelle juuri mit\u00e4\u00e4n, mutta tuo yksi ainoa konsertti paljasti, mit\u00e4 jazz voi olla ja Olivasta tuli jazzpianisti. <\/p>\n<p>Ei olekaan ihme, ett\u00e4 Oliva on palannut v\u00e4lill\u00e4 Bill Evansin musiikin pariin. Vuonna 1996 Oliva julkaisi hienon Bill Evans-tribuutin &#8221;Jade\u00b4s Vision&#8221;. Vuonna 2000 ilmestyneell\u00e4 &#8221;Fantasm&#8221;-levyll\u00e4, samoin kuin nyt k\u00e4sill\u00e4 olevalla uutuudella, on mukana rumpali Paul Motian H\u00e4n soitti klassisessa Bill Evansin triossa, joka vei pianotrion taiteen aivan uusiin ulottuvuuksiin. Oliva, Chevillon ja Motian jatkavat edelleen t\u00e4t\u00e4 perinnett\u00e4, jossa raja pianosolistin ja s\u00e4est\u00e4v\u00e4n komppiryhm\u00e4n v\u00e4lilt\u00e4 on h\u00e4ipynyt.<\/p>\n<p>Yhtye soittaa lyyrisesti yhteen hiileen puhaltaen kuin yhten\u00e4 instrumenttina. Suurin osa kappaleista on balladeja, joissa Olivan aseina eiv\u00e4t ole svengaavat purkaukset, vaan harkitut, mietiskelev\u00e4t ja selke\u00e4t ajatelmat, tietty klassinen eurooppalaisuuskin. Bruno Chevillon tuo musiikkiin bassonsa vakaata jyhkeytt\u00e4 ja Paul Motian monista muistakin yhteyksist\u00e4 tuttua omintakeisen hapuilevaa melodisuutta. &#8221;Int\u00e9rieur Nuit&#8221; on hieno pianotriolevytys, joka hyvin sopii levyhyllylle muiden alan mestareiden kuten Jarrettin, Mehldaun tai Stensonin rinnalle. <\/p>\n<p><strong>Stephan Oliva &#8211; Bruno Chevillon &#8211; Paul Motian<\/strong>: Int\u00e9rieur Nuit (Int\u00e9rieur Nuit)<\/p>\n<p><em>Stephan Oliva; piano, Bruno Chevillon; basso, Paul Motian; rummut<\/em><\/p>\n<p>2.5. 2002<\/p>\n","protected":false},"excerpt":{"rendered":"<p>Pianisti Stephan Oliva kertoi \u00e4skett\u00e4in Helsingin Sanomien haastattelussa, kuinka h\u00e4n p\u00e4\u00e4si Amerikan matkallaan pianisti Bill Evansin konserttiin. Konsertti muutti kokonaan klassista musiikkia opiskelleen Olivan suhtautumisen jazziin. Siihen saakka jazz ei ollut merkinnyt h\u00e4nelle juuri mit\u00e4\u00e4n, mutta tuo yksi ainoa konsertti paljasti, mit\u00e4 jazz voi olla ja Olivasta tuli jazzpianisti. Ei olekaan ihme, ett\u00e4 Oliva on [&hellip;]<\/p>\n","protected":false},"author":1,"featured_media":0,"parent":1905,"menu_order":18,"comment_status":"open","ping_status":"open","template":"onecolumn-page.php","meta":{"ngg_post_thumbnail":0,"footnotes":""},"class_list":["post-3849","page","type-page","status-publish","hentry"],"jetpack_likes_enabled":false,"jetpack_sharing_enabled":true,"_links":{"self":[{"href":"https:\/\/www.valonkuvia.fi\/blogi\/wp-json\/wp\/v2\/pages\/3849","targetHints":{"allow":["GET"]}}],"collection":[{"href":"https:\/\/www.valonkuvia.fi\/blogi\/wp-json\/wp\/v2\/pages"}],"about":[{"href":"https:\/\/www.valonkuvia.fi\/blogi\/wp-json\/wp\/v2\/types\/page"}],"author":[{"embeddable":true,"href":"https:\/\/www.valonkuvia.fi\/blogi\/wp-json\/wp\/v2\/users\/1"}],"replies":[{"embeddable":true,"href":"https:\/\/www.valonkuvia.fi\/blogi\/wp-json\/wp\/v2\/comments?post=3849"}],"version-history":[{"count":2,"href":"https:\/\/www.valonkuvia.fi\/blogi\/wp-json\/wp\/v2\/pages\/3849\/revisions"}],"predecessor-version":[{"id":9533,"href":"https:\/\/www.valonkuvia.fi\/blogi\/wp-json\/wp\/v2\/pages\/3849\/revisions\/9533"}],"up":[{"embeddable":true,"href":"https:\/\/www.valonkuvia.fi\/blogi\/wp-json\/wp\/v2\/pages\/1905"}],"wp:attachment":[{"href":"https:\/\/www.valonkuvia.fi\/blogi\/wp-json\/wp\/v2\/media?parent=3849"}],"curies":[{"name":"wp","href":"https:\/\/api.w.org\/{rel}","templated":true}]}}