{"id":3853,"date":"2012-08-30T22:37:07","date_gmt":"2012-08-30T19:37:07","guid":{"rendered":"http:\/\/www.valonkuvia.fi\/blogi\/?page_id=3853"},"modified":"2012-08-30T22:37:07","modified_gmt":"2012-08-30T19:37:07","slug":"tony-oxley-project-1-triangular-screen","status":"publish","type":"page","link":"https:\/\/www.valonkuvia.fi\/blogi\/jazzjutut\/levyarvioita-m-p\/tony-oxley-project-1-triangular-screen\/","title":{"rendered":"Tony Oxley Project 1: Triangular Screen"},"content":{"rendered":"<p>Ly\u00f6m\u00e4soittaja Tony Oxley on ollut viime aikoina esill\u00e4 mm. Cecil Taylorin ja Tomasz Stankon yhteisty\u00f6kumppanina. Uuden norjalaisen SOFA-merkin esikoislevyll\u00e4 h\u00e4n soittaa nelj\u00e4 vapaata improvisaatiota kahden norjalaisen muusikon kanssa. Levyn avaava &#8221;first scan&#8221; on melkoisen tyypillist\u00e4 vapaata soitantaa, on vipin\u00e4\u00e4, s\u00e4pin\u00e4\u00e4, narahduksia ja pienimuotoista piiperryst\u00e4 liiankin paljon, jotta touhusta syntyisi mit\u00e4\u00e4n sen vakuuttavampaa. Toisena kuultava &#8221;second scan&#8221; on paljon kiinnostavampi jo pelk\u00e4st\u00e4\u00e4n alussa kuultavan pitk\u00e4n Oxleyn ly\u00f6m\u00e4soitinsoolon takia. Oxley saa ep\u00e4sovinnaisesta rumpusatsistaan esille j\u00e4nnitt\u00e4vi\u00e4 \u00e4\u00e4nimaisemia ja kehitt\u00e4\u00e4 loogisen soolonkaaren. Improvisaation intensiteetti kuitenkin laskee loppua kohti, ehk\u00e4 oma osansa siihen on my\u00f6s vaisusti \u00e4\u00e4nitetyll\u00e4 bassolla tai ehk\u00e4 nuoret norjalaiset eiv\u00e4t oikein p\u00e4\u00e4se Oxleyn kanssa samalle aaltopituudelle. Vapaan improvisaation ja Tony Oxleyn yst\u00e4vien kannattaa kuitenkin kuunnella &#8221;Triangular Screen&#8221;, jos se vain jossain kohdalle osuu. Samoin uuden SOFA-merkin muuta tuotantoa kannattaa seurata. Avaus on ainakin kunnianhimoinen ja luvassa on lis\u00e4\u00e4 eurooppalaista improvisaatiota.<\/p>\n<p><strong>Tony Oxley Project 1<\/strong>: Triangular Screen (SOFA)<\/p>\n<p><em>Tony Oxley; ly\u00f6m\u00e4soittimet ja taustanauha, Ivar Grydeland; kitara, Tonny Kluften; basso<\/em><\/p>\n<p>24.10.2000<\/p>\n","protected":false},"excerpt":{"rendered":"<p>Ly\u00f6m\u00e4soittaja Tony Oxley on ollut viime aikoina esill\u00e4 mm. Cecil Taylorin ja Tomasz Stankon yhteisty\u00f6kumppanina. Uuden norjalaisen SOFA-merkin esikoislevyll\u00e4 h\u00e4n soittaa nelj\u00e4 vapaata improvisaatiota kahden norjalaisen muusikon kanssa. Levyn avaava &#8221;first scan&#8221; on melkoisen tyypillist\u00e4 vapaata soitantaa, on vipin\u00e4\u00e4, s\u00e4pin\u00e4\u00e4, narahduksia ja pienimuotoista piiperryst\u00e4 liiankin paljon, jotta touhusta syntyisi mit\u00e4\u00e4n sen vakuuttavampaa. Toisena kuultava &#8221;second [&hellip;]<\/p>\n","protected":false},"author":1,"featured_media":0,"parent":1905,"menu_order":20,"comment_status":"open","ping_status":"open","template":"onecolumn-page.php","meta":{"ngg_post_thumbnail":0,"footnotes":""},"class_list":["post-3853","page","type-page","status-publish","hentry"],"jetpack_likes_enabled":false,"jetpack_sharing_enabled":true,"_links":{"self":[{"href":"https:\/\/www.valonkuvia.fi\/blogi\/wp-json\/wp\/v2\/pages\/3853","targetHints":{"allow":["GET"]}}],"collection":[{"href":"https:\/\/www.valonkuvia.fi\/blogi\/wp-json\/wp\/v2\/pages"}],"about":[{"href":"https:\/\/www.valonkuvia.fi\/blogi\/wp-json\/wp\/v2\/types\/page"}],"author":[{"embeddable":true,"href":"https:\/\/www.valonkuvia.fi\/blogi\/wp-json\/wp\/v2\/users\/1"}],"replies":[{"embeddable":true,"href":"https:\/\/www.valonkuvia.fi\/blogi\/wp-json\/wp\/v2\/comments?post=3853"}],"version-history":[{"count":1,"href":"https:\/\/www.valonkuvia.fi\/blogi\/wp-json\/wp\/v2\/pages\/3853\/revisions"}],"predecessor-version":[{"id":3854,"href":"https:\/\/www.valonkuvia.fi\/blogi\/wp-json\/wp\/v2\/pages\/3853\/revisions\/3854"}],"up":[{"embeddable":true,"href":"https:\/\/www.valonkuvia.fi\/blogi\/wp-json\/wp\/v2\/pages\/1905"}],"wp:attachment":[{"href":"https:\/\/www.valonkuvia.fi\/blogi\/wp-json\/wp\/v2\/media?parent=3853"}],"curies":[{"name":"wp","href":"https:\/\/api.w.org\/{rel}","templated":true}]}}