{"id":386,"date":"2011-07-13T17:45:04","date_gmt":"2011-07-13T14:45:04","guid":{"rendered":"http:\/\/www.valonkuvia.fi\/blogi\/?page_id=386"},"modified":"2011-07-13T17:45:04","modified_gmt":"2011-07-13T14:45:04","slug":"musiikkia-verkkotiedostoina","status":"publish","type":"page","link":"https:\/\/www.valonkuvia.fi\/blogi\/jazzjutut\/2007-2\/musiikkia-verkkotiedostoina\/","title":{"rendered":"Musiikkia verkkotiedostoina"},"content":{"rendered":"<h4>Tietokoneelle netin kautta ladattava musiikki on lopullisesti ly\u00f6nyt itsens\u00e4 l\u00e4pi. Jos joku ei t\u00e4h\u00e4n aiemmin uskonut, niin nyt on pakko uskoa. Perinteinen ja arvokas klassisen musiikin levymerkki Deutsche Grammophon on n\u00e4et avannut digitaalisen musiikin jakeluun keskittyv\u00e4n verkkosivuston, jonka kautta asiakas voi ladata itselleen tuhansia klassisen musiikin merkkiteoksia.<\/h4>\n<p>DG panostaa kovasti musiikkinsa tekniseen tasoon ja v\u00e4itt\u00e4\u00e4, ett\u00e4 sen tarjoamat musiikkitiedostot vastaavat \u00e4\u00e4nenlaadultaan cd-levyjen tasoa. Musiikkitiedostojen ohessa tulevat viel\u00e4 levyn kansikuvat ja levynkansitekstit. Lis\u00e4porkkanana DG tarjoaa noin 600 loppuunmyyty\u00e4 levy\u00e4, joita saa en\u00e4\u00e4 divareista. DG on vapauttanut myym\u00e4ns\u00e4 musiikkitiedostot kaikista kopiointirajoituksista ja musiikkia voi soittaa kaikilla mp3-soittimilla ja &#8211; soitto-ohjelmilla. Asiakas voi my\u00f6s vapaasti kopioida lataamiaan tiedostoja.<\/p>\n<p>My\u00f6s rockmaailmassa on tapahtunut uusien musiikin jakelutapojen alalla. Radiohead-yhtyeen levyuutuutta markkinoitiin j\u00e4nnitt\u00e4v\u00e4sti, kun ostajat saivat itse p\u00e4\u00e4tt\u00e4\u00e4 lokakuussa ilmestyneen &#8221;In Rainbows&#8221;-levyn hinnan ja halutessaan levyn voi ladata itselleen jopa ilmaiseksi. Ainakin nettikeskustelujen perusteella vaikuttaa silt\u00e4, ett\u00e4 useimmat ovat halunneet musiikista jotain maksaa ja er\u00e4iden arvioiden mukaan levyn keskihinta olisi ollut seitsem\u00e4n euron paikkeilla.<\/p>\n<p>Er\u00e4\u00e4t jazzmuusikotkin ovat innolla mukana kehitt\u00e4m\u00e4ss\u00e4 musiikilleen uusia markkinointi- ja jakelukanavia, mik\u00e4 on hyvin ymm\u00e4rrett\u00e4v\u00e4\u00e4, sill\u00e4 l\u00e4hes kaikki isot levy-yhti\u00f6t ovat lopettaneet uusien jazzlevyjen tuotantonsa. Jazz on niin huonoa bisnest\u00e4, ett\u00e4 isoja yhti\u00f6it\u00e4 kiinnostaa vain varmat nakit eli vanhojen klassikoiden uudet julkaisut.<\/p>\n<p>Amerikkalainen jazztrumpetisti Dave Douglas perusti muutama vuosi sitten oman levy-yhti\u00f6n (Greenleaf Music), julkaisee nyt levyns\u00e4 itse ja myy niit\u00e4 vain nettikaupassaan. Nettikauppa mahdollistaa rohkeita ratkaisuja, kuten live\u00e4\u00e4nitykset New Yorkin Jazz Standard-klubilta viime vuoden joulukuussa. Douglasin kvintetti esiintyi klubilla kuutena per\u00e4tt\u00e4isen\u00e4 iltana ja musiikki oli myynniss\u00e4 heti seuraavana p\u00e4iv\u00e4n\u00e4. Klubiviikon materiaalista on j\u00e4lkeenp\u00e4in koottu my\u00f6s tavallinen tupla-cd, mutta koko arvokas dokumentti er\u00e4\u00e4st\u00e4 nykyjazzin hienoimmasta yhtyeest\u00e4 on saatavana vain mp3-tiedostoina.<\/p>\n<p>Dave Douglas on kiinnostavasti verrannut nykyaikaa 1950- ja 60-lukuihin, jolloin suuri osa jazzistakin myytiin viel\u00e4 jukeboxeihin tarkoitettuina singlelevyin\u00e4. Tiedostoina myyt\u00e4v\u00e4 musiikki v\u00e4hent\u00e4nee kokonaisen albumin merkityst\u00e4 musiikin markkinoinnissa ja yksitt\u00e4isen musiikkikappaleen, &#8221;singletiedoston&#8221;, merkitys taas kasvaa.<\/p>\n<p>Uskon kuitenkin, ett\u00e4 perinteinen levy s\u00e4ilytt\u00e4\u00e4 asemansa ker\u00e4ilykappaleena tai joululahjana. Lahjaksi on mukavampi saada huolella tuotettu levy kuin musiikkitiedostoja muistitikulla. Sellainen huolella tuotettu kotimainen jazzlevy on esimerkiksi Ilmiliekki Quartetin toinen levy &#8221;Take It With Me&#8221; (TUM Records). Upean syv\u00e4llist\u00e4 musiikkia kauniiseen koteloon pakattuna sopii suositella joululahjaksi kenelle hyv\u00e4ns\u00e4.<\/p>\n<p><em>16.12.2007<\/em><\/p>\n","protected":false},"excerpt":{"rendered":"<p>Tietokoneelle netin kautta ladattava musiikki on lopullisesti ly\u00f6nyt itsens\u00e4 l\u00e4pi. Jos joku ei t\u00e4h\u00e4n aiemmin uskonut, niin nyt on pakko uskoa. Perinteinen ja arvokas klassisen musiikin levymerkki Deutsche Grammophon on n\u00e4et avannut digitaalisen musiikin jakeluun keskittyv\u00e4n verkkosivuston, jonka kautta asiakas voi ladata itselleen tuhansia klassisen musiikin merkkiteoksia. DG panostaa kovasti musiikkinsa tekniseen tasoon ja v\u00e4itt\u00e4\u00e4, [&hellip;]<\/p>\n","protected":false},"author":1,"featured_media":0,"parent":373,"menu_order":0,"comment_status":"open","ping_status":"open","template":"onecolumn-page.php","meta":{"ngg_post_thumbnail":0,"footnotes":""},"class_list":["post-386","page","type-page","status-publish","hentry"],"jetpack_likes_enabled":false,"jetpack_sharing_enabled":true,"_links":{"self":[{"href":"https:\/\/www.valonkuvia.fi\/blogi\/wp-json\/wp\/v2\/pages\/386","targetHints":{"allow":["GET"]}}],"collection":[{"href":"https:\/\/www.valonkuvia.fi\/blogi\/wp-json\/wp\/v2\/pages"}],"about":[{"href":"https:\/\/www.valonkuvia.fi\/blogi\/wp-json\/wp\/v2\/types\/page"}],"author":[{"embeddable":true,"href":"https:\/\/www.valonkuvia.fi\/blogi\/wp-json\/wp\/v2\/users\/1"}],"replies":[{"embeddable":true,"href":"https:\/\/www.valonkuvia.fi\/blogi\/wp-json\/wp\/v2\/comments?post=386"}],"version-history":[{"count":1,"href":"https:\/\/www.valonkuvia.fi\/blogi\/wp-json\/wp\/v2\/pages\/386\/revisions"}],"predecessor-version":[{"id":387,"href":"https:\/\/www.valonkuvia.fi\/blogi\/wp-json\/wp\/v2\/pages\/386\/revisions\/387"}],"up":[{"embeddable":true,"href":"https:\/\/www.valonkuvia.fi\/blogi\/wp-json\/wp\/v2\/pages\/373"}],"wp:attachment":[{"href":"https:\/\/www.valonkuvia.fi\/blogi\/wp-json\/wp\/v2\/media?parent=386"}],"curies":[{"name":"wp","href":"https:\/\/api.w.org\/{rel}","templated":true}]}}