{"id":3862,"date":"2012-08-30T22:45:40","date_gmt":"2012-08-30T19:45:40","guid":{"rendered":"http:\/\/www.valonkuvia.fi\/blogi\/?page_id=3862"},"modified":"2012-08-30T22:45:40","modified_gmt":"2012-08-30T19:45:40","slug":"esa-pietila-trio-travel-of-fulica-atra","status":"publish","type":"page","link":"https:\/\/www.valonkuvia.fi\/blogi\/jazzjutut\/levyarvioita-m-p\/esa-pietila-trio-travel-of-fulica-atra\/","title":{"rendered":"Esa Pietil\u00e4 Trio: Travel of Fulica Atra"},"content":{"rendered":"<p>Esa Pietil\u00e4 Trion levyn nimess\u00e4 esiintyv\u00e4 &#8221;fulica atra&#8221; on nokikanan latinankielinen nimi. Pietil\u00e4 kertoo levynkansitekstiss\u00e4\u00e4n, kuinka uuden levyn musiikki sai alkuinnoituksensa juuri nokikanan \u00e4\u00e4nest\u00e4, hahmosta ja liikkeist\u00e4. My\u00f6s monet kappaleiden nimist\u00e4 viittaavat luontoon ja levyn p\u00e4\u00e4henkil\u00f6n nokikanan vaiheisiin. Musiikin kuulijan ei kuitenkaan tarvitse v\u00e4ltt\u00e4m\u00e4tt\u00e4 tiet\u00e4\u00e4 mit\u00e4\u00e4n n\u00e4ist\u00e4 ulkoisista taustatiedoista, sill\u00e4 trion musiikki toimii mainiosti muutenkin. Toki esimerkiksi &#8221;Free the Bird&#8221;, vapaan improvisaation v\u00e4lineill\u00e4 rakennettu \u00e4\u00e4niveistos, voi kuulijan korvissa hahmottua my\u00f6s kuulokuvaksi \u00e4\u00e4nist\u00e4 kes\u00e4aamuun her\u00e4\u00e4v\u00e4n j\u00e4rven rannalta. <\/p>\n<p>&#8221;Travel Of Fulica Atra&#8221; on vapaan jazzin kieliopin avulla kerrottua, emotionaalisesti vahvaa musiikkia. Se on siis selke\u00e4sti jazzia; rytmisten j\u00e4nnitteiden, paikoin l\u00e4hes perinteisen svengin varaan improvisoitua. Hyv\u00e4 esimerkki on levyn keskeisiin teoksiin kuuluva kymmenminuuttinen &#8221;Forget Gravity&#8221;, joka kansitekstin mukaan on saanut inspiraatiota nokikanan lentoon nousun pitk\u00e4st\u00e4 ja vaivalloisesta l\u00e4ht\u00f6kiihdytyksest\u00e4. Trio rakentaa raidasta monivaiheisen, lopulta intensiiviseen loppuun p\u00e4\u00e4tyv\u00e4n kokonaisuuden. Levyll\u00e4 on runsaasti karheaa kauneutta, kuten herk\u00e4t free jazz-balladit &#8221;New Morning&#8221; ja &#8221;Frozen Cascades&#8221; sek\u00e4 levyn levollisesti p\u00e4\u00e4tt\u00e4v\u00e4 saksofonin ja basson duetto &#8221;Lacus securus&#8221; (= turvallinen j\u00e4rvi).<\/p>\n<p>Muusikoiden keskin\u00e4inen kommunikaatio on kehittynyt pitk\u00e4lle, kuten huipputason jazzmuusikoilla kuuluukin. Instrumentit ovat heid\u00e4n k\u00e4siss\u00e4\u00e4n taiteellisen ilmaisun v\u00e4lineit\u00e4, joiden avulla tunkeudutaan jonnekin pintaa syvemm\u00e4lle ja musiikkiin syntyy merkityksen tunne. &#8221;Travel Of Fulica Atra&#8221; asettuu teoksena edellisen &#8221;Direct&#8221;-levyn rinnalle, rehellist\u00e4 ja luonnonl\u00e4heist\u00e4 vapaata jazzia molemmat. <\/p>\n<p><strong>Esa Pietil\u00e4 Trio<\/strong>: Travel of Fulica Atra (Fiasko Records)<\/p>\n<p><em>Esa Pietil\u00e4, tenorisaksofoni; Ulf Krokfors, basso; Markku Ounaskari, rummut<\/em><\/p>\n<p>20.1.2008<\/p>\n","protected":false},"excerpt":{"rendered":"<p>Esa Pietil\u00e4 Trion levyn nimess\u00e4 esiintyv\u00e4 &#8221;fulica atra&#8221; on nokikanan latinankielinen nimi. Pietil\u00e4 kertoo levynkansitekstiss\u00e4\u00e4n, kuinka uuden levyn musiikki sai alkuinnoituksensa juuri nokikanan \u00e4\u00e4nest\u00e4, hahmosta ja liikkeist\u00e4. My\u00f6s monet kappaleiden nimist\u00e4 viittaavat luontoon ja levyn p\u00e4\u00e4henkil\u00f6n nokikanan vaiheisiin. Musiikin kuulijan ei kuitenkaan tarvitse v\u00e4ltt\u00e4m\u00e4tt\u00e4 tiet\u00e4\u00e4 mit\u00e4\u00e4n n\u00e4ist\u00e4 ulkoisista taustatiedoista, sill\u00e4 trion musiikki toimii mainiosti muutenkin. [&hellip;]<\/p>\n","protected":false},"author":1,"featured_media":0,"parent":1905,"menu_order":24,"comment_status":"open","ping_status":"open","template":"onecolumn-page.php","meta":{"ngg_post_thumbnail":0,"footnotes":""},"class_list":["post-3862","page","type-page","status-publish","hentry"],"jetpack_likes_enabled":false,"jetpack_sharing_enabled":true,"_links":{"self":[{"href":"https:\/\/www.valonkuvia.fi\/blogi\/wp-json\/wp\/v2\/pages\/3862","targetHints":{"allow":["GET"]}}],"collection":[{"href":"https:\/\/www.valonkuvia.fi\/blogi\/wp-json\/wp\/v2\/pages"}],"about":[{"href":"https:\/\/www.valonkuvia.fi\/blogi\/wp-json\/wp\/v2\/types\/page"}],"author":[{"embeddable":true,"href":"https:\/\/www.valonkuvia.fi\/blogi\/wp-json\/wp\/v2\/users\/1"}],"replies":[{"embeddable":true,"href":"https:\/\/www.valonkuvia.fi\/blogi\/wp-json\/wp\/v2\/comments?post=3862"}],"version-history":[{"count":1,"href":"https:\/\/www.valonkuvia.fi\/blogi\/wp-json\/wp\/v2\/pages\/3862\/revisions"}],"predecessor-version":[{"id":3863,"href":"https:\/\/www.valonkuvia.fi\/blogi\/wp-json\/wp\/v2\/pages\/3862\/revisions\/3863"}],"up":[{"embeddable":true,"href":"https:\/\/www.valonkuvia.fi\/blogi\/wp-json\/wp\/v2\/pages\/1905"}],"wp:attachment":[{"href":"https:\/\/www.valonkuvia.fi\/blogi\/wp-json\/wp\/v2\/media?parent=3862"}],"curies":[{"name":"wp","href":"https:\/\/api.w.org\/{rel}","templated":true}]}}