{"id":3890,"date":"2012-09-03T23:10:01","date_gmt":"2012-09-03T20:10:01","guid":{"rendered":"http:\/\/www.valonkuvia.fi\/blogi\/?page_id=3890"},"modified":"2019-11-23T18:26:51","modified_gmt":"2019-11-23T16:26:51","slug":"levyarviot-q-t","status":"publish","type":"page","link":"https:\/\/www.valonkuvia.fi\/blogi\/jazzjutut\/levyarviot-q-t\/","title":{"rendered":"Levyarviot Q &#8211; \u00d6"},"content":{"rendered":"<p>Jazzrytmit-lehdess\u00e4 ja Suomijazz-verkkolehdess\u00e4 ilmestyneist\u00e4 levyarvioita. Uudet levyarviot ilmestyv\u00e4t blogissa.<\/p>\n<p><strong>Q<\/strong><\/p>\n<p><a href=\"http:\/\/www.valonkuvia.fi\/blogi\/jazzjutut\/levyarviot-q-t\/quartet-coyote-trjvk-voc\/\" title=\"Quartet Coyote: TRJVK + voc\">Quartet Coyote: TRJVK + voc<\/a><\/p>\n<p><strong>R<\/strong><\/p>\n<p><a href=\"http:\/\/www.valonkuvia.fi\/blogi\/jazzjutut\/levyarviot-q-t\/antti-rissanen-ted-trimble-nordic-project\/\" title=\"Antti Rissanen &#038; Ted Trimble: Nordic Project\">Antti Rissanen &#038; Ted Trimble: Nordic Project<\/a><br \/>\n<a href=\"http:\/\/www.valonkuvia.fi\/blogi\/jazzjutut\/levyarviot-q-t\/jenny-robson-jenny-robson\/\" title=\"Jenny Robson: Jenny Robson\">Jenny Robson: Jenny Robson<\/a><br \/>\n<a href=\"http:\/\/www.valonkuvia.fi\/blogi\/jazzjutut\/levyarviot-q-t\/rolling-thunder-live-in-japan\/\" title=\"Rolling Thunder: Live In Japan\">Rolling Thunder: Live In Japan<\/a><br \/>\n<a href=\"http:\/\/www.valonkuvia.fi\/blogi\/jazzjutut\/levyarviot-q-t\/florian-ross-suite-for-soprano-sax-and-string-orchestra\/\" title=\"Florian Ross: Suite for Soprano Sax and String Orchestra\">Florian Ross: Suite for Soprano Sax and String Orchestra<\/a><br \/>\n<a href=\"http:\/\/www.valonkuvia.fi\/blogi\/jazzjutut\/levyarviot-q-t\/bruno-raberg-presence\/\" title=\"Bruno R\u00e5berg: Presence\">Bruno R\u00e5berg: Presence<\/a><br \/>\n<a href=\"http:\/\/www.valonkuvia.fi\/blogi\/jazzjutut\/levyarviot-q-t\/mikael-raberg-suite-extended\/\" title=\"Mikael R\u00e5berg: Suite Extended\">Mikael R\u00e5berg: Suite Extended<\/a><\/p>\n<p><strong>S<\/strong><\/p>\n<p><a href=\"http:\/\/www.valonkuvia.fi\/blogi\/jazzjutut\/levyarviot-q-t\/sten-sandell-bio-elektrika\/\" title=\"Sten Sandell: bio elektrika\">Sten Sandell: bio elektrika<\/a><br \/>\n<a href=\"http:\/\/www.valonkuvia.fi\/blogi\/jazzjutut\/levyarviot-q-t\/sten-sandell-trio-standing-wave\/\" title=\"Sten Sandell Trio: Standing Wave\">Sten Sandell Trio: Standing Wave<\/a><br \/>\n<a href=\"http:\/\/www.valonkuvia.fi\/blogi\/jazzjutut\/levyarviot-j-l\/ove-johansson-logic-steps\/\" title=\"Ove Johansson: Logic Steps &#038;  Susanna Lindeborg: Key Paintings &#038; Lindeborg, Nilsson, Johansson: Natural Artefacts &#038; Sound of Choice: Back Street Theatre\">Sound of Choice: Back Street Theatre<\/a><br \/>\n<a href=\"http:\/\/www.valonkuvia.fi\/blogi\/jazzjutut\/levyarviot-j-l\/soren-lee-living-now\/\" title=\"S\u00f8ren Lee: Living Now &#038; Steen\/Ginman\/Nussbaum: Play\">Steen\/Ginman\/Nussbaum<\/a><br \/>\n<a href=\"http:\/\/www.valonkuvia.fi\/blogi\/jazzjutut\/levyarviot-q-t\/stevens-siegel-ferguson-featuring-valery-ponomarev-panorama\/\" title=\"Stevens, Siegel &#038; Ferguson featuring Valery Ponomarev: Panorama\">Stevens, Siegel &#038; Ferguson featuring Valery Ponomarev: Panorama<\/a><br \/>\n<a href=\"http:\/\/www.valonkuvia.fi\/blogi\/jazzjutut\/levyarviot-q-t\/lalle-svensson-i-should-care\/\" title=\"Lalle Svensson: I Should Care\">Lalle Svensson: I Should Care<\/a><br \/>\n<a href=\"http:\/\/www.valonkuvia.fi\/blogi\/jazzjutut\/levyarviot-q-t\/andre-sumelius-lift-kaira\/\" title=\"Andr\u00e9 Sumelius Lift: Kaira\">Andr\u00e9 Sumelius Lift: Kaira<\/a><\/p>\n<p><strong>T<\/strong><\/p>\n<p><a href=\"http:\/\/www.valonkuvia.fi\/blogi\/jazzjutut\/levyarviot-q-t\/lenni-kalle-taipale-trio-lumia\/\" title=\"Lenni-Kalle Taipale Trio: Lumia\">Lenni-Kalle Taipale Trio: Lumia<\/a><br \/>\n<a href=\"http:\/\/www.valonkuvia.fi\/blogi\/jazzjutut\/levyarviot-q-t\/fernando-tarres-presagios-de-carnaval\/\" title=\"Fernando Tarr\u00e9s: Presagios de Carnaval\">Fernando Tarr\u00e9s: Presagios de Carnaval<\/a><br \/>\n<a href=\"http:\/\/www.valonkuvia.fi\/blogi\/jazzjutut\/levyarviot-q-t\/teddy-rok-seven-universal-four\/\" title=\"Teddy Rok Seven: Universal Four\">Teddy Rok Seven: Universal Four<\/a><br \/>\n<a href=\"http:\/\/www.valonkuvia.fi\/blogi\/jazzjutut\/levyarvioita-m-p\/mess-st-amblendfoll\/\" title=\"Mess: St. Amblendfoll \u2013 :nu: Green Fingers \u2013 Zara Tellander: Himmelens hatt\">Zara Tellander: Himmelens hatt<\/a><br \/>\n<a href=\"http:\/\/www.valonkuvia.fi\/blogi\/jazzjutut\/levyarvioita-m-p\/ninsk-letters-signs-man-bites-dog-hot-mule-bait-tetzepi-shu\/\" title=\"Man Bites Dog: Hot Mule Bait \u2013 Ninsk: Letters &#038; Signs \u2013 Tetzepi: Shu\">Tetzepi: Shu<\/a><br \/>\n<a href=\"http:\/\/www.valonkuvia.fi\/blogi\/jazzjutut\/levyarviot-q-t\/joona-toivanen-trio-frost\/\" title=\"Joona Toivanen Trio: Frost\">Joona Toivanen Trio: Frost<\/a><br \/>\n<a href=\"http:\/\/www.valonkuvia.fi\/blogi\/jazzjutut\/levyarviot-j-l\/jacob-karlzon-today\/\" title=\"Jacob Karlzon: Today\">Triade: L\u00b4Ardu<\/a><br \/>\n<a href=\"http:\/\/www.valonkuvia.fi\/blogi\/jazzjutut\/levyarviot-e-h\/gilbert-isbin-plays-nick-drake-jonas-hellborgshawn-lane-zenhouse-tri-dim-tri-dimprovisations\/\" title=\"Gilbert Isbin: Plays Nick Drake &#038; Jonas Hellborg\/Shawn Lane: Zenhouse &#038; Tri-Dim: Tri-Dimprovisations\">Tri-Dim: Tri-Dimprovisations<\/a><br \/>\n<a href=\"http:\/\/www.valonkuvia.fi\/blogi\/jazzjutut\/levyarviot-q-t\/gianluigi-trovesi-gianni-coscia-in-cerca-di-cibo\/\" title=\"Gianluigi Trovesi &#038; Gianni Coscia: In cerca di cibo\">Gianluigi Trovesi &#038; Gianni Coscia: In cerca di cibo<\/a><\/p>\n<p><strong>U<\/strong><\/p>\n<p><a href=\"http:\/\/www.valonkuvia.fi\/blogi\/jazzjutut\/levyarviot-a-d\/conference-call-live-at-the-outpost-performance-space-gebhard-ullmann-cutitout\/\" title=\"Conference Call: Live at the Outpost Performance Space &#038; Gebhard Ullmann: CutItOut\">Gebhard Ullmann: CutItOut<\/a><br \/>\n<a href=\"http:\/\/www.valonkuvia.fi\/blogi\/jazzjutut\/levyarviot-q-t\/gebhard-ullmann-big-band-project\/\" title=\"Gebhard Ullmann: Big Band Project\">Gebhard Ullmann: Big Band Project<\/a><br \/>\n<a href=\"http:\/\/www.valonkuvia.fi\/blogi\/jazzjutut\/levyarviot-q-t\/gebhard-ullmann-new-basement-research\/\" title=\"Gebhard Ullmann: New Basement Research\"><\/a><a href=\"http:\/\/www.valonkuvia.fi\/blogi\/jazzjutut\/levyarvioita-m-p\/umo-sauna-palaa\/\" title=\"UMO: Sauna palaa\">UMO: Sauna palaa<\/a><br \/>\n<a href=\"http:\/\/www.valonkuvia.fi\/blogi\/jazzjutut\/levyarviot-q-t\/u-street-all-stars-bowling\/\" title=\"U-Street All Stars: Bowling\">U-Street All Stars: Bowling<\/a><\/p>\n<p><strong>V<\/strong><\/p>\n<p><a href=\"http:\/\/www.valonkuvia.fi\/blogi\/jazzjutut\/levyarviot-q-t\/teemu-viinikainen-tales-of-robert-dickson\/\" title=\"Teemu Viinikainen: Tales of Robert Dickson\">Teemu Viinikainen: Tales of Robert Dickson<\/a><\/p>\n<p><strong>W<\/strong><\/p>\n<p><a href=\"http:\/\/www.valonkuvia.fi\/blogi\/jazzjutut\/levyarviot-q-t\/dave-weckl-band-synergy\/\" title=\"Dave Weckl Band: Synergy\">Dave Weckl Band: Synergy<\/a><br \/>\n<a href=\"http:\/\/www.valonkuvia.fi\/blogi\/jazzjutut\/levyarviot-q-t\/dave-weckl-band-transition\/\" title=\"Dave Weckl Band: Transition\">Dave Weckl Band: Transition<\/a><br \/>\n<a href=\"http:\/\/www.valonkuvia.fi\/blogi\/jazzjutut\/levyarviot-q-t\/steve-wilson-generations\/\" title=\"Steve Wilson: Generations\">Steve Wilson: Generations<\/a><br \/>\n<a href=\"http:\/\/www.valonkuvia.fi\/blogi\/jazzjutut\/levyarviot-q-t\/winter%c2%b4s-jazz-workshop-saknad\/\" title=\"Winter\u00b4s Jazz Workshop: Saknad\">Winter\u00b4s Jazz Workshop: Saknad<\/a><\/p>\n<p><strong>Z<\/strong><\/p>\n<p><a href=\"http:\/\/www.valonkuvia.fi\/blogi\/jazzjutut\/levyarviot-q-t\/ingar-zach-ivar-grydeland-visiting-ants\/\" title=\"Ingar Zach &#038; Ivar Grydeland: Visiting Ants\">Ingar Zach &#038; Ivar Grydeland: Visiting Ants<\/a><\/p>\n<p><strong>\u00c5<\/strong><\/p>\n<p><a href=\"http:\/\/www.valonkuvia.fi\/blogi\/jazzjutut\/levyarviot-q-t\/lennart-aberg-seven-pieces\/\" title=\"Lennart \u00c5berg: Seven Pieces\">Lennart \u00c5berg: Seven Pieces<\/a><\/p>\n","protected":false},"excerpt":{"rendered":"<p>Jazzrytmit-lehdess\u00e4 ja Suomijazz-verkkolehdess\u00e4 ilmestyneist\u00e4 levyarvioita. Uudet levyarviot ilmestyv\u00e4t blogissa. Q Quartet Coyote: TRJVK + voc R Antti Rissanen &#038; Ted Trimble: Nordic Project Jenny Robson: Jenny Robson Rolling Thunder: Live In Japan Florian Ross: Suite for Soprano Sax and String Orchestra Bruno R\u00e5berg: Presence Mikael R\u00e5berg: Suite Extended S Sten Sandell: bio elektrika Sten Sandell [&hellip;]<\/p>\n","protected":false},"author":1,"featured_media":0,"parent":116,"menu_order":13,"comment_status":"open","ping_status":"open","template":"onecolumn-page.php","meta":{"ngg_post_thumbnail":0,"footnotes":""},"class_list":["post-3890","page","type-page","status-publish","hentry"],"jetpack_likes_enabled":false,"jetpack_sharing_enabled":true,"_links":{"self":[{"href":"https:\/\/www.valonkuvia.fi\/blogi\/wp-json\/wp\/v2\/pages\/3890","targetHints":{"allow":["GET"]}}],"collection":[{"href":"https:\/\/www.valonkuvia.fi\/blogi\/wp-json\/wp\/v2\/pages"}],"about":[{"href":"https:\/\/www.valonkuvia.fi\/blogi\/wp-json\/wp\/v2\/types\/page"}],"author":[{"embeddable":true,"href":"https:\/\/www.valonkuvia.fi\/blogi\/wp-json\/wp\/v2\/users\/1"}],"replies":[{"embeddable":true,"href":"https:\/\/www.valonkuvia.fi\/blogi\/wp-json\/wp\/v2\/comments?post=3890"}],"version-history":[{"count":31,"href":"https:\/\/www.valonkuvia.fi\/blogi\/wp-json\/wp\/v2\/pages\/3890\/revisions"}],"predecessor-version":[{"id":3915,"href":"https:\/\/www.valonkuvia.fi\/blogi\/wp-json\/wp\/v2\/pages\/3890\/revisions\/3915"}],"up":[{"embeddable":true,"href":"https:\/\/www.valonkuvia.fi\/blogi\/wp-json\/wp\/v2\/pages\/116"}],"wp:attachment":[{"href":"https:\/\/www.valonkuvia.fi\/blogi\/wp-json\/wp\/v2\/media?parent=3890"}],"curies":[{"name":"wp","href":"https:\/\/api.w.org\/{rel}","templated":true}]}}