{"id":3895,"date":"2012-09-03T23:18:49","date_gmt":"2012-09-03T20:18:49","guid":{"rendered":"http:\/\/www.valonkuvia.fi\/blogi\/?page_id=3895"},"modified":"2019-11-14T21:55:55","modified_gmt":"2019-11-14T19:55:55","slug":"antti-rissanen-ted-trimble-nordic-project","status":"publish","type":"page","link":"https:\/\/www.valonkuvia.fi\/blogi\/jazzjutut\/levyarviot-q-t\/antti-rissanen-ted-trimble-nordic-project\/","title":{"rendered":"Antti Rissanen &#038; Ted Trimble: Nordic Project"},"content":{"rendered":"<p>Nordic Project on nimens\u00e4 mukaisesti projektiluontoinen kokoonpano, siis t\u00e4t\u00e4 pari vuotta sitten \u00e4\u00e4nitetty\u00e4 levytyst\u00e4 varten koottu yhtye. Yhtyeen j\u00e4senet ovat monissa liemiss\u00e4 keitettyj\u00e4 jazzammattilaisia, kuten levykannen esittelytekstien loputtoman pitk\u00e4t referenssilistat vastustamattomasti kertovat. Levyn kuuntelu kuitenkin osoittaa, ett\u00e4 projektiyhtye ei viel\u00e4 t\u00e4ss\u00e4 vaiheessa toimi aivan saumattomasti. Monista hienoista hetkist\u00e4 ja taitavasta soitosta huolimatta musiikista j\u00e4\u00e4 hahmoton j\u00e4lkimaku. <\/p>\n<p>Toki Antti Rissanen vakuuttaa j\u00e4lleen kerran moni-ilmeisen\u00e4 pasunistina ja h\u00e4nen s\u00e4vellyksens\u00e4 ovat kauttaaltaan kiinnostavaa kuultavaa, esimerkkein\u00e4 kaunis balladi &#8221;Eaglets Lament&#8221;, j\u00e4nnitt\u00e4v\u00e4 &#8221;Spaced&#8221; ja svengaava &#8221;Changes To Come&#8221;. My\u00f6s Jarmo Savolainen onnistuu niin ik\u00e4\u00e4n sek\u00e4 solistina ett\u00e4 oivaltajia kuvioita luovana komppaajana. Savolainen on tuonut levytykseen s\u00e4vellyksens\u00e4 &#8221;Mood Swings&#8221;, josta kannattaa vertailun vuoksi kuunnella Savolaisen oman yhtyeen j\u00e4ntev\u00e4mpi versio levylt\u00e4 &#8221;Another Story&#8221;. Projektin toinen vet\u00e4j\u00e4 on basisti Ted Trimble, jonka s\u00e4vellyksist\u00e4 mieleen j\u00e4\u00e4v\u00e4t ripe\u00e4, mutta surumielinen avausraita &#8221;Delusions&#8221; ja miellytt\u00e4v\u00e4sti keinahteleva &#8221;Unity&#8221;. Valitettavasti levyn \u00e4\u00e4nitys j\u00e4tt\u00e4\u00e4 pianon ja basson v\u00e4lill\u00e4 taka-alalle. Sen sijaan \u00e4\u00e4nityksen pinnassa on Gene Calderazzo, taitava ja energinen, mutta usein turhan touhukas rumpali. <\/p>\n<p>Levyn ulkoasu ei suinkaan ole kokonaisuuden kannalta yhdentekev\u00e4\u00e4, hyvin\u00e4 esimerkkein\u00e4 Blue Note-klassikot, ECM-yhti\u00f6n tyylik\u00e4s kansitaide tai uuden kotimaisen TUM Recordsin viimeistellyt tuotteet. Nordic Project sen sijaan k\u00e4rsii harvinaisen mauttomista, jopa luotaanty\u00f6nt\u00e4vist\u00e4 kansista, jotka eiv\u00e4t mill\u00e4\u00e4n tavalla tee oikeutta muusikoiden pyrkimyksille.<\/p>\n<p>Nordic Project on \u00e4skett\u00e4in valittu Suomen Jazzliiton kiertueelle syksyll\u00e4 2004. On t\u00e4ysi syy uskoa, ett\u00e4 juuri esiintymiset t\u00e4ytt\u00e4v\u00e4t levyn lupaukset ja kasvattavat projektista toimivan yhtyeen. <\/p>\n<p><strong>Antti Rissanen &#038; Ted Trimble<\/strong>: Nordic Project (Munich Records)<\/p>\n<p><em>Antti Rissanan; pasuuna, Jarmo Savolainen; piano, Ted Trimble; bass, Gene Calderazzo; rummut<\/em><\/p>\n<p>15.3. 2004<\/p>\n","protected":false},"excerpt":{"rendered":"<p>Nordic Project on nimens\u00e4 mukaisesti projektiluontoinen kokoonpano, siis t\u00e4t\u00e4 pari vuotta sitten \u00e4\u00e4nitetty\u00e4 levytyst\u00e4 varten koottu yhtye. Yhtyeen j\u00e4senet ovat monissa liemiss\u00e4 keitettyj\u00e4 jazzammattilaisia, kuten levykannen esittelytekstien loputtoman pitk\u00e4t referenssilistat vastustamattomasti kertovat. Levyn kuuntelu kuitenkin osoittaa, ett\u00e4 projektiyhtye ei viel\u00e4 t\u00e4ss\u00e4 vaiheessa toimi aivan saumattomasti. Monista hienoista hetkist\u00e4 ja taitavasta soitosta huolimatta musiikista j\u00e4\u00e4 hahmoton [&hellip;]<\/p>\n","protected":false},"author":1,"featured_media":0,"parent":3890,"menu_order":2,"comment_status":"open","ping_status":"open","template":"onecolumn-page.php","meta":{"ngg_post_thumbnail":0,"footnotes":""},"class_list":["post-3895","page","type-page","status-publish","hentry"],"jetpack_likes_enabled":false,"jetpack_sharing_enabled":true,"_links":{"self":[{"href":"https:\/\/www.valonkuvia.fi\/blogi\/wp-json\/wp\/v2\/pages\/3895","targetHints":{"allow":["GET"]}}],"collection":[{"href":"https:\/\/www.valonkuvia.fi\/blogi\/wp-json\/wp\/v2\/pages"}],"about":[{"href":"https:\/\/www.valonkuvia.fi\/blogi\/wp-json\/wp\/v2\/types\/page"}],"author":[{"embeddable":true,"href":"https:\/\/www.valonkuvia.fi\/blogi\/wp-json\/wp\/v2\/users\/1"}],"replies":[{"embeddable":true,"href":"https:\/\/www.valonkuvia.fi\/blogi\/wp-json\/wp\/v2\/comments?post=3895"}],"version-history":[{"count":2,"href":"https:\/\/www.valonkuvia.fi\/blogi\/wp-json\/wp\/v2\/pages\/3895\/revisions"}],"predecessor-version":[{"id":3897,"href":"https:\/\/www.valonkuvia.fi\/blogi\/wp-json\/wp\/v2\/pages\/3895\/revisions\/3897"}],"up":[{"embeddable":true,"href":"https:\/\/www.valonkuvia.fi\/blogi\/wp-json\/wp\/v2\/pages\/3890"}],"wp:attachment":[{"href":"https:\/\/www.valonkuvia.fi\/blogi\/wp-json\/wp\/v2\/media?parent=3895"}],"curies":[{"name":"wp","href":"https:\/\/api.w.org\/{rel}","templated":true}]}}