{"id":3901,"date":"2012-09-03T23:23:31","date_gmt":"2012-09-03T20:23:31","guid":{"rendered":"http:\/\/www.valonkuvia.fi\/blogi\/?page_id=3901"},"modified":"2012-09-03T23:24:08","modified_gmt":"2012-09-03T20:24:08","slug":"rolling-thunder-live-in-japan","status":"publish","type":"page","link":"https:\/\/www.valonkuvia.fi\/blogi\/jazzjutut\/levyarviot-q-t\/rolling-thunder-live-in-japan\/","title":{"rendered":"Rolling Thunder: Live In Japan"},"content":{"rendered":"<p>Jorma Tapion Rolling Thunder-yhtye teki viime vuoden lopulla kuukauden mittaisen Japanin kiertueen, jonka aikana Tokiossa \u00e4\u00e4nitettiin konsertti\u00e4\u00e4nite &#8221;Live In Japan&#8221;. Levylle tallennettiin kahden illan aikana yhdeks\u00e4n kappaletta, jotka v\u00e4litt\u00e4v\u00e4t kuulijalle yhtyeen monipuoliset keinovalikoimat ja laajan tunneasteikon. <\/p>\n<p>Jorma Tapio on saksofonistina suoraviivainen ja soundiltaan j\u00e4m\u00e4kk\u00e4. H\u00e4n v\u00e4ltt\u00e4\u00e4 kaikkea koristeellisuutta ja lataa v\u00e4keviin sooloihinsa v\u00e4hitellen kasvavaa intensiteetti\u00e4, hyv\u00e4n\u00e4 esimerkkin\u00e4 l\u00e4hes perinteisen jazzsvengin varaan rakentuva &#8221;Farewell Song&#8221;. Coltranen my\u00f6h\u00e4istuotannosta poimittu &#8221;To Be&#8221; ja muut huilukappaleet tuovat selvimmin esille Tapion runollisen ja herk\u00e4n puolen.<\/p>\n<p>Yhtyeen omaper\u00e4inen pianisti ja harpisti Iro Haarla pit\u00e4\u00e4 mieluummin tauon siin\u00e4 paikassa, miss\u00e4 joku toinen soittaja kerskailee virtuositeetillaan. Haarlan hapuilevan harkitsevat soolot luovat j\u00e4nnitt\u00e4v\u00e4n vastakohdan Tapion saksofonin voimalle. Haarla soittaa levyll\u00e4 my\u00f6s harppua, joka on aika harvinainen vieras jazzlevyill\u00e4. Harpun sointi on perinteisell\u00e4 tavalla kaunista, kuten &#8221;Tuuliviirin&#8221; melodinen soolo-osuus osoittaa. <\/p>\n<p>Uffe Krokfors n\u00e4ytt\u00e4\u00e4 j\u00e4lleen kerran olevansa er\u00e4s nykyjazzin basistihuipuista, t\u00e4m\u00e4nkin yhtyeen luotettava selk\u00e4ranka. Krokfors soittaa kaksi pitk\u00e4\u00e4 sooloa, jotka valottavat hienosti bassoimprovisaation mahdollisuuksia. Edell\u00e4 mainittuun &#8221;Tuuliviiriin&#8221; Krokfors soittaa jousella tummas\u00e4vyisen intron sek\u00e4 n\u00e4pp\u00e4ilee &#8221;Mellansongin&#8221; alkuun l\u00e4hes viisi minuuttia pitk\u00e4n, j\u00e4nnitt\u00e4v\u00e4n bassosoolon. Vesalansa tarkoin opiskellut rumpali Tom Nekljudow hy\u00f6dynt\u00e4\u00e4 ly\u00f6m\u00e4soitinten koko v\u00e4riasteikkoa. \u00c4\u00e4rip\u00e4it\u00e4 ovat &#8221;Northern Gardenin&#8221; herkk\u00e4 kosketus ja &#8221;Moving Fingersin&#8221; hurja energia.<\/p>\n<p>Rolling Thunder soittaa Vesalan ja Coltranen perinteist\u00e4 kasvavaa free jazzia, ei kuitenkaan t\u00e4ysin vapaata improvisaatiota, vaan s\u00e4vellyksiin perustuvaa keskustelua ja kuuntelevaa vuorovaikutusta. Yhtye on ilmiselv\u00e4sti ollut Tokion klubi-illoissa todella hyv\u00e4ss\u00e4 vireess\u00e4 ja konserttien keskittynyt tunnelma on vangittu onnistuneesti my\u00f6s levylle. <\/p>\n<p><strong>Rolling Thunder<\/strong>: Live In Japan (Aketa\u00b4s Disk)<\/p>\n<p><em>Jorma Tapio; tenorisaksofoni, huilu, bassoklarinetti, Iro Haarla; piano, Uffe Krokfors; basso, Tom Nekljudow; rummut<\/em><\/p>\n<p>9.9. 2003<\/p>\n","protected":false},"excerpt":{"rendered":"<p>Jorma Tapion Rolling Thunder-yhtye teki viime vuoden lopulla kuukauden mittaisen Japanin kiertueen, jonka aikana Tokiossa \u00e4\u00e4nitettiin konsertti\u00e4\u00e4nite &#8221;Live In Japan&#8221;. Levylle tallennettiin kahden illan aikana yhdeks\u00e4n kappaletta, jotka v\u00e4litt\u00e4v\u00e4t kuulijalle yhtyeen monipuoliset keinovalikoimat ja laajan tunneasteikon. Jorma Tapio on saksofonistina suoraviivainen ja soundiltaan j\u00e4m\u00e4kk\u00e4. H\u00e4n v\u00e4ltt\u00e4\u00e4 kaikkea koristeellisuutta ja lataa v\u00e4keviin sooloihinsa v\u00e4hitellen kasvavaa intensiteetti\u00e4, [&hellip;]<\/p>\n","protected":false},"author":1,"featured_media":0,"parent":3890,"menu_order":4,"comment_status":"open","ping_status":"open","template":"onecolumn-page.php","meta":{"ngg_post_thumbnail":0,"footnotes":""},"class_list":["post-3901","page","type-page","status-publish","hentry"],"jetpack_likes_enabled":false,"jetpack_sharing_enabled":true,"_links":{"self":[{"href":"https:\/\/www.valonkuvia.fi\/blogi\/wp-json\/wp\/v2\/pages\/3901","targetHints":{"allow":["GET"]}}],"collection":[{"href":"https:\/\/www.valonkuvia.fi\/blogi\/wp-json\/wp\/v2\/pages"}],"about":[{"href":"https:\/\/www.valonkuvia.fi\/blogi\/wp-json\/wp\/v2\/types\/page"}],"author":[{"embeddable":true,"href":"https:\/\/www.valonkuvia.fi\/blogi\/wp-json\/wp\/v2\/users\/1"}],"replies":[{"embeddable":true,"href":"https:\/\/www.valonkuvia.fi\/blogi\/wp-json\/wp\/v2\/comments?post=3901"}],"version-history":[{"count":3,"href":"https:\/\/www.valonkuvia.fi\/blogi\/wp-json\/wp\/v2\/pages\/3901\/revisions"}],"predecessor-version":[{"id":3903,"href":"https:\/\/www.valonkuvia.fi\/blogi\/wp-json\/wp\/v2\/pages\/3901\/revisions\/3903"}],"up":[{"embeddable":true,"href":"https:\/\/www.valonkuvia.fi\/blogi\/wp-json\/wp\/v2\/pages\/3890"}],"wp:attachment":[{"href":"https:\/\/www.valonkuvia.fi\/blogi\/wp-json\/wp\/v2\/media?parent=3901"}],"curies":[{"name":"wp","href":"https:\/\/api.w.org\/{rel}","templated":true}]}}