{"id":3907,"date":"2012-09-03T23:27:24","date_gmt":"2012-09-03T20:27:24","guid":{"rendered":"http:\/\/www.valonkuvia.fi\/blogi\/?page_id=3907"},"modified":"2012-09-03T23:27:24","modified_gmt":"2012-09-03T20:27:24","slug":"bruno-raberg-presence","status":"publish","type":"page","link":"https:\/\/www.valonkuvia.fi\/blogi\/jazzjutut\/levyarviot-q-t\/bruno-raberg-presence\/","title":{"rendered":"Bruno R\u00e5berg: Presence"},"content":{"rendered":"<p>Jazzin kotimaa Yhdysvallat vet\u00e4\u00e4 soitto- ja opiskelumahdollisuuksineen puoleensa monia eurooppalaisia muusikoita. Niinp\u00e4 my\u00f6s ruotsalainen basisti Bruno R\u00e5berg asuu ja opettaa Bostonissa. H\u00e4nen triossaan j\u00e4senet, norjalainen fonisti Ole Mathisen ja italialainen rumpali Marcello Pellitteri, asuvat New Yorkissa ja ovat opiskelleet amerikkalaisissa musiikkioppilaitoksissa. <\/p>\n<p>Vahvoista amerikkalaisista yhteyksist\u00e4 huolimatta R\u00e5bergin kolmas albumi &#8221;Presence&#8221; on hengelt\u00e4\u00e4n hyvin eurooppalainen, mieleen nousee vertailukohdaksi ECM:n hienostunut kamarijazz. Suurin osa levyn materiaalista on R\u00e5bergin k\u00e4sialaa, mukana on yksi ruotsalainen kansans\u00e4velm\u00e4 ja kaksi vapaata improvisaatiota. Koska kyse on basistin levyst\u00e4, ei ole ihme, ett\u00e4 s\u00e4vellykset rakentuvat useimmiten selke\u00e4n ja toistuvan bassokuvion varaan. R\u00e5bergin j\u00e4ntev\u00e4 basso on onnistuttu vangitsemaan levylle kauniisti. <\/p>\n<p>&#8221;Presence&#8221; on herk\u00e4sti soitettua, hillitty\u00e4 ja vapaamuotoista nykyjazzia. V\u00e4lill\u00e4 suorastaan kuitenkin toivoo, ett\u00e4 trio antautuisi useammin sellaisten tunnekuohujen valtaan, joista levyn pisin kappale &#8221;Twin Spirits&#8221; antaa v\u00e4lill\u00e4 viitteit\u00e4.<\/p>\n<p><strong>Bruno R\u00e5berg<\/strong>: (Presence OrbisMusic)<\/p>\n<p><em>Ole Mathisen; sopraano- ja tenorisaksofoni, klarinetti, Bruno R\u00e5berg; basso, Marcello Pellitteri; rummut<\/em><\/p>\n<p>28.8.2000<\/p>\n","protected":false},"excerpt":{"rendered":"<p>Jazzin kotimaa Yhdysvallat vet\u00e4\u00e4 soitto- ja opiskelumahdollisuuksineen puoleensa monia eurooppalaisia muusikoita. Niinp\u00e4 my\u00f6s ruotsalainen basisti Bruno R\u00e5berg asuu ja opettaa Bostonissa. H\u00e4nen triossaan j\u00e4senet, norjalainen fonisti Ole Mathisen ja italialainen rumpali Marcello Pellitteri, asuvat New Yorkissa ja ovat opiskelleet amerikkalaisissa musiikkioppilaitoksissa. Vahvoista amerikkalaisista yhteyksist\u00e4 huolimatta R\u00e5bergin kolmas albumi &#8221;Presence&#8221; on hengelt\u00e4\u00e4n hyvin eurooppalainen, mieleen nousee [&hellip;]<\/p>\n","protected":false},"author":1,"featured_media":0,"parent":3890,"menu_order":6,"comment_status":"open","ping_status":"open","template":"onecolumn-page.php","meta":{"ngg_post_thumbnail":0,"footnotes":""},"class_list":["post-3907","page","type-page","status-publish","hentry"],"jetpack_likes_enabled":false,"jetpack_sharing_enabled":true,"_links":{"self":[{"href":"https:\/\/www.valonkuvia.fi\/blogi\/wp-json\/wp\/v2\/pages\/3907","targetHints":{"allow":["GET"]}}],"collection":[{"href":"https:\/\/www.valonkuvia.fi\/blogi\/wp-json\/wp\/v2\/pages"}],"about":[{"href":"https:\/\/www.valonkuvia.fi\/blogi\/wp-json\/wp\/v2\/types\/page"}],"author":[{"embeddable":true,"href":"https:\/\/www.valonkuvia.fi\/blogi\/wp-json\/wp\/v2\/users\/1"}],"replies":[{"embeddable":true,"href":"https:\/\/www.valonkuvia.fi\/blogi\/wp-json\/wp\/v2\/comments?post=3907"}],"version-history":[{"count":2,"href":"https:\/\/www.valonkuvia.fi\/blogi\/wp-json\/wp\/v2\/pages\/3907\/revisions"}],"predecessor-version":[{"id":3909,"href":"https:\/\/www.valonkuvia.fi\/blogi\/wp-json\/wp\/v2\/pages\/3907\/revisions\/3909"}],"up":[{"embeddable":true,"href":"https:\/\/www.valonkuvia.fi\/blogi\/wp-json\/wp\/v2\/pages\/3890"}],"wp:attachment":[{"href":"https:\/\/www.valonkuvia.fi\/blogi\/wp-json\/wp\/v2\/media?parent=3907"}],"curies":[{"name":"wp","href":"https:\/\/api.w.org\/{rel}","templated":true}]}}