{"id":3927,"date":"2012-09-04T22:56:56","date_gmt":"2012-09-04T19:56:56","guid":{"rendered":"http:\/\/www.valonkuvia.fi\/blogi\/?page_id=3927"},"modified":"2012-09-04T22:56:56","modified_gmt":"2012-09-04T19:56:56","slug":"stevens-siegel-ferguson-featuring-valery-ponomarev-panorama","status":"publish","type":"page","link":"https:\/\/www.valonkuvia.fi\/blogi\/jazzjutut\/levyarviot-q-t\/stevens-siegel-ferguson-featuring-valery-ponomarev-panorama\/","title":{"rendered":"Stevens, Siegel &#038; Ferguson featuring Valery Ponomarev: Panorama"},"content":{"rendered":"<p>Amerikkalainen pianisti Michael Jefry Stevens on uusi tuttavuus, jonka taustojen selvittely paljastaa, ett\u00e4 h\u00e4nell\u00e4 on jo pitk\u00e4\u00e4n ollut monta rautaa tulessa. Stevens on levytt\u00e4nyt pari levy\u00e4 Leo Recordsille omissa nimiss\u00e4\u00e4n ja yhdess\u00e4 basisti Joe Fondan kanssa Music &#038; Arts-merkille nimell\u00e4 Fonda\/Stevens Group. Trio Stevens, Siegel &#038; Ferguson on tehnyt kanssa kaksi levy\u00e4 pienelle Imaginary Records-merkille, jonka muuhun tuotantoon kuuluu luettelon mukaan my\u00f6s kokeellista rockia. Stevensin yhteisty\u00f6kumppaneita ovat viel\u00e4 olleet esimerkiksi Dave Douglas, Mark Feldman ja Gerry Hemingway. <\/p>\n<p>Kaikki viittaa siis jonkin sortin nykyjazzin suuntaan Uudella Panorama-levyll\u00e4 vierailevana trumpetistina on kuitenkin Valery Ponomarev, joka emigroitui jo 1970-luvulla Neuvostoliitosta ja p\u00e4\u00e4si yhteen Art Blakeyn monista Jazz Messergers-versioista. Sittemmin Ponomarev on jatkanut uraansa hard bop-pohjalta. Ehk\u00e4 juuri h\u00e4nen vaikutuksestaan Panorama on varsin tavanomaista solisti ja komppi-pohjalta toteutettua jazzia. Niin syntyy helposti viihdytt\u00e4v\u00e4 ilta jazzklubille, mutta kiinnostavan levyn tekeminen on vaikeampaa. <\/p>\n<p>Panorama alkaa lupaavasti ja vahvasti. Kaksi ensimm\u00e4ist\u00e4 kappaletta, Siegelin Magigal Spaces ja Colemanin Lonely Woman,  ovat levyn parhaimmat. Stevens soittaa n\u00e4iss\u00e4 emotionaaliset, v\u00e4lill\u00e4 vapaamuotoiset pianosoolot, mutta tyytyy jostain syyst\u00e4 jatkossa tavanomaisempaan ilmaisuun. Ponomarev soittaa parhaiden hard bop-perinteiden mukaisesti ja s\u00e4est\u00e4v\u00e4 trio on yhteen hitsautunut. Tuloksena on mainio trumpettilevy, joka ei aivan t\u00e4yt\u00e4 ensimm\u00e4isten kappaleiden lupausta, mutta her\u00e4tt\u00e4\u00e4 kiinnostuksen Stevensin on muita projekteja kohtaan.<\/p>\n<p><strong>Stevens, Siegel &#038; Ferguson<\/strong> featuring Valery Ponomarev: Panorama (Imaginary Records)<\/p>\n<p><em>Valery Ponomarev trumpetti, taskutrumpetti ja flyygelitorvi; Michael Jefry Stevens piano; Tim Ferguson basso; Jeff &#8221;Siege&#8221; Siegel rummut<\/em><\/p>\n<p>1.5.1999<\/p>\n","protected":false},"excerpt":{"rendered":"<p>Amerikkalainen pianisti Michael Jefry Stevens on uusi tuttavuus, jonka taustojen selvittely paljastaa, ett\u00e4 h\u00e4nell\u00e4 on jo pitk\u00e4\u00e4n ollut monta rautaa tulessa. Stevens on levytt\u00e4nyt pari levy\u00e4 Leo Recordsille omissa nimiss\u00e4\u00e4n ja yhdess\u00e4 basisti Joe Fondan kanssa Music &#038; Arts-merkille nimell\u00e4 Fonda\/Stevens Group. Trio Stevens, Siegel &#038; Ferguson on tehnyt kanssa kaksi levy\u00e4 pienelle Imaginary Records-merkille, [&hellip;]<\/p>\n","protected":false},"author":1,"featured_media":0,"parent":3890,"menu_order":10,"comment_status":"open","ping_status":"open","template":"onecolumn-page.php","meta":{"ngg_post_thumbnail":0,"footnotes":""},"class_list":["post-3927","page","type-page","status-publish","hentry"],"jetpack_likes_enabled":false,"jetpack_sharing_enabled":true,"_links":{"self":[{"href":"https:\/\/www.valonkuvia.fi\/blogi\/wp-json\/wp\/v2\/pages\/3927","targetHints":{"allow":["GET"]}}],"collection":[{"href":"https:\/\/www.valonkuvia.fi\/blogi\/wp-json\/wp\/v2\/pages"}],"about":[{"href":"https:\/\/www.valonkuvia.fi\/blogi\/wp-json\/wp\/v2\/types\/page"}],"author":[{"embeddable":true,"href":"https:\/\/www.valonkuvia.fi\/blogi\/wp-json\/wp\/v2\/users\/1"}],"replies":[{"embeddable":true,"href":"https:\/\/www.valonkuvia.fi\/blogi\/wp-json\/wp\/v2\/comments?post=3927"}],"version-history":[{"count":2,"href":"https:\/\/www.valonkuvia.fi\/blogi\/wp-json\/wp\/v2\/pages\/3927\/revisions"}],"predecessor-version":[{"id":3929,"href":"https:\/\/www.valonkuvia.fi\/blogi\/wp-json\/wp\/v2\/pages\/3927\/revisions\/3929"}],"up":[{"embeddable":true,"href":"https:\/\/www.valonkuvia.fi\/blogi\/wp-json\/wp\/v2\/pages\/3890"}],"wp:attachment":[{"href":"https:\/\/www.valonkuvia.fi\/blogi\/wp-json\/wp\/v2\/media?parent=3927"}],"curies":[{"name":"wp","href":"https:\/\/api.w.org\/{rel}","templated":true}]}}