{"id":3930,"date":"2012-09-04T23:01:50","date_gmt":"2012-09-04T20:01:50","guid":{"rendered":"http:\/\/www.valonkuvia.fi\/blogi\/?page_id=3930"},"modified":"2014-05-31T23:52:19","modified_gmt":"2014-05-31T20:52:19","slug":"lalle-svensson-i-should-care","status":"publish","type":"page","link":"https:\/\/www.valonkuvia.fi\/blogi\/jazzjutut\/levyarviot-q-t\/lalle-svensson-i-should-care\/","title":{"rendered":"Lalle Svensson: I Should Care"},"content":{"rendered":"<p>Vaikka levykansitekstiss\u00e4 ei aivan suoraan sanotakaan, rivien v\u00e4list\u00e4 voi lukea, ett\u00e4 ruotsalainen trumpetisti Lalle Svensson (1938-1990) oli originelli el\u00e4m\u00e4ntaitelija, jonka yst\u00e4v\u00e4piiriin kuuluivat mm. sellaiset el\u00e4m\u00e4ntaitelijat kuin Chet Baker ja Jackie McLean. Pariisissa pitk\u00e4\u00e4n asunut Lalle Svensson j\u00e4i el\u00e4ess\u00e4\u00e4n paitsi ansaitsemaansa huomiota ja arvostusta. Niinp\u00e4 ensimm\u00e4iset levytykset omalla nimell\u00e4 ilmestyv\u00e4t vasta 1970-luvun puoliv\u00e4liss\u00e4, vaikka Svensson aloitti jazzuransa dixiepianistina ja -pasunistina jo 1950-luvulla Pygm\u00e9 Jazzbandiss\u00e4. Yhtye vaihtoi nimens\u00e4 Eje Thelin Quintetiksi ja siirtyi moderniin jazziin vuonna 1956. Svensson soitti t\u00e4ss\u00e4 pasunisti Thelinin yhtyeess\u00e4 venttiilipasuunaa! <\/p>\n<p>Siirrytty\u00e4\u00e4n trumpetistiksi Svensson solmi pitk\u00e4aikaisen yhteisty\u00f6suhteen saksofonisti Bernt Rosengrenin kanssa. Rosengren onkin mukana tuoreella &#8221;I Should Care&#8221;-levyll\u00e4, joka sis\u00e4lt\u00e4\u00e4 live\u00e4\u00e4nityksi\u00e4 ja radioesiintymisi\u00e4 1960-luvulta. Levyn musiikki rikkoo ennakkok\u00e4sityksi\u00e4 viile\u00e4st\u00e4 ruotsalaisesta jazzista, sen verran v\u00e4kev\u00e4\u00e4 musiikkia nauhalle on aikoinaan tarttunut. Svensson ja Rosengren ovat mainiosti toisiaan t\u00e4ydent\u00e4v\u00e4 puhaltajapari. Svenssonin hauraan soundin ja omaper\u00e4isen hapuilevan fraseerauksen kontrastiksi asettuu Rosengrenin j\u00e4m\u00e4k\u00e4n m\u00e4\u00e4r\u00e4tietoinen svengi. &#8221;I Should Care&#8221; on voimakasta hard bopia, joka todella ansaitsee tulla julkaistuksi ja kuunnelluksi viel\u00e4 vuosikymmeni\u00e4 soittamisensa j\u00e4lkeenkin. <\/p>\n<p><strong>Lalle Svensson<\/strong>: I Should Care (Amigo)<\/p>\n<p><em>Lalle Svensson; trumpetti. Levyll\u00e4 soittaa eri kokoonpanoja, mukana mm. Bernt Rosengren; tenorisaksofoni, Lars Sj\u00f6sten, Claes-G\u00f6ran Fagerstedt: piano, Torbj\u00f6rn Hultcrantz, Bj\u00f6rn Alke; basso, Sune Sp\u00e5nberg, Leif Wennerstr\u00f6m, Bosse Skoglund; rummut, Nannie Porres; laulu <\/em><\/p>\n<p>4.10.1999<\/p>\n","protected":false},"excerpt":{"rendered":"<p>Vaikka levykansitekstiss\u00e4 ei aivan suoraan sanotakaan, rivien v\u00e4list\u00e4 voi lukea, ett\u00e4 ruotsalainen trumpetisti Lalle Svensson (1938-1990) oli originelli el\u00e4m\u00e4ntaitelija, jonka yst\u00e4v\u00e4piiriin kuuluivat mm. sellaiset el\u00e4m\u00e4ntaitelijat kuin Chet Baker ja Jackie McLean. Pariisissa pitk\u00e4\u00e4n asunut Lalle Svensson j\u00e4i el\u00e4ess\u00e4\u00e4n paitsi ansaitsemaansa huomiota ja arvostusta. Niinp\u00e4 ensimm\u00e4iset levytykset omalla nimell\u00e4 ilmestyv\u00e4t vasta 1970-luvun puoliv\u00e4liss\u00e4, vaikka Svensson aloitti [&hellip;]<\/p>\n","protected":false},"author":1,"featured_media":0,"parent":3890,"menu_order":11,"comment_status":"open","ping_status":"open","template":"onecolumn-page.php","meta":{"ngg_post_thumbnail":0,"footnotes":""},"class_list":["post-3930","page","type-page","status-publish","hentry"],"jetpack_likes_enabled":false,"jetpack_sharing_enabled":true,"_links":{"self":[{"href":"https:\/\/www.valonkuvia.fi\/blogi\/wp-json\/wp\/v2\/pages\/3930","targetHints":{"allow":["GET"]}}],"collection":[{"href":"https:\/\/www.valonkuvia.fi\/blogi\/wp-json\/wp\/v2\/pages"}],"about":[{"href":"https:\/\/www.valonkuvia.fi\/blogi\/wp-json\/wp\/v2\/types\/page"}],"author":[{"embeddable":true,"href":"https:\/\/www.valonkuvia.fi\/blogi\/wp-json\/wp\/v2\/users\/1"}],"replies":[{"embeddable":true,"href":"https:\/\/www.valonkuvia.fi\/blogi\/wp-json\/wp\/v2\/comments?post=3930"}],"version-history":[{"count":2,"href":"https:\/\/www.valonkuvia.fi\/blogi\/wp-json\/wp\/v2\/pages\/3930\/revisions"}],"predecessor-version":[{"id":8323,"href":"https:\/\/www.valonkuvia.fi\/blogi\/wp-json\/wp\/v2\/pages\/3930\/revisions\/8323"}],"up":[{"embeddable":true,"href":"https:\/\/www.valonkuvia.fi\/blogi\/wp-json\/wp\/v2\/pages\/3890"}],"wp:attachment":[{"href":"https:\/\/www.valonkuvia.fi\/blogi\/wp-json\/wp\/v2\/media?parent=3930"}],"curies":[{"name":"wp","href":"https:\/\/api.w.org\/{rel}","templated":true}]}}