{"id":3940,"date":"2012-09-04T23:09:25","date_gmt":"2012-09-04T20:09:25","guid":{"rendered":"http:\/\/www.valonkuvia.fi\/blogi\/?page_id=3940"},"modified":"2012-09-04T23:09:40","modified_gmt":"2012-09-04T20:09:40","slug":"lenni-kalle-taipale-trio-lumia","status":"publish","type":"page","link":"https:\/\/www.valonkuvia.fi\/blogi\/jazzjutut\/levyarviot-q-t\/lenni-kalle-taipale-trio-lumia\/","title":{"rendered":"Lenni-Kalle Taipale Trio: Lumia"},"content":{"rendered":"<p>Lenni-Kalle Taipale Trio on uudella &#8221;Lumia&#8221;-levyll\u00e4\u00e4n vankasti kiinni pianotriojazzin trendeiss\u00e4. Kuten ruotsalainen Esbj\u00f6rn Svensson Trio eli E.S.T. viimeisimmill\u00e4 levyill\u00e4\u00e4n, v\u00e4ritt\u00e4\u00e4 my\u00f6s Lenni-Kalle Taipale Trio uutuuttaan s\u00e4hk\u00f6isesti ohjelmoiduilla soundeilla ja efekteill\u00e4. Ja siin\u00e4 miss\u00e4 esimerkiksi Brad Mehldau tulkitsee levyill\u00e4\u00e4n uutta rockia, esim. Radioheadin musiikkia, on Taipale ottanut k\u00e4sittelyyns\u00e4 kotimaisen Rasmus-yhtyeen kappaleen &#8221;Chill&#8221;.<\/p>\n<p>Taipaleen trio soittaa ihailtavan vaivattomasti ja muotoilee jokaiselle kappaleelle oman ilmeen, jolloin vaihtelevasta kokonaisuudesta tulee sujuvasti kuunneltava. Levyn avausraita &#8221;Jazzarin mopo keulii&#8221; ja heti per\u00e4\u00e4n tuleva &#8221;Attribuutti&#8221; ovat mainioita esimerkkej\u00e4 triosta parhaimmillaan, molemmat pursuavat melodisen vauhdikkaasti kulkevaa svengi\u00e4 ja s\u00e4vykk\u00e4\u00e4sti toteutettuja yksityiskohtia. Levyn hienointa antia on herk\u00e4n basson varaan rakentuva ja raikas versio Wayne Shorterin usein soitetusta kappaleesta &#8221;Footprints&#8221;. Onnistunut on my\u00f6s Ari-Pekka Anttilan s\u00e4vellykseen ja Ira Kaspin sanoihin perustuva &#8221;Saarni&#8221;, juuri sellainen kaunis ja pelkistetty laulu, jossa vierailevan laulusolistin Johanna Iivanaisen kuulas \u00e4\u00e4ni p\u00e4\u00e4see oikeuksiinsa. Laulun melodia j\u00e4\u00e4kin soimaan mieleen pitk\u00e4ksi aikaa. Sen sijaan &#8221;Con Clave&#8221; maistuu efekteineen hieman muoviselta, vaikka se huipentuu Toni Porth\u00e9nin intensiiviseen rumpusooloon. Levyn toisen vieraan, rap-artisti Pikku-G:n, t\u00e4hditt\u00e4m\u00e4 ja tahdittama r\u00e4v\u00e4kk\u00e4 p\u00e4\u00e4t\u00f6sraita &#8221;Salakka&#8221; ylist\u00e4\u00e4 levyn musiikkia, mutta lienee sukupolvikysymys, kun &#8221;Salakan&#8221; vitsi ei minulle aukene.<\/p>\n<p>Taipale itse ei ainakaan t\u00e4ll\u00e4 levyll\u00e4 n\u00e4ytt\u00e4ydy erityisen persoonallisena improvisoijana. H\u00e4nen toisaalta sulavasti helmeilev\u00e4 ja toisaalta rytmisesti napakka soittonsa on sin\u00e4ns\u00e4 nautittavaa. Taipale ei kuitenkaan pyri irrottelemaan tai tavoittamaan suuria syvyyksi\u00e4, vaan liikkuu tarkoituksella tutun turvallisilla vesill\u00e4. N\u00e4in Lenni-Kalle Taipale Trion &#8221;Lumia&#8221; on viimeistellysti tuotettua ja ajan hengess\u00e4 liikkuvaa pianotriojazzia, tosin paikoin jopa pinnallisuuteen asti helposti sulavaa.<\/p>\n<p><strong>Lenni-Kalle Taipale Trio<\/strong>: Lumia (Warner)<\/p>\n<p><em>Lenni-Kalle Taipale; piano, Rhodes, Ari-Pekka Anttila; basso, Toni Porth\u00e9n; rummut, Johanna Iivanainen; laulu, Pikku-G; rap<\/em><\/p>\n<p>30.11.2005<\/p>\n","protected":false},"excerpt":{"rendered":"<p>Lenni-Kalle Taipale Trio on uudella &#8221;Lumia&#8221;-levyll\u00e4\u00e4n vankasti kiinni pianotriojazzin trendeiss\u00e4. Kuten ruotsalainen Esbj\u00f6rn Svensson Trio eli E.S.T. viimeisimmill\u00e4 levyill\u00e4\u00e4n, v\u00e4ritt\u00e4\u00e4 my\u00f6s Lenni-Kalle Taipale Trio uutuuttaan s\u00e4hk\u00f6isesti ohjelmoiduilla soundeilla ja efekteill\u00e4. Ja siin\u00e4 miss\u00e4 esimerkiksi Brad Mehldau tulkitsee levyill\u00e4\u00e4n uutta rockia, esim. Radioheadin musiikkia, on Taipale ottanut k\u00e4sittelyyns\u00e4 kotimaisen Rasmus-yhtyeen kappaleen &#8221;Chill&#8221;. Taipaleen trio soittaa ihailtavan [&hellip;]<\/p>\n","protected":false},"author":1,"featured_media":0,"parent":3890,"menu_order":13,"comment_status":"open","ping_status":"open","template":"onecolumn-page.php","meta":{"ngg_post_thumbnail":0,"footnotes":""},"class_list":["post-3940","page","type-page","status-publish","hentry"],"jetpack_likes_enabled":false,"jetpack_sharing_enabled":true,"_links":{"self":[{"href":"https:\/\/www.valonkuvia.fi\/blogi\/wp-json\/wp\/v2\/pages\/3940","targetHints":{"allow":["GET"]}}],"collection":[{"href":"https:\/\/www.valonkuvia.fi\/blogi\/wp-json\/wp\/v2\/pages"}],"about":[{"href":"https:\/\/www.valonkuvia.fi\/blogi\/wp-json\/wp\/v2\/types\/page"}],"author":[{"embeddable":true,"href":"https:\/\/www.valonkuvia.fi\/blogi\/wp-json\/wp\/v2\/users\/1"}],"replies":[{"embeddable":true,"href":"https:\/\/www.valonkuvia.fi\/blogi\/wp-json\/wp\/v2\/comments?post=3940"}],"version-history":[{"count":3,"href":"https:\/\/www.valonkuvia.fi\/blogi\/wp-json\/wp\/v2\/pages\/3940\/revisions"}],"predecessor-version":[{"id":3943,"href":"https:\/\/www.valonkuvia.fi\/blogi\/wp-json\/wp\/v2\/pages\/3940\/revisions\/3943"}],"up":[{"embeddable":true,"href":"https:\/\/www.valonkuvia.fi\/blogi\/wp-json\/wp\/v2\/pages\/3890"}],"wp:attachment":[{"href":"https:\/\/www.valonkuvia.fi\/blogi\/wp-json\/wp\/v2\/media?parent=3940"}],"curies":[{"name":"wp","href":"https:\/\/api.w.org\/{rel}","templated":true}]}}