{"id":395,"date":"2011-07-13T17:54:57","date_gmt":"2011-07-13T14:54:57","guid":{"rendered":"http:\/\/www.valonkuvia.fi\/blogi\/?page_id=395"},"modified":"2011-07-13T17:54:57","modified_gmt":"2011-07-13T14:54:57","slug":"ristiriitainen-billie","status":"publish","type":"page","link":"https:\/\/www.valonkuvia.fi\/blogi\/jazzjutut\/2008-2\/ristiriitainen-billie\/","title":{"rendered":"Ristiriitainen Billie"},"content":{"rendered":"<p>Amerikkalainen kirjailija Linda Kuehl aloitti 1970-luvulla laulaja Billie Holidayn el\u00e4m\u00e4kerran kirjoittamisen. H\u00e4n koetti tavoittaa mahdollisimman monta Holidayn kanssa tekemisiss\u00e4 ollutta ihmist\u00e4 ja onnistui haastattelemaan noin sataaviitt\u00e4kymment\u00e4 henkil\u00f6\u00e4. H\u00e4n kokosi my\u00f6s laajan kokoelman kaikkea Holidayn el\u00e4m\u00e4\u00e4n liittyv\u00e4\u00e4: lehtileikkeit\u00e4, kirjeit\u00e4, valokuvia, oikeuden p\u00f6yt\u00e4kirjoja ja jopa muistilappuja ruokaostoksia varten. Kirjan kirjoittaminen ei kuitenkaan sujunut ja pakkomielteeksi muodostunut kirjahanke ajoi osaltaan Kuehlin itsemurhaan vuonna 1979.<\/p>\n<p>Materiaali p\u00e4\u00e4tyi viimein englantilaisen kirjailijan Julia Blackburnin haltuun. H\u00e4n ty\u00f6sti aineistosta kirjan, jossa \u00e4\u00e4neen p\u00e4\u00e4sev\u00e4t niin Holidayn puolisot, yst\u00e4v\u00e4t, ty\u00f6toverit kuin huumepoliisitkin. Kaikki kertojat l\u00e4hestyv\u00e4t aihetta omasta n\u00e4k\u00f6kulmastaan ja esitt\u00e4v\u00e4t tilanteet usein omaksi edukseen. N\u00e4in laulajan el\u00e4m\u00e4st\u00e4 syntyy monipuolinen, mutta my\u00f6s ristiriitainen kuva.<\/p>\n<p>Billie Holiday syntyi vuonna 1915 Philadelphiassa, eik\u00e4 lapsuus tarjonnut h\u00e4nelle el\u00e4m\u00e4n ev\u00e4it\u00e4. \u00c4iti Sadie oli lastaan laiminly\u00f6nyt ja l\u00e4heisyyteen kykenem\u00e4t\u00f6n prostituoitu. Is\u00e4 Clarence Holiday oli ammattimuusikko, joka soitti kitaraa ajan merkkiyhtyeiss\u00e4, mm. Fletcher Hendersonin orkesterissa. H\u00e4nk\u00e4\u00e4n ei kyennyt pit\u00e4m\u00e4\u00e4n tyt\u00f6st\u00e4 huolta ja Holiday sijoitettiin lopulta koulukotiin kymmenvuotiaana. Sielt\u00e4 p\u00e4\u00e4sty\u00e4\u00e4n 11-vuotias Billie joutui naapurinsa raiskaamaksi ja j\u00e4lleen koulukotiin.<\/p>\n<p>Lapsuuden ankarat olot selitt\u00e4v\u00e4t varmasti Holidayn my\u00f6hemp\u00e4\u00e4 riippuvuuksien rampauttamaa el\u00e4m\u00e4\u00e4. Alkoholi, marihuana sek\u00e4 my\u00f6s kokaiini ja heroiini veiv\u00e4t suuren osan Holidayn ajasta ja varoista. Vaikka Holiday v\u00e4lill\u00e4 pysyi erossa huumeista, kului alkoholia jatkuvasti liikaa.<\/p>\n<p>Holiday oli kykenem\u00e4t\u00f6n tasa-arvoisiin suhteisiin miesten kanssa. H\u00e4n roikkui suhteissa v\u00e4kivaltaisten parittajien kanssa, jotka k\u00e4\u00e4riv\u00e4t omiin taskuihinsa huomattavan osan Holidayn tuloista. Er\u00e4s harvoista positiivisista ihmissuhteista Holidayn el\u00e4m\u00e4ss\u00e4 oli h\u00e4nen ja saksofonisti Lester Youngin l\u00e4heinen, platoniseksi tiedetty kumppanuus. Young oli kuitenkin itse niin autistinen persoona, ett\u00e4 h\u00e4nest\u00e4 ei ollut apua. Heid\u00e4n ammatillinen yhteisty\u00f6ns\u00e4 tuotti kuitenkin taiteellisesti kest\u00e4vi\u00e4 tuloksia.<\/p>\n<p>Holiday oli 1940-luvun lopulta kuolemaansa saakka hankaluuksissa huumepoliisin kanssa. Kirjassa v\u00e4itet\u00e4\u00e4n, ett\u00e4 FBI suorastaan vainosi h\u00e4nt\u00e4 ja tutki h\u00e4nen tekemisi\u00e4\u00e4n erityisen tarkasti. Holidayta ilmeisesti ep\u00e4iltiin kommunistiksi etel\u00e4valtioiden lynkkauksia kuvaavan &#8221;Strange Fruit&#8221;-laulun takia. Toisaalta FBI osoitti suurelle yleis\u00f6lle toimintansa tehoa pid\u00e4tt\u00e4ess\u00e4\u00e4n n\u00e4ytt\u00e4v\u00e4sti tunnettuja t\u00e4hti\u00e4. \u00c4skett\u00e4in televisiossa esitetyn J. Egdar Hoover-dokumentin perusteella sek\u00e4 poliittiset ett\u00e4 julkisuushakuiset motiivit tuntuvat uskottavilta.<\/p>\n<p>Blackburnin kirja luo vaikuttavan ja surullisen kuvan siit\u00e4 prostituution, huumeiden ja pikkurikollisuuden maailmasta, jossa Holiday eli. Sen sijaan se ei yrit\u00e4k\u00e4\u00e4n selitt\u00e4\u00e4, kuinka Holiday t\u00e4st\u00e4 maailmasta k\u00e4sin nousi 1900-luvun musiikin suurten klassikkojen joukkoon. Musiikista kiinnostuneiden kannattaa lis\u00e4ksi lukea my\u00f6s joku perinteinen el\u00e4m\u00e4kerta; esimerkiksi Stuart Nicholsonin &#8221;Billie Holiday&#8221; on p\u00e4tev\u00e4.<\/p>\n<p><em>Julia Blackburn: Billie Holiday. Muistoja jazzin kuningattaresta. Like Kustannus 2007. <\/em><\/p>\n<p><em>23.2.2008<\/em><\/p>\n","protected":false},"excerpt":{"rendered":"<p>Amerikkalainen kirjailija Linda Kuehl aloitti 1970-luvulla laulaja Billie Holidayn el\u00e4m\u00e4kerran kirjoittamisen. H\u00e4n koetti tavoittaa mahdollisimman monta Holidayn kanssa tekemisiss\u00e4 ollutta ihmist\u00e4 ja onnistui haastattelemaan noin sataaviitt\u00e4kymment\u00e4 henkil\u00f6\u00e4. H\u00e4n kokosi my\u00f6s laajan kokoelman kaikkea Holidayn el\u00e4m\u00e4\u00e4n liittyv\u00e4\u00e4: lehtileikkeit\u00e4, kirjeit\u00e4, valokuvia, oikeuden p\u00f6yt\u00e4kirjoja ja jopa muistilappuja ruokaostoksia varten. Kirjan kirjoittaminen ei kuitenkaan sujunut ja pakkomielteeksi muodostunut kirjahanke [&hellip;]<\/p>\n","protected":false},"author":1,"featured_media":0,"parent":391,"menu_order":0,"comment_status":"open","ping_status":"open","template":"onecolumn-page.php","meta":{"ngg_post_thumbnail":0,"footnotes":""},"class_list":["post-395","page","type-page","status-publish","hentry"],"jetpack_likes_enabled":false,"jetpack_sharing_enabled":true,"_links":{"self":[{"href":"https:\/\/www.valonkuvia.fi\/blogi\/wp-json\/wp\/v2\/pages\/395","targetHints":{"allow":["GET"]}}],"collection":[{"href":"https:\/\/www.valonkuvia.fi\/blogi\/wp-json\/wp\/v2\/pages"}],"about":[{"href":"https:\/\/www.valonkuvia.fi\/blogi\/wp-json\/wp\/v2\/types\/page"}],"author":[{"embeddable":true,"href":"https:\/\/www.valonkuvia.fi\/blogi\/wp-json\/wp\/v2\/users\/1"}],"replies":[{"embeddable":true,"href":"https:\/\/www.valonkuvia.fi\/blogi\/wp-json\/wp\/v2\/comments?post=395"}],"version-history":[{"count":1,"href":"https:\/\/www.valonkuvia.fi\/blogi\/wp-json\/wp\/v2\/pages\/395\/revisions"}],"predecessor-version":[{"id":396,"href":"https:\/\/www.valonkuvia.fi\/blogi\/wp-json\/wp\/v2\/pages\/395\/revisions\/396"}],"up":[{"embeddable":true,"href":"https:\/\/www.valonkuvia.fi\/blogi\/wp-json\/wp\/v2\/pages\/391"}],"wp:attachment":[{"href":"https:\/\/www.valonkuvia.fi\/blogi\/wp-json\/wp\/v2\/media?parent=395"}],"curies":[{"name":"wp","href":"https:\/\/api.w.org\/{rel}","templated":true}]}}