{"id":3954,"date":"2012-09-05T23:08:54","date_gmt":"2012-09-05T20:08:54","guid":{"rendered":"http:\/\/www.valonkuvia.fi\/blogi\/?page_id=3954"},"modified":"2012-09-05T23:08:54","modified_gmt":"2012-09-05T20:08:54","slug":"joona-toivanen-trio-frost","status":"publish","type":"page","link":"https:\/\/www.valonkuvia.fi\/blogi\/jazzjutut\/levyarviot-q-t\/joona-toivanen-trio-frost\/","title":{"rendered":"Joona Toivanen Trio: Frost"},"content":{"rendered":"<p>Kahden omakustanteena ilmestyneen levyn (&#8221;Numurkah&#8221;, 2000 ja &#8221;Lumous&#8221; 2002) j\u00e4lkeen Joona Toivanen Trio ottaa urallaan selke\u00e4n askeleen eteenp\u00e4in. Uusi &#8221;Frost&#8221; julkaistaan Blue Note-merkill\u00e4, mik\u00e4 toivottavasti avaa yhtyeelle entist\u00e4 enemm\u00e4n kansainv\u00e4lisi\u00e4 ovia. Nelj\u00e4n Olavi Louhivuoren ja nelj\u00e4n Joona Toivasen s\u00e4vellyksen melankolinen kokonaisuus maalaa nimens\u00e4 mukaisesti viileill\u00e4 s\u00e4vyill\u00e4. Trion musiikki on soittajien ik\u00e4 huomioon ottaen niin kyps\u00e4n tuntuista ilmaisua, ett\u00e4 kuulijan on pakko ihmetell\u00e4, minne saakka n\u00e4m\u00e4 miehet viel\u00e4 ehtiv\u00e4tk\u00e4\u00e4n, kun ik\u00e4 ja kokemus v\u00e4ist\u00e4m\u00e4tt\u00e4 karttuvat.<\/p>\n<p>&#8221;Frost&#8221; on yhten\u00e4inen ja luja levy, mutta samalla my\u00f6s v\u00e4h\u00e4eleisen vivahteikas. Se valottaa kuulaan melankolista pohjoista romantiikkaa monista eri kuvakulmista. Avausraidalla &#8221;Uik\u00fa&#8221; trio muotoilee luontevan draaman kaaren ja pitk\u00e4ll\u00e4 pianointrolla alkava kaunis nimikappale p\u00e4\u00e4ttyy lopulta Tapani Toivasen laulavaan bassosooloon. Intensiteetti\u00e4\u00e4n pikkuhiljaa lis\u00e4\u00e4v\u00e4n &#8221;Winged Escapen&#8221; huipennus on puolestaan Louhivuoren s\u00e4vyk\u00e4s rumpusoolo. Levyn keskivaiheilla, raidoilla &#8221;Morning Mist&#8221; ja &#8221;Gentle Lady&#8221;, trio luo levyn lyyrisimm\u00e4t hetket, kun taas loppupuolen &#8221;Poseidon&#8221; ja &#8221;Vocalise&#8221; yltyv\u00e4t hetkitt\u00e4in tavoittelemaan ronskimpiakin otteita. Vuolaana virtaavaan svengiin trio ei kuitenkaan miss\u00e4\u00e4n vaiheessa riehaannu, vaan s\u00e4ilytt\u00e4\u00e4 koko ajan tietyn pid\u00e4ttyv\u00e4n mietteli\u00e4isyyden. Levyn viimeinen kappale &#8221;Memory (of a friend) on pys\u00e4ytt\u00e4v\u00e4 ja harras.<\/p>\n<p>Joona Toivanen Trio on valinnut itselleen taiteellisesti kunnianhimoisen tien; trio n\u00e4ytt\u00e4\u00e4 pyrkiv\u00e4n levy levylt\u00e4 syvemm\u00e4lle, aina entist\u00e4 jalostuneempaan ilmaisuun. Yhtye j\u00e4tt\u00e4\u00e4 siis trendien pintakuohuilla ratsastamisen suosiolla muille ja luottaa oman n\u00e4kemyksens\u00e4 kantavuuteen. Monet ruotsalaiset levyt hienosti \u00e4\u00e4nitt\u00e4nyt Johannes Lundberg on tallentanut my\u00f6s &#8221;Frostin&#8221; musiikin l\u00e4mpim\u00e4sti ja t\u00e4ytel\u00e4isesti. <\/p>\n<p><strong>Joona Toivanen Trio<\/strong>: Frost (Blue Note)<\/p>\n<p><em>Joona Toivanen; piano, Tapani Toivanen; basso, Olavi Louhivuori; rummut<\/em><\/p>\n<p>31.1.2006<\/p>\n","protected":false},"excerpt":{"rendered":"<p>Kahden omakustanteena ilmestyneen levyn (&#8221;Numurkah&#8221;, 2000 ja &#8221;Lumous&#8221; 2002) j\u00e4lkeen Joona Toivanen Trio ottaa urallaan selke\u00e4n askeleen eteenp\u00e4in. Uusi &#8221;Frost&#8221; julkaistaan Blue Note-merkill\u00e4, mik\u00e4 toivottavasti avaa yhtyeelle entist\u00e4 enemm\u00e4n kansainv\u00e4lisi\u00e4 ovia. Nelj\u00e4n Olavi Louhivuoren ja nelj\u00e4n Joona Toivasen s\u00e4vellyksen melankolinen kokonaisuus maalaa nimens\u00e4 mukaisesti viileill\u00e4 s\u00e4vyill\u00e4. Trion musiikki on soittajien ik\u00e4 huomioon ottaen niin kyps\u00e4n [&hellip;]<\/p>\n","protected":false},"author":1,"featured_media":0,"parent":3890,"menu_order":16,"comment_status":"open","ping_status":"open","template":"onecolumn-page.php","meta":{"ngg_post_thumbnail":0,"footnotes":""},"class_list":["post-3954","page","type-page","status-publish","hentry"],"jetpack_likes_enabled":false,"jetpack_sharing_enabled":true,"_links":{"self":[{"href":"https:\/\/www.valonkuvia.fi\/blogi\/wp-json\/wp\/v2\/pages\/3954","targetHints":{"allow":["GET"]}}],"collection":[{"href":"https:\/\/www.valonkuvia.fi\/blogi\/wp-json\/wp\/v2\/pages"}],"about":[{"href":"https:\/\/www.valonkuvia.fi\/blogi\/wp-json\/wp\/v2\/types\/page"}],"author":[{"embeddable":true,"href":"https:\/\/www.valonkuvia.fi\/blogi\/wp-json\/wp\/v2\/users\/1"}],"replies":[{"embeddable":true,"href":"https:\/\/www.valonkuvia.fi\/blogi\/wp-json\/wp\/v2\/comments?post=3954"}],"version-history":[{"count":1,"href":"https:\/\/www.valonkuvia.fi\/blogi\/wp-json\/wp\/v2\/pages\/3954\/revisions"}],"predecessor-version":[{"id":3955,"href":"https:\/\/www.valonkuvia.fi\/blogi\/wp-json\/wp\/v2\/pages\/3954\/revisions\/3955"}],"up":[{"embeddable":true,"href":"https:\/\/www.valonkuvia.fi\/blogi\/wp-json\/wp\/v2\/pages\/3890"}],"wp:attachment":[{"href":"https:\/\/www.valonkuvia.fi\/blogi\/wp-json\/wp\/v2\/media?parent=3954"}],"curies":[{"name":"wp","href":"https:\/\/api.w.org\/{rel}","templated":true}]}}