{"id":3958,"date":"2012-09-05T23:18:05","date_gmt":"2012-09-05T20:18:05","guid":{"rendered":"http:\/\/www.valonkuvia.fi\/blogi\/?page_id=3958"},"modified":"2012-09-05T23:18:05","modified_gmt":"2012-09-05T20:18:05","slug":"gianluigi-trovesi-gianni-coscia-in-cerca-di-cibo","status":"publish","type":"page","link":"https:\/\/www.valonkuvia.fi\/blogi\/jazzjutut\/levyarviot-q-t\/gianluigi-trovesi-gianni-coscia-in-cerca-di-cibo\/","title":{"rendered":"Gianluigi Trovesi &#038; Gianni Coscia: In cerca di cibo"},"content":{"rendered":"<p>Gianluigi Trovesin ja Gianni Coscian duolevy johtaa ajatuksen kysymykseen kansanluonteiden eroista eri puolilla maailmaa. Olipa n\u00e4it\u00e4 eroja oikeasti olemassa tai ei, on aika vaikea kuvitella vaikkapa norjalaisten ECM-muusikoiden levytt\u00e4v\u00e4n t\u00e4llaista musiikkia. Siin\u00e4 miss\u00e4 pohjoismaiset muusikot tavoittelevat viileit\u00e4 tai jylhi\u00e4 s\u00e4vyj\u00e4, t\u00e4m\u00e4n levyn italialaiset muusikot p\u00e4\u00e4tyv\u00e4t l\u00e4mpim\u00e4\u00e4n ja valoisaan v\u00e4limerelliseen tunnelmaan, joka joskus taittuu surumielisyydeksi, mutta ei koskaan synkkyydeksi. &#8221;In cerca di cibo&#8221; on v\u00e4lill\u00e4 kepe\u00e4n huoletonta, v\u00e4lill\u00e4 sentimentaalista musiikkia, joka liikkuu jazzin, kansanmusiikin, elokuvamusiikin ja laulelmien v\u00e4limaastossa. Levyn materiaalista suuri osa on s\u00e4velt\u00e4j\u00e4 Fiorenzo Carpin k\u00e4sialaa, mutta mukaan mahtuu my\u00f6s elokuvamusiikkia, John Lewisin &#8221;Django&#8221; ja duon j\u00e4senten omia s\u00e4vellyksi\u00e4. &#8221;In cerca di cibo&#8221; nostaa mieleen mukavasti nostalgisen tunnelman, aivan kuin katselisi vanhoja mustavalkoisia elokuvia tai kuuntelisi vanhaa tanssimusiikkia. Levy kuuluu ehdottomasti vuoden 2000 parhaimpien joukkoon!<\/p>\n<p><strong>Gianluigi Trovesi &#038; Gianni Coscia<\/strong>: In cerca di cibo<br \/>\nECM 1703<\/p>\n<p><em>Gianluigi Trovesi; klarinetit, Gianni Coscia; harmonikka<\/em><br \/>\n28.8.2000<\/p>\n","protected":false},"excerpt":{"rendered":"<p>Gianluigi Trovesin ja Gianni Coscian duolevy johtaa ajatuksen kysymykseen kansanluonteiden eroista eri puolilla maailmaa. Olipa n\u00e4it\u00e4 eroja oikeasti olemassa tai ei, on aika vaikea kuvitella vaikkapa norjalaisten ECM-muusikoiden levytt\u00e4v\u00e4n t\u00e4llaista musiikkia. Siin\u00e4 miss\u00e4 pohjoismaiset muusikot tavoittelevat viileit\u00e4 tai jylhi\u00e4 s\u00e4vyj\u00e4, t\u00e4m\u00e4n levyn italialaiset muusikot p\u00e4\u00e4tyv\u00e4t l\u00e4mpim\u00e4\u00e4n ja valoisaan v\u00e4limerelliseen tunnelmaan, joka joskus taittuu surumielisyydeksi, mutta [&hellip;]<\/p>\n","protected":false},"author":1,"featured_media":0,"parent":3890,"menu_order":17,"comment_status":"closed","ping_status":"closed","template":"onecolumn-page.php","meta":{"ngg_post_thumbnail":0,"footnotes":""},"class_list":["post-3958","page","type-page","status-publish","hentry"],"jetpack_likes_enabled":false,"jetpack_sharing_enabled":true,"_links":{"self":[{"href":"https:\/\/www.valonkuvia.fi\/blogi\/wp-json\/wp\/v2\/pages\/3958","targetHints":{"allow":["GET"]}}],"collection":[{"href":"https:\/\/www.valonkuvia.fi\/blogi\/wp-json\/wp\/v2\/pages"}],"about":[{"href":"https:\/\/www.valonkuvia.fi\/blogi\/wp-json\/wp\/v2\/types\/page"}],"author":[{"embeddable":true,"href":"https:\/\/www.valonkuvia.fi\/blogi\/wp-json\/wp\/v2\/users\/1"}],"replies":[{"embeddable":true,"href":"https:\/\/www.valonkuvia.fi\/blogi\/wp-json\/wp\/v2\/comments?post=3958"}],"version-history":[{"count":2,"href":"https:\/\/www.valonkuvia.fi\/blogi\/wp-json\/wp\/v2\/pages\/3958\/revisions"}],"predecessor-version":[{"id":3960,"href":"https:\/\/www.valonkuvia.fi\/blogi\/wp-json\/wp\/v2\/pages\/3958\/revisions\/3960"}],"up":[{"embeddable":true,"href":"https:\/\/www.valonkuvia.fi\/blogi\/wp-json\/wp\/v2\/pages\/3890"}],"wp:attachment":[{"href":"https:\/\/www.valonkuvia.fi\/blogi\/wp-json\/wp\/v2\/media?parent=3958"}],"curies":[{"name":"wp","href":"https:\/\/api.w.org\/{rel}","templated":true}]}}