{"id":3974,"date":"2012-09-05T23:29:48","date_gmt":"2012-09-05T20:29:48","guid":{"rendered":"http:\/\/www.valonkuvia.fi\/blogi\/?page_id=3974"},"modified":"2012-09-05T23:29:48","modified_gmt":"2012-09-05T20:29:48","slug":"u-street-all-stars-bowling","status":"publish","type":"page","link":"https:\/\/www.valonkuvia.fi\/blogi\/jazzjutut\/levyarviot-q-t\/u-street-all-stars-bowling\/","title":{"rendered":"U-Street All Stars: Bowling"},"content":{"rendered":"<p>U-Street All Starsin toinen levy &#8221;Bowling&#8221; tarjoaa samaa l\u00e4\u00e4kett\u00e4 kuin vuonna 2002 ilmestynyt debyyttilevy &#8221;Helsinki Sessions&#8221; eli energiaa pursuavaa svengijazzia antaa palaa -asenteella soitettuna. My\u00f6s uutuuslevyst\u00e4 v\u00e4littyy vankka osaaminen ja jazzin perinteist\u00e4 kumpuavien keinojen monipuolinen hallinta. <\/p>\n<p>U-Street All Starsin pyrkimys tallentaa levylle livetilanteen riemukkuus on onnistunut yll\u00e4tt\u00e4v\u00e4n hyvin. Markus Holkon ja Timo Lassyn saksofonit kieppuvat milloin hurjassa takaa-ajossa, milloin solmivat yhdess\u00e4 mutkikkaita kuvioita ja eroavat taas omille teilleen ytimekk\u00e4iden soolojen ajaksi. Vauhdin takaa taitava komppiryhm\u00e4; varsinkin Jussi Lehtosen innostunut rumputy\u00f6skentely ja Teemu Viinikaisen elegantit kitarasoinnut ovat olennainen osa yhtyeen soundia. Koska U-Street All Stars on voinut toimia yhdess\u00e4 jo useamman vuoden ajan, selvit\u00e4\u00e4n vikkelimmist\u00e4kin k\u00e4\u00e4nteist\u00e4 kompuroimatta. Vikkel\u00e4 vauhti tosin alkaa k\u00e4yd\u00e4 jopa kuulijan voimille, vaikka svengikappaleiden katveeseen on sijoitettu lepopaikoiksi my\u00f6s pari balladia, joista &#8221;This Time&#8221; on valjuhko ja &#8221;Blue Is The Color&#8221; herk\u00e4n kaunis. <\/p>\n<p>U-Street All Stars on ollut viime vuosien suomalaisen jazzin positiivisimpia ilmestyksi\u00e4. Kahden kovatasoisen levyn j\u00e4lkeen yhtyeelle tulee kuitenkin eteen uusien s\u00e4vyjen etsimisen paikka, kun kolmas levy joskus on tekeill\u00e4.<\/p>\n<p><strong>U-Street All Stars<\/strong>: Bowling (Blue Note)<\/p>\n<p><em>Markus Holkko ja Timo Lassy; saksofonit, Teemu Viinikainen; kitara, Timo Tuppurainen; basso, Jussi Lehtonen; rummut<\/em><\/p>\n<p>15.3. 2004<\/p>\n","protected":false},"excerpt":{"rendered":"<p>U-Street All Starsin toinen levy &#8221;Bowling&#8221; tarjoaa samaa l\u00e4\u00e4kett\u00e4 kuin vuonna 2002 ilmestynyt debyyttilevy &#8221;Helsinki Sessions&#8221; eli energiaa pursuavaa svengijazzia antaa palaa -asenteella soitettuna. My\u00f6s uutuuslevyst\u00e4 v\u00e4littyy vankka osaaminen ja jazzin perinteist\u00e4 kumpuavien keinojen monipuolinen hallinta. U-Street All Starsin pyrkimys tallentaa levylle livetilanteen riemukkuus on onnistunut yll\u00e4tt\u00e4v\u00e4n hyvin. Markus Holkon ja Timo Lassyn saksofonit kieppuvat [&hellip;]<\/p>\n","protected":false},"author":1,"featured_media":0,"parent":3890,"menu_order":22,"comment_status":"open","ping_status":"open","template":"onecolumn-page.php","meta":{"ngg_post_thumbnail":0,"footnotes":""},"class_list":["post-3974","page","type-page","status-publish","hentry"],"jetpack_likes_enabled":false,"jetpack_sharing_enabled":true,"_links":{"self":[{"href":"https:\/\/www.valonkuvia.fi\/blogi\/wp-json\/wp\/v2\/pages\/3974","targetHints":{"allow":["GET"]}}],"collection":[{"href":"https:\/\/www.valonkuvia.fi\/blogi\/wp-json\/wp\/v2\/pages"}],"about":[{"href":"https:\/\/www.valonkuvia.fi\/blogi\/wp-json\/wp\/v2\/types\/page"}],"author":[{"embeddable":true,"href":"https:\/\/www.valonkuvia.fi\/blogi\/wp-json\/wp\/v2\/users\/1"}],"replies":[{"embeddable":true,"href":"https:\/\/www.valonkuvia.fi\/blogi\/wp-json\/wp\/v2\/comments?post=3974"}],"version-history":[{"count":1,"href":"https:\/\/www.valonkuvia.fi\/blogi\/wp-json\/wp\/v2\/pages\/3974\/revisions"}],"predecessor-version":[{"id":3975,"href":"https:\/\/www.valonkuvia.fi\/blogi\/wp-json\/wp\/v2\/pages\/3974\/revisions\/3975"}],"up":[{"embeddable":true,"href":"https:\/\/www.valonkuvia.fi\/blogi\/wp-json\/wp\/v2\/pages\/3890"}],"wp:attachment":[{"href":"https:\/\/www.valonkuvia.fi\/blogi\/wp-json\/wp\/v2\/media?parent=3974"}],"curies":[{"name":"wp","href":"https:\/\/api.w.org\/{rel}","templated":true}]}}