{"id":3988,"date":"2012-09-06T23:22:51","date_gmt":"2012-09-06T20:22:51","guid":{"rendered":"http:\/\/www.valonkuvia.fi\/blogi\/?page_id=3988"},"modified":"2012-09-06T23:22:51","modified_gmt":"2012-09-06T20:22:51","slug":"steve-wilson-generations","status":"publish","type":"page","link":"https:\/\/www.valonkuvia.fi\/blogi\/jazzjutut\/levyarviot-q-t\/steve-wilson-generations\/","title":{"rendered":"Steve Wilson: Generations"},"content":{"rendered":"<p>Saksofonisti Steve Wilson on tehnyt ainakin kolme soololevy\u00e4 Criss Cross-levymerkill\u00e4 ja h\u00e4nen nimens\u00e4 on vilahdellut viime aikoina usein muidenkin levyjen esiintyj\u00e4tiedoissa. Wilson soittaa my\u00f6s Chick Corean uuden Origin-yhtyeen tuoreella livelevyll\u00e4. Ilmeisesti yhteisty\u00f6 Corean kanssa on poikinut my\u00f6s levytyssopimuksen Corean Stretch-merkille. Levyn ideana on koota 37-vuotiaan Wilsonin avuksi h\u00e4nt\u00e4 vanhempien sukupolvien muusikoita; siit\u00e4 levyn nimi Generations. <\/p>\n<p>Yhtyeen vanhin, rumpali Ben Riley, soitti jo 1960-luvulla mm. Thelonious Monkin kanssa ja pianisti Mulgrew Miller ja basisti Ray Drummond ovat i\u00e4lt\u00e4\u00e4n Rileyn ja Wilsonin v\u00e4lilt\u00e4. Lopputuloksena on taidokas kvartetti, jonka soitto svengaa niin vaivattomasti kuin mihin t\u00e4ydellisen ammattitaitoiset jazzmuusikot pystyv\u00e4t. Vaihtelun vuoksi Wilson soittaa sek\u00e4 alttoa ett\u00e4 sopraanoa ja yhdell\u00e4 raidalla huilua. Ohjelmistokin on vaihteleva, on omia s\u00e4vellyksi\u00e4 ja pari standardia. On balladeja, kuten kaunis &#8221;Chrysalis&#8221;  ja on vauhdikkaampaa menoa, kuten suomalaisittain mielenkiintoisesti nimetty &#8221;Sisko&#8221;. <\/p>\n<p>Kaikki on siis periaatteessa kunnossa, mutta kuitenkaan mik\u00e4\u00e4n ei nosta t\u00e4t\u00e4 levy\u00e4 esille muiden kvartettilevytysten joukosta. Yhtyeen johtaja Steve Wilson j\u00e4tt\u00e4\u00e4 itsest\u00e4\u00e4n aika persoonattoman kuvan. Parhaimmillaan Generations onkin Mulgrew Millerin kiinnostavien soolojen aikana.<\/p>\n<p><strong>Steve Wilson:<\/strong> Generations (Stretch Records)<\/p>\n<p><em>Steve Wilson, altto- ja sopraanosaksofoni, huilu; Mulgrew Miller, piano; Ray Drummond, basso; Ben Riley, rummut <\/em><\/p>\n<p>17.1.1999<\/p>\n","protected":false},"excerpt":{"rendered":"<p>Saksofonisti Steve Wilson on tehnyt ainakin kolme soololevy\u00e4 Criss Cross-levymerkill\u00e4 ja h\u00e4nen nimens\u00e4 on vilahdellut viime aikoina usein muidenkin levyjen esiintyj\u00e4tiedoissa. Wilson soittaa my\u00f6s Chick Corean uuden Origin-yhtyeen tuoreella livelevyll\u00e4. Ilmeisesti yhteisty\u00f6 Corean kanssa on poikinut my\u00f6s levytyssopimuksen Corean Stretch-merkille. Levyn ideana on koota 37-vuotiaan Wilsonin avuksi h\u00e4nt\u00e4 vanhempien sukupolvien muusikoita; siit\u00e4 levyn nimi Generations. [&hellip;]<\/p>\n","protected":false},"author":1,"featured_media":0,"parent":3890,"menu_order":25,"comment_status":"open","ping_status":"open","template":"onecolumn-page.php","meta":{"ngg_post_thumbnail":0,"footnotes":""},"class_list":["post-3988","page","type-page","status-publish","hentry"],"jetpack_likes_enabled":false,"jetpack_sharing_enabled":true,"_links":{"self":[{"href":"https:\/\/www.valonkuvia.fi\/blogi\/wp-json\/wp\/v2\/pages\/3988","targetHints":{"allow":["GET"]}}],"collection":[{"href":"https:\/\/www.valonkuvia.fi\/blogi\/wp-json\/wp\/v2\/pages"}],"about":[{"href":"https:\/\/www.valonkuvia.fi\/blogi\/wp-json\/wp\/v2\/types\/page"}],"author":[{"embeddable":true,"href":"https:\/\/www.valonkuvia.fi\/blogi\/wp-json\/wp\/v2\/users\/1"}],"replies":[{"embeddable":true,"href":"https:\/\/www.valonkuvia.fi\/blogi\/wp-json\/wp\/v2\/comments?post=3988"}],"version-history":[{"count":2,"href":"https:\/\/www.valonkuvia.fi\/blogi\/wp-json\/wp\/v2\/pages\/3988\/revisions"}],"predecessor-version":[{"id":3990,"href":"https:\/\/www.valonkuvia.fi\/blogi\/wp-json\/wp\/v2\/pages\/3988\/revisions\/3990"}],"up":[{"embeddable":true,"href":"https:\/\/www.valonkuvia.fi\/blogi\/wp-json\/wp\/v2\/pages\/3890"}],"wp:attachment":[{"href":"https:\/\/www.valonkuvia.fi\/blogi\/wp-json\/wp\/v2\/media?parent=3988"}],"curies":[{"name":"wp","href":"https:\/\/api.w.org\/{rel}","templated":true}]}}