{"id":3993,"date":"2012-09-06T23:25:25","date_gmt":"2012-09-06T20:25:25","guid":{"rendered":"http:\/\/www.valonkuvia.fi\/blogi\/?page_id=3993"},"modified":"2012-09-06T23:25:25","modified_gmt":"2012-09-06T20:25:25","slug":"ingar-zach-ivar-grydeland-visiting-ants","status":"publish","type":"page","link":"https:\/\/www.valonkuvia.fi\/blogi\/jazzjutut\/levyarviot-q-t\/ingar-zach-ivar-grydeland-visiting-ants\/","title":{"rendered":"Ingar Zach &#038; Ivar Grydeland: Visiting Ants"},"content":{"rendered":"<p>Norjassa tuntuu kasvavan vire\u00e4 free jazzin ja vapaan improvisaation parhaita perinteit\u00e4 vaaliva nuorten muusikoiden koulukunta. Jokin aika sitten arvioin Tony Oxleyn norjalaisten kanssa \u00e4\u00e4nitt\u00e4m\u00e4\u00e4 livelevy\u00e4, jossa oli mukana my\u00f6s kitaristi Ivar Grydeland. Ly\u00f6m\u00e4soittaja Ingar Zach puolestaan soittaa my\u00f6s Tri-Dim-triossa, jonka levy on my\u00f6s ollut arvioitava n\u00e4ill\u00e4 palstoilla. Kaikissa n\u00e4iss\u00e4 tapauksissa kuulijalle voi antaa takuun siit\u00e4, ett\u00e4 yht\u00e4\u00e4n melodiaa tai kiinte\u00e4\u00e4 rytmi\u00e4 ei soiteta, vaan kaikki on t\u00e4ysin vapaata ja t\u00e4ysin abstraktia improvisaatiota. Parhaimmistoa ovat kaksi Ingar Zachin ly\u00f6m\u00e4soitinsooloa, joissa h\u00e4n hienosti hy\u00f6dynt\u00e4\u00e4 ly\u00f6m\u00e4varastonsa runsaita mahdollisuuksia jym\u00e4htelevist\u00e4 bassoista kireisiin yl\u00e4-\u00e4\u00e4niin.<\/p>\n<p>Ivar Grydeland k\u00e4ytt\u00e4\u00e4 kitaraansa v\u00e4lill\u00e4 hyvin ly\u00f6m\u00e4soitinmaisesti, toisinaan h\u00e4n onnistuu loihtimaan kitarastaan pelottavan kirskahtelevia soundeja. &#8221;Visiting Ants&#8221; kest\u00e4\u00e4 vain reilut 37 minuuttia, joten improvisaatiot ovat melko lyhyit\u00e4, kahdesta seitsem\u00e4\u00e4n minuuttia pitki\u00e4. Ne ovat luonnosmaisia toteamuksia, joskus kuin hiljaisia lyijykyn\u00e4n piirtoja, joskus leve\u00e4ll\u00e4 pensselill\u00e4 vet\u00e4istyj\u00e4 v\u00e4ril\u00e4iski\u00e4. Hieno levy ja kaunis pahvinen kotelo.<\/p>\n<p><strong>Ingar Zach ja Ivar Grydeland<\/strong>: Visiting Ants (SOFA)<\/p>\n<p><em>Ingar Zach; ly\u00f6m\u00e4soittimet, Ivar Grydeland; kitara<\/em><\/p>\n<p>10.3.2001<\/p>\n","protected":false},"excerpt":{"rendered":"<p>Norjassa tuntuu kasvavan vire\u00e4 free jazzin ja vapaan improvisaation parhaita perinteit\u00e4 vaaliva nuorten muusikoiden koulukunta. Jokin aika sitten arvioin Tony Oxleyn norjalaisten kanssa \u00e4\u00e4nitt\u00e4m\u00e4\u00e4 livelevy\u00e4, jossa oli mukana my\u00f6s kitaristi Ivar Grydeland. Ly\u00f6m\u00e4soittaja Ingar Zach puolestaan soittaa my\u00f6s Tri-Dim-triossa, jonka levy on my\u00f6s ollut arvioitava n\u00e4ill\u00e4 palstoilla. Kaikissa n\u00e4iss\u00e4 tapauksissa kuulijalle voi antaa takuun siit\u00e4, [&hellip;]<\/p>\n","protected":false},"author":1,"featured_media":0,"parent":3890,"menu_order":26,"comment_status":"open","ping_status":"open","template":"onecolumn-page.php","meta":{"ngg_post_thumbnail":0,"footnotes":""},"class_list":["post-3993","page","type-page","status-publish","hentry"],"jetpack_likes_enabled":false,"jetpack_sharing_enabled":true,"_links":{"self":[{"href":"https:\/\/www.valonkuvia.fi\/blogi\/wp-json\/wp\/v2\/pages\/3993","targetHints":{"allow":["GET"]}}],"collection":[{"href":"https:\/\/www.valonkuvia.fi\/blogi\/wp-json\/wp\/v2\/pages"}],"about":[{"href":"https:\/\/www.valonkuvia.fi\/blogi\/wp-json\/wp\/v2\/types\/page"}],"author":[{"embeddable":true,"href":"https:\/\/www.valonkuvia.fi\/blogi\/wp-json\/wp\/v2\/users\/1"}],"replies":[{"embeddable":true,"href":"https:\/\/www.valonkuvia.fi\/blogi\/wp-json\/wp\/v2\/comments?post=3993"}],"version-history":[{"count":1,"href":"https:\/\/www.valonkuvia.fi\/blogi\/wp-json\/wp\/v2\/pages\/3993\/revisions"}],"predecessor-version":[{"id":3994,"href":"https:\/\/www.valonkuvia.fi\/blogi\/wp-json\/wp\/v2\/pages\/3993\/revisions\/3994"}],"up":[{"embeddable":true,"href":"https:\/\/www.valonkuvia.fi\/blogi\/wp-json\/wp\/v2\/pages\/3890"}],"wp:attachment":[{"href":"https:\/\/www.valonkuvia.fi\/blogi\/wp-json\/wp\/v2\/media?parent=3993"}],"curies":[{"name":"wp","href":"https:\/\/api.w.org\/{rel}","templated":true}]}}