{"id":726,"date":"2011-08-08T09:06:14","date_gmt":"2011-08-08T06:06:14","guid":{"rendered":"http:\/\/www.valonkuvia.fi\/blogi\/?page_id=726"},"modified":"2019-11-23T18:19:38","modified_gmt":"2019-11-23T16:19:38","slug":"levyarviot-a-d","status":"publish","type":"page","link":"https:\/\/www.valonkuvia.fi\/blogi\/jazzjutut\/levyarviot-a-d\/","title":{"rendered":"Levyarviot A &#8211; D"},"content":{"rendered":"<p>Jazzrytmit-lehdess\u00e4 ja Suomijazz-verkkolehdess\u00e4 ilmestyneist\u00e4 levyarvioita. Uudet levyarviot ilmestyv\u00e4t blogissa.<\/p>\n<p><strong>A<\/strong><br \/>\n<a href=\"http:\/\/www.valonkuvia.fi\/blogi\/?page_id=762\" title=\"Juhani Aaltonen Trio: Illusion of a Ballad\">Juhani Aaltonen Trio: Illusion of a Ballad<\/a><br \/>\n<a href=\"http:\/\/www.valonkuvia.fi\/blogi\/?page_id=720\" title=\"John Abercrombie: Open Land\">John Abercrombie: Open Land<\/a><br \/>\n<a href=\"http:\/\/www.valonkuvia.fi\/blogi\/?page_id=766\" title=\"Mina Agossi &#038; Philippe Combelle: Alkemi\">Mina Agossi &#038; Philippe Combelle: Alkemi<\/a><br \/>\n<a href=\"http:\/\/www.valonkuvia.fi\/blogi\/?page_id=731\" title=\"Jan Allan: Jan Allan -70\">Jan Allan: Jan Allan -70<\/a><\/p>\n<p><strong>B<\/strong><br \/>\n<a href=\"http:\/\/www.valonkuvia.fi\/blogi\/?page_id=787\" title=\"Ben Besiakov: Aviation\">Ben Besiakov: Aviation<\/a><br \/>\n<a href=\"http:\/\/www.valonkuvia.fi\/blogi\/?page_id=789\" title=\"Sylvain Beuf Quintet: Soul Notes\">Sylvain Beuf Quintet: Soul Notes<\/a><br \/>\n<a href=\"http:\/\/www.valonkuvia.fi\/blogi\/?page_id=733\" title=\"Ketil Bj\u00f8rnstad \u2013 David Darling: Epigraphs\">Ketil Bj\u00f8rnstad \u2013 David Darling: Epigraphs<\/a><br \/>\n<a href=\"http:\/\/www.valonkuvia.fi\/blogi\/?page_id=872\" title=\"Magnus Broo Quartet: Levitation\">Magnus Broo Quartet: Levitation<\/a><br \/>\n<a href=\"http:\/\/www.valonkuvia.fi\/blogi\/?page_id=877\" title=\"Don Byron: A Fine Line. Arias and Lieder\">Don Byron: A Fine Line. Arias and Lieder<\/a><\/p>\n<p><strong>C<\/strong><br \/>\n<a href=\"http:\/\/www.valonkuvia.fi\/blogi\/?page_id=880\" title=\"Frank Carlberg: State of the Union\">Frank Carlberg: State of the Union<\/a><br \/>\n<a href=\"http:\/\/www.valonkuvia.fi\/blogi\/?page_id=735\" title=\"Jacob Christoffersen: Jazzxperience\">Jacob Christoffersen: Jazzxperience<\/a><br \/>\n<a href=\"http:\/\/www.valonkuvia.fi\/blogi\/?page_id=887\" title=\"Chromosomos: Ultra Project\">Chromosomos: Ultra Project<\/a><br \/>\n<a href=\"http:\/\/www.valonkuvia.fi\/blogi\/?page_id=891\" title=\"jmTrio: Interludium &#038; Chromosomos: Phonophobis\">Chromosomos: Phonophobis &#038; jmTrio: Interludium<\/a><br \/>\n<a href=\"http:\/\/www.valonkuvia.fi\/blogi\/?page_id=912\" title=\"Ryan Cohan Quartet\/Sextet: Here and Now\">Ryan Cohan Quartet\/Sextet: Here and Now<\/a><br \/>\n<a href=\"http:\/\/www.valonkuvia.fi\/blogi\/?page_id=737\" title=\"George Coleman Quartet: I Could Write a Book: The Music of Richard Rodgers\">George Coleman Quartet: I Could Write a Book: The Music of Richard Rodgers<\/a><br \/>\n<a href=\"http:\/\/www.valonkuvia.fi\/blogi\/?page_id=922\" title=\"Graham Collier &#038; The Jazz Ensemble: The Third Colour\">Graham Collier &#038; The Jazz Ensemble: The Third Colour&#8221;<\/a><br \/>\n<a href=\"http:\/\/www.valonkuvia.fi\/blogi\/?page_id=924\" title=\"Conference Call: Live at the Outpost Performance Space &#038; Gebhard Ullmann: CutItOut\">Conference Call: Live at the Outpost Performance Space &#038; Gebhard Ullmann: CutItOut<\/a><br \/>\n<a href=\"http:\/\/www.valonkuvia.fi\/blogi\/?page_id=927\" title=\"Copenhagen Art Ensemble: Angels\u00b4 Share\">Copenhagen Art Ensemble: Angels\u00b4 Share<\/a><br \/>\n<a href=\"http:\/\/www.valonkuvia.fi\/blogi\/?page_id=931\" title=\"Chick Corea &#038; Origin: Change\">Chick Corea &#038; Origin: Change<\/a><\/p>\n<p><strong>D<\/strong><br \/>\n<a href=\"http:\/\/www.valonkuvia.fi\/blogi\/?page_id=935\" title=\"Delirium: Eclexistence\">Delirium: Eclexistence<\/a><br \/>\n<a href=\"http:\/\/www.valonkuvia.fi\/blogi\/?page_id=938\" title=\"Bob Dorough &#038; Dave Frishberg: Who\u00b4s On First\">Bob Dorough &#038; Dave Frishberg: Who\u00b4s On First<\/a><br \/>\n<a href=\"http:\/\/www.valonkuvia.fi\/blogi\/?page_id=941\" title=\"Marc Ducret Qui parle?\">Marc Ducret: Qui parle<\/a><br \/>\n<a href=\"http:\/\/www.valonkuvia.fi\/blogi\/?page_id=943\" title=\"Manuel Dunkel Quartet: Darn That Dream\">Manuel Dunkel Quartet: Darn That Dream<\/a><br \/>\n<a href=\"http:\/\/www.valonkuvia.fi\/blogi\/?page_id=945\" title=\"Duo Nueva Finlandia: Short Stories\">Duo Nueva Finlandia: Short Stories<\/a><\/p>\n","protected":false},"excerpt":{"rendered":"<p>Jazzrytmit-lehdess\u00e4 ja Suomijazz-verkkolehdess\u00e4 ilmestyneist\u00e4 levyarvioita. Uudet levyarviot ilmestyv\u00e4t blogissa. A Juhani Aaltonen Trio: Illusion of a Ballad John Abercrombie: Open Land Mina Agossi &#038; Philippe Combelle: Alkemi Jan Allan: Jan Allan -70 B Ben Besiakov: Aviation Sylvain Beuf Quintet: Soul Notes Ketil Bj\u00f8rnstad \u2013 David Darling: Epigraphs Magnus Broo Quartet: Levitation Don Byron: A Fine [&hellip;]<\/p>\n","protected":false},"author":1,"featured_media":0,"parent":116,"menu_order":1,"comment_status":"open","ping_status":"closed","template":"onecolumn-page.php","meta":{"ngg_post_thumbnail":0,"footnotes":""},"class_list":["post-726","page","type-page","status-publish","hentry"],"jetpack_likes_enabled":false,"jetpack_sharing_enabled":true,"_links":{"self":[{"href":"https:\/\/www.valonkuvia.fi\/blogi\/wp-json\/wp\/v2\/pages\/726","targetHints":{"allow":["GET"]}}],"collection":[{"href":"https:\/\/www.valonkuvia.fi\/blogi\/wp-json\/wp\/v2\/pages"}],"about":[{"href":"https:\/\/www.valonkuvia.fi\/blogi\/wp-json\/wp\/v2\/types\/page"}],"author":[{"embeddable":true,"href":"https:\/\/www.valonkuvia.fi\/blogi\/wp-json\/wp\/v2\/users\/1"}],"replies":[{"embeddable":true,"href":"https:\/\/www.valonkuvia.fi\/blogi\/wp-json\/wp\/v2\/comments?post=726"}],"version-history":[{"count":31,"href":"https:\/\/www.valonkuvia.fi\/blogi\/wp-json\/wp\/v2\/pages\/726\/revisions"}],"predecessor-version":[{"id":14872,"href":"https:\/\/www.valonkuvia.fi\/blogi\/wp-json\/wp\/v2\/pages\/726\/revisions\/14872"}],"up":[{"embeddable":true,"href":"https:\/\/www.valonkuvia.fi\/blogi\/wp-json\/wp\/v2\/pages\/116"}],"wp:attachment":[{"href":"https:\/\/www.valonkuvia.fi\/blogi\/wp-json\/wp\/v2\/media?parent=726"}],"curies":[{"name":"wp","href":"https:\/\/api.w.org\/{rel}","templated":true}]}}