{"id":733,"date":"2011-08-08T09:10:56","date_gmt":"2011-08-08T06:10:56","guid":{"rendered":"http:\/\/www.valonkuvia.fi\/blogi\/?page_id=733"},"modified":"2011-08-25T22:53:54","modified_gmt":"2011-08-25T19:53:54","slug":"ketil-bjornstad-david-darling-epigraphs","status":"publish","type":"page","link":"https:\/\/www.valonkuvia.fi\/blogi\/jazzjutut\/levyarviot-a-d\/ketil-bjornstad-david-darling-epigraphs\/","title":{"rendered":"Ketil Bj\u00f8rnstad &#8211; David Darling: Epigraphs"},"content":{"rendered":"<p>Norjalaisella pianistilla Ketil Bj\u00f8rnstadilla ja amerikkalaisella sellistill\u00e4 David Darlingilla on hyvin samankaltainen tausta. Molemmat ovat saaneet perinteisen perusteellisen klassisen koulutuksen, mutta ovat my\u00f6hemmin siirtyneet ty\u00f6skentelem\u00e4\u00e4n improvisaation ja improvisoijien parissa. Molemmat ovat my\u00f6s pyrkineet kehitt\u00e4m\u00e4\u00e4n improvisaation kielen, joka ei k\u00e4yt\u00e4 varsinaisen jazzin sanastoa ja kielioppia. Toisella duolevyll\u00e4\u00e4n &#8221;Epigraphs&#8221; (ensimm\u00e4inen nimelt\u00e4\u00e4n &#8221;River&#8221; ilmestyi my\u00f6s ECM:ll\u00e4 vuonna 1996) muusikot soittavat toisaalta sovituksia renessanssiajan s\u00e4velt\u00e4jien (William Byrd, Orlando Gibbons, Guillaume Dufay, Gregor Aichinger) teoksista tai omia s\u00e4vellyksi\u00e4\u00e4n, jotka ovat saaneet innoituksensa n\u00e4iden vanhojen mestareiden ty\u00f6st\u00e4. <\/p>\n<p>Sanakirjan mukaan epigrafi on piirtokirjoitus tai mietelause. Bj\u00f8rnstadin ja Darlingin levy onkin 16 lyhyehk\u00f6n aforismin sarja, yhten\u00e4inen rauhalliselle pohdiskelulle ja hiljentymiselle varattu tila. &#8221;Epigraphs&#8221; on hyvin hidasta, hiljaista ja ajatonta kamarimusiikkia, jossa uudet s\u00e4vellykset sulautuvat saumatta 400-500 vuotta vanhoihin. Mahdollisten improvisaatioiden osuutta on vaikea erottaa s\u00e4velletyst\u00e4. Erottelun tekeminen onkin turhaa, sill\u00e4 t\u00e4m\u00e4 musiikki vie kuulijansa jonnekin syvemm\u00e4lle kuin pelkkien musiikin teknisten yksityiskohtien pariin.<\/p>\n<p><strong>Ketil Bj\u00f8rnstad &#8211; David Darling<\/strong>: Epigraphs (ECM 1684)<\/p>\n<p>Ketil Bj\u00f8rnstad; piano, David Darling; sello<br \/>\n\u00c4\u00e4nitys syyskuussa 1998 Rainbow Studios, Oslo<\/p>\n<p>12.6.2000<\/p>\n","protected":false},"excerpt":{"rendered":"<p>Norjalaisella pianistilla Ketil Bj\u00f8rnstadilla ja amerikkalaisella sellistill\u00e4 David Darlingilla on hyvin samankaltainen tausta. Molemmat ovat saaneet perinteisen perusteellisen klassisen koulutuksen, mutta ovat my\u00f6hemmin siirtyneet ty\u00f6skentelem\u00e4\u00e4n improvisaation ja improvisoijien parissa. Molemmat ovat my\u00f6s pyrkineet kehitt\u00e4m\u00e4\u00e4n improvisaation kielen, joka ei k\u00e4yt\u00e4 varsinaisen jazzin sanastoa ja kielioppia. Toisella duolevyll\u00e4\u00e4n &#8221;Epigraphs&#8221; (ensimm\u00e4inen nimelt\u00e4\u00e4n &#8221;River&#8221; ilmestyi my\u00f6s ECM:ll\u00e4 vuonna 1996) [&hellip;]<\/p>\n","protected":false},"author":1,"featured_media":0,"parent":726,"menu_order":7,"comment_status":"open","ping_status":"closed","template":"onecolumn-page.php","meta":{"ngg_post_thumbnail":0,"footnotes":""},"class_list":["post-733","page","type-page","status-publish","hentry"],"jetpack_likes_enabled":false,"jetpack_sharing_enabled":true,"_links":{"self":[{"href":"https:\/\/www.valonkuvia.fi\/blogi\/wp-json\/wp\/v2\/pages\/733","targetHints":{"allow":["GET"]}}],"collection":[{"href":"https:\/\/www.valonkuvia.fi\/blogi\/wp-json\/wp\/v2\/pages"}],"about":[{"href":"https:\/\/www.valonkuvia.fi\/blogi\/wp-json\/wp\/v2\/types\/page"}],"author":[{"embeddable":true,"href":"https:\/\/www.valonkuvia.fi\/blogi\/wp-json\/wp\/v2\/users\/1"}],"replies":[{"embeddable":true,"href":"https:\/\/www.valonkuvia.fi\/blogi\/wp-json\/wp\/v2\/comments?post=733"}],"version-history":[{"count":5,"href":"https:\/\/www.valonkuvia.fi\/blogi\/wp-json\/wp\/v2\/pages\/733\/revisions"}],"predecessor-version":[{"id":902,"href":"https:\/\/www.valonkuvia.fi\/blogi\/wp-json\/wp\/v2\/pages\/733\/revisions\/902"}],"up":[{"embeddable":true,"href":"https:\/\/www.valonkuvia.fi\/blogi\/wp-json\/wp\/v2\/pages\/726"}],"wp:attachment":[{"href":"https:\/\/www.valonkuvia.fi\/blogi\/wp-json\/wp\/v2\/media?parent=733"}],"curies":[{"name":"wp","href":"https:\/\/api.w.org\/{rel}","templated":true}]}}