{"id":737,"date":"2011-08-08T09:13:29","date_gmt":"2011-08-08T06:13:29","guid":{"rendered":"http:\/\/www.valonkuvia.fi\/blogi\/?page_id=737"},"modified":"2011-08-25T23:11:55","modified_gmt":"2011-08-25T20:11:55","slug":"george-coleman-quartet-i-could-write-a-book-the-music-of-richard-rodgers","status":"publish","type":"page","link":"https:\/\/www.valonkuvia.fi\/blogi\/jazzjutut\/levyarviot-a-d\/george-coleman-quartet-i-could-write-a-book-the-music-of-richard-rodgers\/","title":{"rendered":"George Coleman Quartet: I Could Write a Book: The Music of Richard Rodgers"},"content":{"rendered":"<p>Kun jazzlevyn aiheena ovat Richard Rodgersin perusstandardit kuten &#8221;Falling in Love with Love&#8221;, &#8221;My Funny Valentine&#8221; tai &#8221;My Favourite Things&#8221; ja ty\u00f6v\u00e4lineen\u00e4 saksofonivetoinen peruskvartetti,kuulija voi perustellusti odottaa saavansa aimo annoksen perusjazzia. George Colemanin tuoreella levyll\u00e4 asianlaita on juuri n\u00e4in. Coleman (s. 1935) itse on my\u00f6s varsinainen perusj\u00e4tk\u00e4, taustallaan joukko perusnimi\u00e4, kuten B.B. King, Miles Davis ja Lionel Hampton. Levyn kvartettikaan ei koostu mist\u00e4\u00e4n eilisen teeren pojista, vaan saman sukupolven ammattimiehist\u00e4, jotka ovat soittaneet yhdess\u00e4 kouluajoistaan l\u00e4htien. Coleman sooloilee kaikilla torvillaan vakuuttavan luistavasti, mutta tenorilla h\u00e4n on parhaimmillaan. Mabern on ihailtavan tekninen pianisti, vaikka joskus hieman liian touhukas. Komppipari Jamal Nasser ja Billy Higgins svengaa luonnollisesti ja el\u00e4v\u00e4sti. T\u00e4llainen upeasti soitettu perusjazz on kuin jazzin harrastajan ruisleip\u00e4\u00e4. Siihen ei kyll\u00e4sty koskaan, vaan sit\u00e4 kaipaa ruokalistalleen s\u00e4\u00e4nn\u00f6llisesti. Voisiko George Colemanista tulla sopivalla levymerkill\u00e4 ja sopivan tuottajan avustuksella seuraava jazzin vanhempi valtiomies samaan tapaan kuin Joe Hendersonista sellainen rakennettiin jokunen vuosi sitten? Nykyist\u00e4 suurempi menestys ja tunnettavuus ei ainakaan olisi George Colemania kohtaan mik\u00e4\u00e4n v\u00e4\u00e4ryys.<\/p>\n<p>George Coleman Quartet: I Could Write a Book: The Music of Richard Rodgers<br \/>\nTelarc CD-83439<\/p>\n<p>George Coleman; tenori-, altto- ja sopraanosaksofonit, Harold Mabern; piano, Jamil Nasser; basso, Billy Higgins; rummut<\/p>\n<p>\u00c4\u00e4nitys 8.-9. 1. 1998 Clinton Recording Studios, New York <\/p>\n<p>12.6.2000<\/p>\n","protected":false},"excerpt":{"rendered":"<p>Kun jazzlevyn aiheena ovat Richard Rodgersin perusstandardit kuten &#8221;Falling in Love with Love&#8221;, &#8221;My Funny Valentine&#8221; tai &#8221;My Favourite Things&#8221; ja ty\u00f6v\u00e4lineen\u00e4 saksofonivetoinen peruskvartetti,kuulija voi perustellusti odottaa saavansa aimo annoksen perusjazzia. George Colemanin tuoreella levyll\u00e4 asianlaita on juuri n\u00e4in. Coleman (s. 1935) itse on my\u00f6s varsinainen perusj\u00e4tk\u00e4, taustallaan joukko perusnimi\u00e4, kuten B.B. King, Miles Davis [&hellip;]<\/p>\n","protected":false},"author":1,"featured_media":0,"parent":726,"menu_order":16,"comment_status":"open","ping_status":"closed","template":"onecolumn-page.php","meta":{"ngg_post_thumbnail":0,"footnotes":""},"class_list":["post-737","page","type-page","status-publish","hentry"],"jetpack_likes_enabled":false,"jetpack_sharing_enabled":true,"_links":{"self":[{"href":"https:\/\/www.valonkuvia.fi\/blogi\/wp-json\/wp\/v2\/pages\/737","targetHints":{"allow":["GET"]}}],"collection":[{"href":"https:\/\/www.valonkuvia.fi\/blogi\/wp-json\/wp\/v2\/pages"}],"about":[{"href":"https:\/\/www.valonkuvia.fi\/blogi\/wp-json\/wp\/v2\/types\/page"}],"author":[{"embeddable":true,"href":"https:\/\/www.valonkuvia.fi\/blogi\/wp-json\/wp\/v2\/users\/1"}],"replies":[{"embeddable":true,"href":"https:\/\/www.valonkuvia.fi\/blogi\/wp-json\/wp\/v2\/comments?post=737"}],"version-history":[{"count":5,"href":"https:\/\/www.valonkuvia.fi\/blogi\/wp-json\/wp\/v2\/pages\/737\/revisions"}],"predecessor-version":[{"id":920,"href":"https:\/\/www.valonkuvia.fi\/blogi\/wp-json\/wp\/v2\/pages\/737\/revisions\/920"}],"up":[{"embeddable":true,"href":"https:\/\/www.valonkuvia.fi\/blogi\/wp-json\/wp\/v2\/pages\/726"}],"wp:attachment":[{"href":"https:\/\/www.valonkuvia.fi\/blogi\/wp-json\/wp\/v2\/media?parent=737"}],"curies":[{"name":"wp","href":"https:\/\/api.w.org\/{rel}","templated":true}]}}