{"id":762,"date":"2011-08-14T09:01:22","date_gmt":"2011-08-14T06:01:22","guid":{"rendered":"http:\/\/www.valonkuvia.fi\/blogi\/?page_id=762"},"modified":"2011-08-25T23:02:41","modified_gmt":"2011-08-25T20:02:41","slug":"juhani-aaltonen-trio-illusion-of-a-ballad","status":"publish","type":"page","link":"https:\/\/www.valonkuvia.fi\/blogi\/jazzjutut\/levyarviot-a-d\/juhani-aaltonen-trio-illusion-of-a-ballad\/","title":{"rendered":"Juhani Aaltonen Trio: Illusion of a Ballad"},"content":{"rendered":"<p>Juhani Aaltosen balladilevy on taiteellisesti rohkea veto, sill\u00e4 aika harvalla jazzmuusikolla rahkeet riitt\u00e4v\u00e4t s\u00e4ilytt\u00e4m\u00e4\u00e4n soiton intensiteetti koko levyn ajan pelk\u00e4st\u00e4\u00e4n balladeista koostuvalla ohjelmistolla. Viime vuosina ilahduttavan kovassa iskussa olleella Aaltosella t\u00e4llaisia vaikeuksia ei lainkaan ole. &#8221;Illusion of A Ballad&#8221; onnistuu kirkkaasti ja vangitsee kuulijan t\u00e4ysin maailmaansa. <\/p>\n<p>Aaltonen on valinnut levylle vahvoja s\u00e4velmi\u00e4, jotka samalla sis\u00e4lt\u00e4v\u00e4t viittauksia sek\u00e4 jazzin historiaan ett\u00e4 Aaltosen omaan menneisyyteen. Levyll\u00e4 kaartuu jazzsaksofonin suuri linja Ellingtonin orkesterin suuresta alttosaksofonistista Johnny Hodgesista 1960-luvun vallankumouksellisiin John Coltraneen ja Ornette Colemaniin, jotka loivat vapaan jazzin, siis Aaltosen musiikillisen \u00e4idinkielen. Perinteisten standardien lis\u00e4ksi levylle onkin ilahduttavasti valittu my\u00f6s kaksi Colemanin s\u00e4vellyst\u00e4, joista tuttu &#8221;Lonely Woman&#8221; on vaikuttava klassikko ja harvoin kuultu &#8221;Broken Shadows&#8221; herk\u00e4n surumielinen. Mukana on my\u00f6s s\u00e4velmi\u00e4, (&#8221;But Not For Me&#8221; ja &#8221;Stella By Starlight&#8221;), joita Aaltonen harjoitteli 1970-luvulla yhdess\u00e4 rumpali Edward Vesalan kanssa ja joista ensin mainittu p\u00e4\u00e4tyi vuonna 1974 Aaltosen levylle &#8221;Etiquette&#8221;.<\/p>\n<p>Perinnetietoisuudestaan huolimatta Aaltonen v\u00e4ltt\u00e4\u00e4 kaikki v\u00e4kin\u00e4isen n\u00e4k\u00f6isjazzin vaarat ja kertoo syv\u00e4lliset tarinansa omalla \u00e4\u00e4nell\u00e4 ket\u00e4\u00e4n kopioimatta, vaivattomasti ja viisaasti. My\u00f6s koko yhtyeen yhteispeli on tavattoman luontevaa, se tuntuu tapahtuvan itsest\u00e4\u00e4n kuin hengitys. Basso ja rummut muodostavat toisiaan hienosti t\u00e4ydent\u00e4v\u00e4n parin; basisti Ulf Krokforsin basso liikkuu aktiivisesti laajalla alalla, kun taas Tom Nekljudowin rumpujen soitto on ihastuttavan v\u00e4h\u00e4eleist\u00e4; niukkaa, mutta niin osuvaa. &#8221;Illusion of A Ballad&#8221; on ilmiselv\u00e4\u00e4 klassikkoainesta ja hieno pari vuonna 2003 ilmestyneelle voimakkaalle livelevylle &#8221;Mother Tongue&#8221;. Pisteen\u00e4 iin p\u00e4\u00e4lle TUM Records on j\u00e4lleen onnistunut pakkaamaan levyns\u00e4 kauniiseen pakettiin, joka t\u00e4ydellisesti tukee itse musiikkia. <\/p>\n<p><strong>Juhani Aaltonen Trio<\/strong>: Illusion of a Ballad (TUM Records)<\/p>\n<p>Juhani Aaltonen; tenorisaksofoni, Ulf Krokfors; basso, Tom Nekljudow; rummut<\/p>\n<p>26.2.2006<\/p>\n","protected":false},"excerpt":{"rendered":"<p>Juhani Aaltosen balladilevy on taiteellisesti rohkea veto, sill\u00e4 aika harvalla jazzmuusikolla rahkeet riitt\u00e4v\u00e4t s\u00e4ilytt\u00e4m\u00e4\u00e4n soiton intensiteetti koko levyn ajan pelk\u00e4st\u00e4\u00e4n balladeista koostuvalla ohjelmistolla. Viime vuosina ilahduttavan kovassa iskussa olleella Aaltosella t\u00e4llaisia vaikeuksia ei lainkaan ole. &#8221;Illusion of A Ballad&#8221; onnistuu kirkkaasti ja vangitsee kuulijan t\u00e4ysin maailmaansa. Aaltonen on valinnut levylle vahvoja s\u00e4velmi\u00e4, jotka samalla sis\u00e4lt\u00e4v\u00e4t [&hellip;]<\/p>\n","protected":false},"author":1,"featured_media":0,"parent":726,"menu_order":1,"comment_status":"open","ping_status":"closed","template":"onecolumn-page.php","meta":{"ngg_post_thumbnail":0,"footnotes":""},"class_list":["post-762","page","type-page","status-publish","hentry"],"jetpack_likes_enabled":false,"jetpack_sharing_enabled":true,"_links":{"self":[{"href":"https:\/\/www.valonkuvia.fi\/blogi\/wp-json\/wp\/v2\/pages\/762","targetHints":{"allow":["GET"]}}],"collection":[{"href":"https:\/\/www.valonkuvia.fi\/blogi\/wp-json\/wp\/v2\/pages"}],"about":[{"href":"https:\/\/www.valonkuvia.fi\/blogi\/wp-json\/wp\/v2\/types\/page"}],"author":[{"embeddable":true,"href":"https:\/\/www.valonkuvia.fi\/blogi\/wp-json\/wp\/v2\/users\/1"}],"replies":[{"embeddable":true,"href":"https:\/\/www.valonkuvia.fi\/blogi\/wp-json\/wp\/v2\/comments?post=762"}],"version-history":[{"count":3,"href":"https:\/\/www.valonkuvia.fi\/blogi\/wp-json\/wp\/v2\/pages\/762\/revisions"}],"predecessor-version":[{"id":910,"href":"https:\/\/www.valonkuvia.fi\/blogi\/wp-json\/wp\/v2\/pages\/762\/revisions\/910"}],"up":[{"embeddable":true,"href":"https:\/\/www.valonkuvia.fi\/blogi\/wp-json\/wp\/v2\/pages\/726"}],"wp:attachment":[{"href":"https:\/\/www.valonkuvia.fi\/blogi\/wp-json\/wp\/v2\/media?parent=762"}],"curies":[{"name":"wp","href":"https:\/\/api.w.org\/{rel}","templated":true}]}}