{"id":766,"date":"2011-08-14T09:05:30","date_gmt":"2011-08-14T06:05:30","guid":{"rendered":"http:\/\/www.valonkuvia.fi\/blogi\/?page_id=766"},"modified":"2011-08-25T22:59:40","modified_gmt":"2011-08-25T19:59:40","slug":"mina-agossi-philippe-combelle-alkemi","status":"publish","type":"page","link":"https:\/\/www.valonkuvia.fi\/blogi\/jazzjutut\/levyarviot-a-d\/mina-agossi-philippe-combelle-alkemi\/","title":{"rendered":"Mina Agossi &#038; Philippe Combelle: Alkemi"},"content":{"rendered":"<p>Ranskalainen laulaja Mina Agossi on esiintynyt viime vuosina Suomessa yhdess\u00e4 Zekosto-yhtyeen kanssa. Muistan luonnehtineeni Agossin esiintymist\u00e4 Tornion ja Haaparannan kes\u00e4n 2000 Kalottijazzeilla sanoilla &#8221;kevytt\u00e4 kes\u00e4jazzia&#8221; ja tarkoitin sill\u00e4 valoisan miellytt\u00e4v\u00e4sti esitettyj\u00e4 jazzstandardeja. Agossin ja ly\u00f6m\u00e4soittaja Philippe Combellen uudella &#8221;Alkemi&#8221;-levyll\u00e4kin yleisilme on ilmavan kevyt ja ohjelmistossa on niinik\u00e4\u00e4n standardeja tai muiden s\u00e4vellyksi\u00e4. Agossin ja Combellen l\u00e4hestymistapa ei kuitenkaan ole erityisen perinteinen, vaan he ovat hakeneet uusia n\u00e4k\u00f6kulmia vanhaan materiaaliin. Philippe Combelle onnistuu luomaan ly\u00f6m\u00e4soittimillaan jokaiselle laululle aivan oman sointimaailmansa. Esimerkiksi Mongo Santamarian &#8221;Afro Bluella&#8221; on laulun lis\u00e4ksi vain kapuloiden minimaalinen naputus. &#8221;Giant Stepsin&#8221; taustalta kuuluu lasten \u00e4\u00e4ni\u00e4 ja vispil\u00e4t. Max Roachin &#8221;Doctor Freezy&#8221; saa taakseen koko rumpusetin ja &#8221;I Didn\u00b4t Know What Time It Was&#8221; tablarummut. Cole Porterin klassikosta &#8221;I\u00b4ve Got You Under My Skin&#8221; Agossi esitt\u00e4\u00e4 rohkeasti tyylitellyn ja vangitsevan version, jossa h\u00e4nen \u00e4\u00e4nens\u00e4 v\u00e4lill\u00e4 h\u00e4ipyy hiljaiseksi kuiskaukseksi. &#8221;Alkemi&#8221; on persoonallinen ja mielenkiintoinen laululevy, jonka perusteella Agossilta on lupa vastaisuudessa odottaa viel\u00e4 painokkaampaakin musiikkia.<\/p>\n<p><strong>Mina Agossi &#038; Philippe Combelle<\/strong>: Alkemi (0601J37P)<\/p>\n<p>Mina Agossi; laulu, Philippe Combelle; rummut, tabla ja muita ly\u00f6m\u00e4soittimia<br \/>\n\u00c4\u00e4nitetty Studio de Belleville, Pariisi 2001<\/p>\n","protected":false},"excerpt":{"rendered":"<p>Ranskalainen laulaja Mina Agossi on esiintynyt viime vuosina Suomessa yhdess\u00e4 Zekosto-yhtyeen kanssa. Muistan luonnehtineeni Agossin esiintymist\u00e4 Tornion ja Haaparannan kes\u00e4n 2000 Kalottijazzeilla sanoilla &#8221;kevytt\u00e4 kes\u00e4jazzia&#8221; ja tarkoitin sill\u00e4 valoisan miellytt\u00e4v\u00e4sti esitettyj\u00e4 jazzstandardeja. Agossin ja ly\u00f6m\u00e4soittaja Philippe Combellen uudella &#8221;Alkemi&#8221;-levyll\u00e4kin yleisilme on ilmavan kevyt ja ohjelmistossa on niinik\u00e4\u00e4n standardeja tai muiden s\u00e4vellyksi\u00e4. Agossin ja Combellen l\u00e4hestymistapa [&hellip;]<\/p>\n","protected":false},"author":1,"featured_media":0,"parent":726,"menu_order":4,"comment_status":"open","ping_status":"closed","template":"onecolumn-page.php","meta":{"ngg_post_thumbnail":0,"footnotes":""},"class_list":["post-766","page","type-page","status-publish","hentry"],"jetpack_likes_enabled":false,"jetpack_sharing_enabled":true,"_links":{"self":[{"href":"https:\/\/www.valonkuvia.fi\/blogi\/wp-json\/wp\/v2\/pages\/766","targetHints":{"allow":["GET"]}}],"collection":[{"href":"https:\/\/www.valonkuvia.fi\/blogi\/wp-json\/wp\/v2\/pages"}],"about":[{"href":"https:\/\/www.valonkuvia.fi\/blogi\/wp-json\/wp\/v2\/types\/page"}],"author":[{"embeddable":true,"href":"https:\/\/www.valonkuvia.fi\/blogi\/wp-json\/wp\/v2\/users\/1"}],"replies":[{"embeddable":true,"href":"https:\/\/www.valonkuvia.fi\/blogi\/wp-json\/wp\/v2\/comments?post=766"}],"version-history":[{"count":4,"href":"https:\/\/www.valonkuvia.fi\/blogi\/wp-json\/wp\/v2\/pages\/766\/revisions"}],"predecessor-version":[{"id":908,"href":"https:\/\/www.valonkuvia.fi\/blogi\/wp-json\/wp\/v2\/pages\/766\/revisions\/908"}],"up":[{"embeddable":true,"href":"https:\/\/www.valonkuvia.fi\/blogi\/wp-json\/wp\/v2\/pages\/726"}],"wp:attachment":[{"href":"https:\/\/www.valonkuvia.fi\/blogi\/wp-json\/wp\/v2\/media?parent=766"}],"curies":[{"name":"wp","href":"https:\/\/api.w.org\/{rel}","templated":true}]}}