{"id":787,"date":"2011-08-14T09:43:58","date_gmt":"2011-08-14T06:43:58","guid":{"rendered":"http:\/\/www.valonkuvia.fi\/blogi\/?page_id=787"},"modified":"2011-08-25T22:56:47","modified_gmt":"2011-08-25T19:56:47","slug":"ben-besiakov-aviation","status":"publish","type":"page","link":"https:\/\/www.valonkuvia.fi\/blogi\/jazzjutut\/levyarviot-a-d\/ben-besiakov-aviation\/","title":{"rendered":"Ben Besiakov: Aviation"},"content":{"rendered":"<p>On aika yleist\u00e4, ett\u00e4 eurooppalaiset muusikot k\u00e4yv\u00e4t levytt\u00e4m\u00e4ss\u00e4 amerikkalaisten huippumuusikoiden kanssa. Taustalla voi olla moniakin syit\u00e4. Tunnetut muusikot varmaan helpottavat levyn markkinointia maailmalla, kenties halutaan n\u00e4ytt\u00e4\u00e4 kotimaassa, ett\u00e4 kyll\u00e4 sit\u00e4 p\u00e4rj\u00e4t\u00e4\u00e4n nimimiestenkin kyydiss\u00e4. Pohjoismaisina esimerkkein\u00e4 mieleen tulee esimerkiksi Jarmo Savolaisen ja Anders Bergcrantzin erinomaisen onnistuneet levytysprojektit.<\/p>\n<p>Tanskalainen pianisti Ben Besiakov on h\u00e4nkin matkustanut New Yorkiin yhdess\u00e4 trumpetisti Jens Wintherin kanssa levytt\u00e4m\u00e4\u00e4n todella kovatasoisten jenkkien seurassa. Yhteisty\u00f6n tuloksena purkkiin saatiin tallennettua varsin nautittavaa keskitien jazzia, jonka suurin innoitus l\u00e4htee 1960-luvun alkupuolen akustisesta jazzista, vaikkapa Miles Davisin musiikista. <\/p>\n<p>Levyn avauskappale &#8221;That\u00b4s the Way&#8221; on juuri Davis-vaikutteista svengi\u00e4. Siin\u00e4 kuullaan kaksi hienoa sooloa yhtyeen johtajalta ja napakan dynaamista rumputy\u00f6skentely\u00e4 Billy Hartilta. L\u00e4hes 15-minuuttinen &#8221;Square Time&#8221; antaa kaikille yhtyeen j\u00e4senille tilaa n\u00e4ytt\u00e4\u00e4 taitojaan ja he pit\u00e4v\u00e4tkin kuulijan otteessaan koko matkan alun mietiskelyst\u00e4 svengijaksojen kautta rauhalliseen loppuun. Levyn p\u00e4\u00e4tt\u00e4\u00e4 &#8221;Blues at the Square&#8221;, juuri oikeassa tempossa kulkeva blues. Kuuntelemisen arvoinen levy.<\/p>\n<p><strong>Ben Besiakov<\/strong>: Aviation (Stunt Records)<\/p>\n<p>Ben Besiakov; piano, Jens Winther; trumpetti, George Garzone; tenorisaksofoni, Ray Drummond; basso, Billy Hart; rummut<\/p>\n<p>\u00c4\u00e4nitetty 16.10. 1999 Sound On Sound Recording, New York <\/p>\n<p>16.1. 2002<\/p>\n","protected":false},"excerpt":{"rendered":"<p>On aika yleist\u00e4, ett\u00e4 eurooppalaiset muusikot k\u00e4yv\u00e4t levytt\u00e4m\u00e4ss\u00e4 amerikkalaisten huippumuusikoiden kanssa. Taustalla voi olla moniakin syit\u00e4. Tunnetut muusikot varmaan helpottavat levyn markkinointia maailmalla, kenties halutaan n\u00e4ytt\u00e4\u00e4 kotimaassa, ett\u00e4 kyll\u00e4 sit\u00e4 p\u00e4rj\u00e4t\u00e4\u00e4n nimimiestenkin kyydiss\u00e4. Pohjoismaisina esimerkkein\u00e4 mieleen tulee esimerkiksi Jarmo Savolaisen ja Anders Bergcrantzin erinomaisen onnistuneet levytysprojektit. Tanskalainen pianisti Ben Besiakov on h\u00e4nkin matkustanut New Yorkiin [&hellip;]<\/p>\n","protected":false},"author":1,"featured_media":0,"parent":726,"menu_order":5,"comment_status":"open","ping_status":"open","template":"onecolumn-page.php","meta":{"ngg_post_thumbnail":0,"footnotes":""},"class_list":["post-787","page","type-page","status-publish","hentry"],"jetpack_likes_enabled":false,"jetpack_sharing_enabled":true,"_links":{"self":[{"href":"https:\/\/www.valonkuvia.fi\/blogi\/wp-json\/wp\/v2\/pages\/787","targetHints":{"allow":["GET"]}}],"collection":[{"href":"https:\/\/www.valonkuvia.fi\/blogi\/wp-json\/wp\/v2\/pages"}],"about":[{"href":"https:\/\/www.valonkuvia.fi\/blogi\/wp-json\/wp\/v2\/types\/page"}],"author":[{"embeddable":true,"href":"https:\/\/www.valonkuvia.fi\/blogi\/wp-json\/wp\/v2\/users\/1"}],"replies":[{"embeddable":true,"href":"https:\/\/www.valonkuvia.fi\/blogi\/wp-json\/wp\/v2\/comments?post=787"}],"version-history":[{"count":3,"href":"https:\/\/www.valonkuvia.fi\/blogi\/wp-json\/wp\/v2\/pages\/787\/revisions"}],"predecessor-version":[{"id":905,"href":"https:\/\/www.valonkuvia.fi\/blogi\/wp-json\/wp\/v2\/pages\/787\/revisions\/905"}],"up":[{"embeddable":true,"href":"https:\/\/www.valonkuvia.fi\/blogi\/wp-json\/wp\/v2\/pages\/726"}],"wp:attachment":[{"href":"https:\/\/www.valonkuvia.fi\/blogi\/wp-json\/wp\/v2\/media?parent=787"}],"curies":[{"name":"wp","href":"https:\/\/api.w.org\/{rel}","templated":true}]}}