{"id":872,"date":"2011-08-25T20:04:35","date_gmt":"2011-08-25T17:04:35","guid":{"rendered":"http:\/\/www.valonkuvia.fi\/blogi\/?page_id=872"},"modified":"2011-08-25T22:51:06","modified_gmt":"2011-08-25T19:51:06","slug":"magnus-broo-quartet-levitation","status":"publish","type":"page","link":"https:\/\/www.valonkuvia.fi\/blogi\/jazzjutut\/levyarviot-a-d\/magnus-broo-quartet-levitation\/","title":{"rendered":"Magnus Broo Quartet: Levitation"},"content":{"rendered":"<p>Ruotsalainen trumpetisti Magnus Broo soitti muutama vuosi sitten Kalottjazz &#038; Blues-festivaaleilla saksofonisti Lars Gullikssonin yhtyeess\u00e4. Broo j\u00e4tti tuolloin j\u00e4lkeens\u00e4 positiivisen mielikuvan, jota uusi levytys &#8221;Levitation&#8221; vain vahvistaa. Broo on levyll\u00e4kin vahva trumpetisti, jolla on soittimessaan l\u00e4mmin, joskus hieman rosoinenkin, sointi. Broon kvartetti soittaa oikeaa jazzia, juuri sellaista musiikkia, jonka jazzin vihaajakin jazziksi oitis tunnistaa. Kvartetti tarjoaa modernin valtavirtajazzinsa kuitenkin niin vakuuttavan taitavassa ja tunnelmaltaan intensiivisess\u00e4 paketissa, ett\u00e4 mit\u00e4\u00e4n &#8221;uutta&#8221; ei ollenkaan kaipaa. Magnus Broon kvartetti on eritt\u00e4in tasainen soittajanelikko, josta pianisti Torbj\u00f6rn Gulz kohoaa l\u00e4hes yhtyeen johtajan tasalle. Levyn materiaali on kokonaan yhtyeen j\u00e4senten k\u00e4sialaa; kaikki muut paitsi rumpali Holgersson esiintyv\u00e4t my\u00f6s s\u00e4velt\u00e4jin\u00e4. Kappaleista voi nostaa esille esimerkiksi Broon svengaavat s\u00e4vellykset &#8221;Balance&#8221;, &#8221;Moksha&#8221; ja &#8221;Now&#8221;.<\/p>\n<p><strong>Magnus Broo Quartet<\/strong>: Levitation (Dragon DRCD 356)<br \/>\nMagnus Broo; trumpetti, Torbj\u00f6rn Gulz; piano, Mattias Welin; basso, Jonas Holgersson; rummut<br \/>\n\u00c4\u00e4nitetty 5.-6.6. 2001 Ruotsin radion Studio 4, Tukholma<\/p>\n<p>16.1. 2002<\/p>\n","protected":false},"excerpt":{"rendered":"<p>Ruotsalainen trumpetisti Magnus Broo soitti muutama vuosi sitten Kalottjazz &#038; Blues-festivaaleilla saksofonisti Lars Gullikssonin yhtyeess\u00e4. Broo j\u00e4tti tuolloin j\u00e4lkeens\u00e4 positiivisen mielikuvan, jota uusi levytys &#8221;Levitation&#8221; vain vahvistaa. Broo on levyll\u00e4kin vahva trumpetisti, jolla on soittimessaan l\u00e4mmin, joskus hieman rosoinenkin, sointi. Broon kvartetti soittaa oikeaa jazzia, juuri sellaista musiikkia, jonka jazzin vihaajakin jazziksi oitis tunnistaa. Kvartetti [&hellip;]<\/p>\n","protected":false},"author":1,"featured_media":0,"parent":726,"menu_order":8,"comment_status":"open","ping_status":"closed","template":"onecolumn-page.php","meta":{"ngg_post_thumbnail":0,"footnotes":""},"class_list":["post-872","page","type-page","status-publish","hentry"],"jetpack_likes_enabled":false,"jetpack_sharing_enabled":true,"_links":{"self":[{"href":"https:\/\/www.valonkuvia.fi\/blogi\/wp-json\/wp\/v2\/pages\/872","targetHints":{"allow":["GET"]}}],"collection":[{"href":"https:\/\/www.valonkuvia.fi\/blogi\/wp-json\/wp\/v2\/pages"}],"about":[{"href":"https:\/\/www.valonkuvia.fi\/blogi\/wp-json\/wp\/v2\/types\/page"}],"author":[{"embeddable":true,"href":"https:\/\/www.valonkuvia.fi\/blogi\/wp-json\/wp\/v2\/users\/1"}],"replies":[{"embeddable":true,"href":"https:\/\/www.valonkuvia.fi\/blogi\/wp-json\/wp\/v2\/comments?post=872"}],"version-history":[{"count":4,"href":"https:\/\/www.valonkuvia.fi\/blogi\/wp-json\/wp\/v2\/pages\/872\/revisions"}],"predecessor-version":[{"id":900,"href":"https:\/\/www.valonkuvia.fi\/blogi\/wp-json\/wp\/v2\/pages\/872\/revisions\/900"}],"up":[{"embeddable":true,"href":"https:\/\/www.valonkuvia.fi\/blogi\/wp-json\/wp\/v2\/pages\/726"}],"wp:attachment":[{"href":"https:\/\/www.valonkuvia.fi\/blogi\/wp-json\/wp\/v2\/media?parent=872"}],"curies":[{"name":"wp","href":"https:\/\/api.w.org\/{rel}","templated":true}]}}