{"id":877,"date":"2011-08-25T20:09:34","date_gmt":"2011-08-25T17:09:34","guid":{"rendered":"http:\/\/www.valonkuvia.fi\/blogi\/?page_id=877"},"modified":"2011-08-25T22:50:04","modified_gmt":"2011-08-25T19:50:04","slug":"don-byron-a-fine-line-arias-and-lieder","status":"publish","type":"page","link":"https:\/\/www.valonkuvia.fi\/blogi\/jazzjutut\/levyarviot-a-d\/don-byron-a-fine-line-arias-and-lieder\/","title":{"rendered":"Don Byron: A Fine Line. Arias and Lieder"},"content":{"rendered":"<p>H\u00e4mm\u00e4stytt\u00e4vin seikka uudessa Don Byron-levyss\u00e4 on levyn s\u00e4velt\u00e4j\u00e4nimien poikkeuksellinen moninaisuus. Byronin sanastossa aarian ja liedin k\u00e4sitteisiin sis\u00e4ltyv\u00e4t yht\u00e4 lailla klassiset Schumann ja Chopin kuin aivan muista musiikeista tutut Ornette Coleman, Stevie Wonder ja Henry Mancini. Moninaisuus tuntuu aluksi suorastaan itsetarkoitukselliselta. Levyn 11 kappaleen joukosta ei kuitenkaan l\u00f6ydy yht\u00e4\u00e4n heikkoa lenkki\u00e4, esille nousee sen sijaan lukuisia kohokohtia. Byronin ja pianisti Uri Cainen nelj\u00e4 hienovaraista duettoa, Schumannin &#8221;Zwielicht&#8221;, Byronin oma &#8221;Basquiat&#8221;, Puccinin &#8221;Nessun Dorma&#8221; ja Four Tops hitti &#8221;Reach Out (I\u00b4ll Be There)&#8221;, kuuluvat kaikki niihin. Patricia O\u00b4Callahanin ja Mark Ledfordin tulkinta Wonderin &#8221;Creepin\u00b4&#8221;-kappaleesta on mainio. Versio Henry Mancinin s\u00e4vellyksest\u00e4 &#8221;Soldier in the Rain&#8221; on sanattoman laulun, rumpujen ja klarinetin viile\u00e4n kaunis yhdistelm\u00e4. Laulujen ja laulajien rinnalla Byronin klarinetti saa ansaitusti hyvin tilaa; levy p\u00e4\u00e4ttyykin klarinettisooloon Chopinin toisen pianokonserton &#8221;Larghetto&#8221;-osan pohjalta. A Fine Line on eri musiikinlajien onnistunut ja ennakkoluuloton yhdistelm\u00e4.<\/p>\n<p><strong>Don Byron<\/strong>: A Fine Line. Arias and Lieder (Blue Note 26801)<br \/>\nDon Byron; klarinetti, bassoklarinetti, Uri Caine; piano, Jerome Harris; basso, Paolo Braga; rummut, Cassandra Wilson, Patricia O\u00b4Callahan, Mark Ledford, Dean Bowman; laulu<\/p>\n<p>19.1.2001<\/p>\n","protected":false},"excerpt":{"rendered":"<p>H\u00e4mm\u00e4stytt\u00e4vin seikka uudessa Don Byron-levyss\u00e4 on levyn s\u00e4velt\u00e4j\u00e4nimien poikkeuksellinen moninaisuus. Byronin sanastossa aarian ja liedin k\u00e4sitteisiin sis\u00e4ltyv\u00e4t yht\u00e4 lailla klassiset Schumann ja Chopin kuin aivan muista musiikeista tutut Ornette Coleman, Stevie Wonder ja Henry Mancini. Moninaisuus tuntuu aluksi suorastaan itsetarkoitukselliselta. Levyn 11 kappaleen joukosta ei kuitenkaan l\u00f6ydy yht\u00e4\u00e4n heikkoa lenkki\u00e4, esille nousee sen sijaan lukuisia [&hellip;]<\/p>\n","protected":false},"author":1,"featured_media":0,"parent":726,"menu_order":9,"comment_status":"open","ping_status":"open","template":"onecolumn-page.php","meta":{"ngg_post_thumbnail":0,"footnotes":""},"class_list":["post-877","page","type-page","status-publish","hentry"],"jetpack_likes_enabled":false,"jetpack_sharing_enabled":true,"_links":{"self":[{"href":"https:\/\/www.valonkuvia.fi\/blogi\/wp-json\/wp\/v2\/pages\/877","targetHints":{"allow":["GET"]}}],"collection":[{"href":"https:\/\/www.valonkuvia.fi\/blogi\/wp-json\/wp\/v2\/pages"}],"about":[{"href":"https:\/\/www.valonkuvia.fi\/blogi\/wp-json\/wp\/v2\/types\/page"}],"author":[{"embeddable":true,"href":"https:\/\/www.valonkuvia.fi\/blogi\/wp-json\/wp\/v2\/users\/1"}],"replies":[{"embeddable":true,"href":"https:\/\/www.valonkuvia.fi\/blogi\/wp-json\/wp\/v2\/comments?post=877"}],"version-history":[{"count":2,"href":"https:\/\/www.valonkuvia.fi\/blogi\/wp-json\/wp\/v2\/pages\/877\/revisions"}],"predecessor-version":[{"id":898,"href":"https:\/\/www.valonkuvia.fi\/blogi\/wp-json\/wp\/v2\/pages\/877\/revisions\/898"}],"up":[{"embeddable":true,"href":"https:\/\/www.valonkuvia.fi\/blogi\/wp-json\/wp\/v2\/pages\/726"}],"wp:attachment":[{"href":"https:\/\/www.valonkuvia.fi\/blogi\/wp-json\/wp\/v2\/media?parent=877"}],"curies":[{"name":"wp","href":"https:\/\/api.w.org\/{rel}","templated":true}]}}