{"id":880,"date":"2011-08-25T20:14:53","date_gmt":"2011-08-25T17:14:53","guid":{"rendered":"http:\/\/www.valonkuvia.fi\/blogi\/?page_id=880"},"modified":"2011-08-25T22:46:43","modified_gmt":"2011-08-25T19:46:43","slug":"frank-carlberg-state-of-the-union","status":"publish","type":"page","link":"https:\/\/www.valonkuvia.fi\/blogi\/jazzjutut\/levyarviot-a-d\/frank-carlberg-state-of-the-union\/","title":{"rendered":"Frank Carlberg: State of the Union"},"content":{"rendered":"<p>Pianisti ja s\u00e4velt\u00e4j\u00e4 Frank Carlberg jatkaa uudella levyll\u00e4\u00e4n jo aikaisemmasta tuotannostaan tuttua jazzin ja modernin lyriikan yhdist\u00e4mist\u00e4. Carlberg on s\u00e4velt\u00e4nyt vaimonsa Christine Correan laulettavaksi sellaisten tunnettujen runoilijoiden kuten Jack Kerouacin, Allen Ginsbergin ja Anselm Hollon runoja. Kirjallisesta n\u00e4k\u00f6kulmasta huolimatta levyll\u00e4 soi ilmiselv\u00e4sti jazz; v\u00e4rikk\u00e4\u00e4sti ja svengaavasti. Siit\u00e4 pit\u00e4\u00e4 huolen levyll\u00e4 soittava erinomainen amerikkalainen yhtye.<\/p>\n<p>Levyn aloittaa vahva kolmen s\u00e4vellyksen presidenttisarja, joka ottaa kantaa poliittiseen ilmapiiriin USA:ssa viime vuosina. Sarja alkaa Bill Clintonin Monica Lewinsky-skandaalin aikaisista lausunnoista ja siirtyy Anselm Hollon pienen runon kautta levyn nimikappaleeseen, joka viittaa USA:n presidentin vuosittain pit\u00e4m\u00e4\u00e4n kansakunnan tilaa k\u00e4sittelev\u00e4\u00e4n puheeseen. Levyll\u00e4 sen tekstiksi on valittu katkelmia USA:n perustuslain ihmisoikeuksia k\u00e4sittelev\u00e4st\u00e4 Bill of Right-julistuksesta sek\u00e4 runoilija Allen Ginsbergin s\u00e4keist\u00e4. <\/p>\n<p>Musiikillisesti presidenttisarja liikkuu svengijazzista Monk- tunnelmien kautta nimiraidan uhkaavan synkk\u00e4\u00e4n ja melko vapaamuotoiseen rutistukseen. Tekstit ja musiikki kulkevat t\u00e4ss\u00e4, kuten koko levyll\u00e4, harvinaisen onnistuneesti k\u00e4si k\u00e4dess\u00e4 ja muodostavat vaikuttavan ja ironisen kokonaisuuden. Tahti ei lainkaan huonone levyn loppujen kuuden raidan aikana, vaan kuulija kohtaa useita hienoja hetki\u00e4, kuten ripe\u00e4sti svengaava &#8221;The Red Piano&#8221; (Anselm Hollo), ontuen vy\u00f6ryv\u00e4 &#8221;Sight Is Just Dust&#8221; (Jack Keroauc) ja levyn mietteli\u00e4isiin tunnelmiin p\u00e4\u00e4tt\u00e4v\u00e4 &#8221;A Very Valentine&#8221; (Gertrude Stein). <\/p>\n<p>Saksofonisti Chris Cheek soittaa jatkuvasti eritt\u00e4in mielenkiintoisesti. H\u00e4nen soitossaan yhdistyv\u00e4t saksofonin l\u00e4mpim\u00e4n maanl\u00e4heisen soundi ja \u00e4lykk\u00e4\u00e4n merkityksellinen improvisaatio. Onnistunut \u00e4\u00e4nitys tuo kauniisti esille sek\u00e4 basisti Peter Hebertin miellytt\u00e4v\u00e4n soinnin ja rumpali Michael Sarinin ilmi\u00f6m\u00e4isen sointitietoisen ja ilmaisuvoimaisen rumputy\u00f6skentelyn. <\/p>\n<p>Levy t\u00e4ytt\u00e4\u00e4 monia kunnon jazzin kriteerej\u00e4; muusikoilla on rutkasti soolovoimaa, levy on rytmisesti monipuolinen ja sen s\u00e4vellysmateriaali on j\u00e4nnitt\u00e4v\u00e4\u00e4 ja melodisesti vahvaa. &#8221;State of The Union&#8221;- on sivistynytt\u00e4 musiikkia, joka tarjoaa ilonaiheita niin j\u00e4rjelle kuin tunteellekin. Vaikka ajoittain mieleen nousee Steve Lacyn ja h\u00e4nen vaimonsa Irene Aebin runolevyt, on Carlbergin ja Correan musiikki on omintakeista ja raikasta. Se ansaitsisi tulla paremmin tunnetuksi my\u00f6s s\u00e4velt\u00e4j\u00e4n kotimaassa. <\/p>\n<p><strong>Frank Carlberg<\/strong>: State of the Union (Fresh Sound Records FSNT 274)<\/p>\n<p>23.2.2007<\/p>\n","protected":false},"excerpt":{"rendered":"<p>Pianisti ja s\u00e4velt\u00e4j\u00e4 Frank Carlberg jatkaa uudella levyll\u00e4\u00e4n jo aikaisemmasta tuotannostaan tuttua jazzin ja modernin lyriikan yhdist\u00e4mist\u00e4. Carlberg on s\u00e4velt\u00e4nyt vaimonsa Christine Correan laulettavaksi sellaisten tunnettujen runoilijoiden kuten Jack Kerouacin, Allen Ginsbergin ja Anselm Hollon runoja. Kirjallisesta n\u00e4k\u00f6kulmasta huolimatta levyll\u00e4 soi ilmiselv\u00e4sti jazz; v\u00e4rikk\u00e4\u00e4sti ja svengaavasti. Siit\u00e4 pit\u00e4\u00e4 huolen levyll\u00e4 soittava erinomainen amerikkalainen yhtye. Levyn [&hellip;]<\/p>\n","protected":false},"author":1,"featured_media":0,"parent":726,"menu_order":10,"comment_status":"open","ping_status":"open","template":"onecolumn-page.php","meta":{"ngg_post_thumbnail":0,"footnotes":""},"class_list":["post-880","page","type-page","status-publish","hentry"],"jetpack_likes_enabled":false,"jetpack_sharing_enabled":true,"_links":{"self":[{"href":"https:\/\/www.valonkuvia.fi\/blogi\/wp-json\/wp\/v2\/pages\/880","targetHints":{"allow":["GET"]}}],"collection":[{"href":"https:\/\/www.valonkuvia.fi\/blogi\/wp-json\/wp\/v2\/pages"}],"about":[{"href":"https:\/\/www.valonkuvia.fi\/blogi\/wp-json\/wp\/v2\/types\/page"}],"author":[{"embeddable":true,"href":"https:\/\/www.valonkuvia.fi\/blogi\/wp-json\/wp\/v2\/users\/1"}],"replies":[{"embeddable":true,"href":"https:\/\/www.valonkuvia.fi\/blogi\/wp-json\/wp\/v2\/comments?post=880"}],"version-history":[{"count":2,"href":"https:\/\/www.valonkuvia.fi\/blogi\/wp-json\/wp\/v2\/pages\/880\/revisions"}],"predecessor-version":[{"id":895,"href":"https:\/\/www.valonkuvia.fi\/blogi\/wp-json\/wp\/v2\/pages\/880\/revisions\/895"}],"up":[{"embeddable":true,"href":"https:\/\/www.valonkuvia.fi\/blogi\/wp-json\/wp\/v2\/pages\/726"}],"wp:attachment":[{"href":"https:\/\/www.valonkuvia.fi\/blogi\/wp-json\/wp\/v2\/media?parent=880"}],"curies":[{"name":"wp","href":"https:\/\/api.w.org\/{rel}","templated":true}]}}