{"id":887,"date":"2011-08-25T22:36:22","date_gmt":"2011-08-25T19:36:22","guid":{"rendered":"http:\/\/www.valonkuvia.fi\/blogi\/?page_id=887"},"modified":"2011-08-25T23:14:29","modified_gmt":"2011-08-25T20:14:29","slug":"chromosomos-ultra-project","status":"publish","type":"page","link":"https:\/\/www.valonkuvia.fi\/blogi\/jazzjutut\/levyarviot-a-d\/chromosomos-ultra-project\/","title":{"rendered":"Chromosomos: Ultra Project"},"content":{"rendered":"<p>Chromosomos on puolalaisen rumpalin Artur Dominikin vuonna 1999 perustama ja johtama rockjazz-yhtye, jonka melodioissa ja rytmeiss\u00e4 voi kuulla v\u00e4l\u00e4hdyksi\u00e4 maailmanmusiikista, miksei proge-rockistakin. Yhtyeen debyyttilevyn nelj\u00e4 ensimm\u00e4ist\u00e4 kappaletta on studiotallenteita, joissa peruskvartettia on hieman ehostettu trumpetilla ja laululla. P\u00e4\u00e4osissa ovat kuitenkin kitaristi Marcin Bors ja saksofonisti Adam Pieronczyk. <\/p>\n<p>Borsin polttavasti hehkuva kitara tuo intensiteetiss\u00e4\u00e4n paikoin mieleen Raoul Bj\u00f6rkenheimin soiton, kuten kappaleella &#8221;Swirek&#8221;, joka on vahva n\u00e4ytt\u00f6 Borsin voimasta. Adam Pieronczykin harkitut soolot piirt\u00e4v\u00e4t jopa herkki\u00e4 kontrasteja kitaristin purkauksien rinnalle. Levyn p\u00e4\u00e4tt\u00e4\u00e4 kaksi liveraitaa, jotka perustuvat tehokkaalle rockjazzgroovelle ja ovat kestoltaan alun studiot\u00f6it\u00e4 pidempi\u00e4.. Niinp\u00e4 ne antavat saksofonistille ja kitaristille runsaasti tilaa rakentaa soolojensa kaaria. &#8221;Ultra Project&#8221; ilmestyi ihan viime vuoden lopulla, mutta \u00e4\u00e4nitykset ovat varhaisempaa perua. On siis hyv\u00e4 syy olettaa, ett\u00e4 nyky\u00e4\u00e4n yhtye kuulostaa viel\u00e4kin paremmalta.<\/p>\n<p><strong>Chromosomos<\/strong>: Ultra Project (Audio Mobile AMP 001)<\/p>\n<p>Marcin Bors; kitara, Artur Dominik; rummut, Robert Szydlo: basso, Adam Pieronczyk; saksofoni, mukana my\u00f6s Artur Majewski; trumpetti, Blanka Miklaszewska, Venetta Nenova Bogdanova; laulu<\/p>\n<p>\u00c4\u00e4nitetty syksyll\u00e4 1999 Fonoplastykon Studio, Wroclaw, Puola ja konsertissa 26.3. 2000 ODA Firlej, Wroclaw, Puola<br \/>\n16.1. 2002<\/p>\n","protected":false},"excerpt":{"rendered":"<p>Chromosomos on puolalaisen rumpalin Artur Dominikin vuonna 1999 perustama ja johtama rockjazz-yhtye, jonka melodioissa ja rytmeiss\u00e4 voi kuulla v\u00e4l\u00e4hdyksi\u00e4 maailmanmusiikista, miksei proge-rockistakin. Yhtyeen debyyttilevyn nelj\u00e4 ensimm\u00e4ist\u00e4 kappaletta on studiotallenteita, joissa peruskvartettia on hieman ehostettu trumpetilla ja laululla. P\u00e4\u00e4osissa ovat kuitenkin kitaristi Marcin Bors ja saksofonisti Adam Pieronczyk. Borsin polttavasti hehkuva kitara tuo intensiteetiss\u00e4\u00e4n paikoin mieleen [&hellip;]<\/p>\n","protected":false},"author":1,"featured_media":0,"parent":726,"menu_order":12,"comment_status":"open","ping_status":"open","template":"onecolumn-page.php","meta":{"ngg_post_thumbnail":0,"footnotes":""},"class_list":["post-887","page","type-page","status-publish","hentry"],"jetpack_likes_enabled":false,"jetpack_sharing_enabled":true,"_links":{"self":[{"href":"https:\/\/www.valonkuvia.fi\/blogi\/wp-json\/wp\/v2\/pages\/887","targetHints":{"allow":["GET"]}}],"collection":[{"href":"https:\/\/www.valonkuvia.fi\/blogi\/wp-json\/wp\/v2\/pages"}],"about":[{"href":"https:\/\/www.valonkuvia.fi\/blogi\/wp-json\/wp\/v2\/types\/page"}],"author":[{"embeddable":true,"href":"https:\/\/www.valonkuvia.fi\/blogi\/wp-json\/wp\/v2\/users\/1"}],"replies":[{"embeddable":true,"href":"https:\/\/www.valonkuvia.fi\/blogi\/wp-json\/wp\/v2\/comments?post=887"}],"version-history":[{"count":3,"href":"https:\/\/www.valonkuvia.fi\/blogi\/wp-json\/wp\/v2\/pages\/887\/revisions"}],"predecessor-version":[{"id":921,"href":"https:\/\/www.valonkuvia.fi\/blogi\/wp-json\/wp\/v2\/pages\/887\/revisions\/921"}],"up":[{"embeddable":true,"href":"https:\/\/www.valonkuvia.fi\/blogi\/wp-json\/wp\/v2\/pages\/726"}],"wp:attachment":[{"href":"https:\/\/www.valonkuvia.fi\/blogi\/wp-json\/wp\/v2\/media?parent=887"}],"curies":[{"name":"wp","href":"https:\/\/api.w.org\/{rel}","templated":true}]}}