{"id":912,"date":"2011-08-25T23:06:52","date_gmt":"2011-08-25T20:06:52","guid":{"rendered":"http:\/\/www.valonkuvia.fi\/blogi\/?page_id=912"},"modified":"2011-08-25T23:11:33","modified_gmt":"2011-08-25T20:11:33","slug":"ryan-cohan-quartetsextet-here-and-now","status":"publish","type":"page","link":"https:\/\/www.valonkuvia.fi\/blogi\/jazzjutut\/levyarviot-a-d\/ryan-cohan-quartetsextet-here-and-now\/","title":{"rendered":"Ryan Cohan Quartet\/Sextet: Here and Now"},"content":{"rendered":"<p>Amerikkalainen pianisti, s\u00e4velt\u00e4j\u00e4 ja sovittaja Ryan Cohan ei varmaankaan ole Suomessa j\u00e4rin laajalti tunnettu muusikko, vaikka Chicagossa syntynyt ja vaikuttanut Cohan on vuonna 2001 ilmestyneen toisen levyns\u00e4 perusteella varteenotettava hahmo modernin maistreamin alalla. Cohan on monipuolinen muusikko ja h\u00e4n on ty\u00f6skennellyt monien merkitt\u00e4vien jazzmuusikoiden kanssa, kuten Freddie Hubbard, Milt Hinton ja pianistikollega Ramsey Lewis, jonka k\u00e4ytt\u00f6\u00f6n Cohan s\u00e4velt\u00e4nyt useita s\u00e4vellyksi\u00e4. Cohan johtaa omia my\u00f6s erikokoisia yhtyeit\u00e4 ja esiintyy soolopianistina.<\/p>\n<p>&#8221;Here and Now&#8221; koostuu kymmenest\u00e4 tyylikk\u00e4\u00e4sti sovitetusta Cohanin s\u00e4vellyksest\u00e4, joista mieleen j\u00e4iv\u00e4t levyn avaava latinalaisvaikutteinen &#8221;Think Again&#8221;, bebopraita &#8221;Rush Hour&#8221;, kaunis balladi &#8221;Looking Glass&#8221; ja intensiivinen &#8221;Urgent Identity&#8221;. Cohan astelee pianistina vahvasti Herbie Hancockin ja Chick Corean jalanj\u00e4ljiss\u00e4 ja on my\u00f6s levyn keskeinen solistinen voima. Taitavasta ryhm\u00e4st\u00e4 nousevat esille my\u00f6s Corean yhtyeest\u00e4 tunnetuksi tullut saksofonisti Bob Sheppard ja trumpetisti Tito Carrillo. &#8221;Here and Now&#8221; ei ole mit\u00e4\u00e4n maailmoja mullistavaa musiikkia, vaan svengaava levy, joka on yksityiskohtiaan my\u00f6ten hyvin tarkasti viimeistelty. <\/p>\n<p><strong>Ryan Cohan Quartet\/Sextet<\/strong>: Here and Now (Sirocco SJL 1016)<\/p>\n<p>Ryan Cohan; piano, Tito Carrillo; trumpetti, Bob Sheppard, Jim Gailloreto, Geof Bradfield; saksofonit ja huilu, James Cammack, Lorin Cohen; basso, Dana Hall, Tom Hipskind; rummut, Ruben Alvarez, Dede Sampaio; ly\u00f6m\u00e4soittimet<\/p>\n<p>27.1. 2004<\/p>\n","protected":false},"excerpt":{"rendered":"<p>Amerikkalainen pianisti, s\u00e4velt\u00e4j\u00e4 ja sovittaja Ryan Cohan ei varmaankaan ole Suomessa j\u00e4rin laajalti tunnettu muusikko, vaikka Chicagossa syntynyt ja vaikuttanut Cohan on vuonna 2001 ilmestyneen toisen levyns\u00e4 perusteella varteenotettava hahmo modernin maistreamin alalla. Cohan on monipuolinen muusikko ja h\u00e4n on ty\u00f6skennellyt monien merkitt\u00e4vien jazzmuusikoiden kanssa, kuten Freddie Hubbard, Milt Hinton ja pianistikollega Ramsey Lewis, jonka [&hellip;]<\/p>\n","protected":false},"author":1,"featured_media":0,"parent":726,"menu_order":14,"comment_status":"open","ping_status":"closed","template":"onecolumn-page.php","meta":{"ngg_post_thumbnail":0,"footnotes":""},"class_list":["post-912","page","type-page","status-publish","hentry"],"jetpack_likes_enabled":false,"jetpack_sharing_enabled":true,"_links":{"self":[{"href":"https:\/\/www.valonkuvia.fi\/blogi\/wp-json\/wp\/v2\/pages\/912","targetHints":{"allow":["GET"]}}],"collection":[{"href":"https:\/\/www.valonkuvia.fi\/blogi\/wp-json\/wp\/v2\/pages"}],"about":[{"href":"https:\/\/www.valonkuvia.fi\/blogi\/wp-json\/wp\/v2\/types\/page"}],"author":[{"embeddable":true,"href":"https:\/\/www.valonkuvia.fi\/blogi\/wp-json\/wp\/v2\/users\/1"}],"replies":[{"embeddable":true,"href":"https:\/\/www.valonkuvia.fi\/blogi\/wp-json\/wp\/v2\/comments?post=912"}],"version-history":[{"count":3,"href":"https:\/\/www.valonkuvia.fi\/blogi\/wp-json\/wp\/v2\/pages\/912\/revisions"}],"predecessor-version":[{"id":919,"href":"https:\/\/www.valonkuvia.fi\/blogi\/wp-json\/wp\/v2\/pages\/912\/revisions\/919"}],"up":[{"embeddable":true,"href":"https:\/\/www.valonkuvia.fi\/blogi\/wp-json\/wp\/v2\/pages\/726"}],"wp:attachment":[{"href":"https:\/\/www.valonkuvia.fi\/blogi\/wp-json\/wp\/v2\/media?parent=912"}],"curies":[{"name":"wp","href":"https:\/\/api.w.org\/{rel}","templated":true}]}}