{"id":922,"date":"2011-08-26T21:51:03","date_gmt":"2011-08-26T18:51:03","guid":{"rendered":"http:\/\/www.valonkuvia.fi\/blogi\/?page_id=922"},"modified":"2011-08-26T21:51:03","modified_gmt":"2011-08-26T18:51:03","slug":"graham-collier-the-jazz-ensemble-the-third-colour","status":"publish","type":"page","link":"https:\/\/www.valonkuvia.fi\/blogi\/jazzjutut\/levyarviot-a-d\/graham-collier-the-jazz-ensemble-the-third-colour\/","title":{"rendered":"Graham Collier &#038; The Jazz Ensemble: The Third Colour"},"content":{"rendered":"<p>Brittil\u00e4inen s\u00e4velt\u00e4j\u00e4 ja orkesterinjohtaja Graham Collier on maansa jazzin uranuurtajia. H\u00e4n oli mm. vuonna 1963 ensimm\u00e4inen Berkleen musiikkikoulusta valmistunut britti. Sittemmin Collier on johtanut omia orkestereitaan, joissa on soittanut koko brittil\u00e4isen jazzin kerma. H\u00e4nen s\u00e4vellyksi\u00e4\u00e4n on esitetty tilaust\u00f6in\u00e4 eri jazzfestivaaleilla ja eurooppalaisilla radioasemilla. Nyt k\u00e4sill\u00e4 oleva tupla-CD sis\u00e4lt\u00e4\u00e4 nelj\u00e4 laajaa teosta, siis kaksi s\u00e4vellyst\u00e4 kummallakin. Levytykset ovat per\u00e4isin Collierin 60-vuotisjuhlien yhteydest\u00e4, jolloin h\u00e4n sai Lontoon jazzfestivaaleilla tilaisuuden esitt\u00e4\u00e4 ison Jazz Ensemblens\u00e4 kanssa uutta musiikkiaan kolmessa konsertissa.<\/p>\n<p>Kaikki levyn s\u00e4vellykset perustuvat teemojen rauhalliselle kehittelylle, orkesterin ja solistien v\u00e4liselle jatkuvalle vuoropuhelulle ja v\u00e4lill\u00e4 jopa free jazzin keinojen k\u00e4yt\u00f6lle. S\u00e4vellyksiss\u00e4 on runsaasti tilaa sooloille, mutta toisaalta solistit p\u00e4\u00e4sev\u00e4t harvoin vapaaksi sooloilemaan aivan yksin\u00e4\u00e4n ilman muuta orkesteria. S\u00e4vellyksen kuultuaan kuulija kokee vaeltaneensa yhtyeen mukana matkan, joka johtaa hiljaisesta alusta v\u00e4lill\u00e4 svengaavien vaiheiden kautta onnelliseen loppuun asti. Matkan kaari rakentuu loogisesti, mutta hiukkasen yll\u00e4tyksett\u00f6m\u00e4sti. Hieman koleasta \u00e4\u00e4nityksest\u00e4 huolimatta &#8221;The Third Colour&#8221; on kiinnostava levy, vaikkakaan ei tarjoa mit\u00e4\u00e4n ennen kuulematonta, jos on tutustunut muiden eurooppalaisten isojen orkesterien ty\u00f6h\u00f6n.<\/p>\n<p><strong>Graham Collier &#038; The Jazz Ensemble:<\/strong> The Third Colour (ASC Records ASC CD28)<\/p>\n<p>Ed Sarath; flyygelitorvi, Steve Waterman, Simon Finch; trumpetit, Hugh Fraser, Mat Colman; pasuunat, Karlheinz Miklin, Art Themen, Geoff Warren, Steve Main; saksofonit, Oren Marshall; tuuba, Roger Dean; kosketinsoittimet, Ed Speight; kitara, Andy Cleyndert; basso, John Marshall; rummut; Graham Collier; kapellimestari<\/p>\n<p>\u00c4\u00e4nitys konserteissa Oris London Jazz Festivaaleilla marraskuussa 1997<\/p>\n<p>12.6.2000<\/p>\n","protected":false},"excerpt":{"rendered":"<p>Brittil\u00e4inen s\u00e4velt\u00e4j\u00e4 ja orkesterinjohtaja Graham Collier on maansa jazzin uranuurtajia. H\u00e4n oli mm. vuonna 1963 ensimm\u00e4inen Berkleen musiikkikoulusta valmistunut britti. Sittemmin Collier on johtanut omia orkestereitaan, joissa on soittanut koko brittil\u00e4isen jazzin kerma. H\u00e4nen s\u00e4vellyksi\u00e4\u00e4n on esitetty tilaust\u00f6in\u00e4 eri jazzfestivaaleilla ja eurooppalaisilla radioasemilla. Nyt k\u00e4sill\u00e4 oleva tupla-CD sis\u00e4lt\u00e4\u00e4 nelj\u00e4 laajaa teosta, siis kaksi s\u00e4vellyst\u00e4 kummallakin. [&hellip;]<\/p>\n","protected":false},"author":1,"featured_media":0,"parent":726,"menu_order":17,"comment_status":"open","ping_status":"open","template":"onecolumn-page.php","meta":{"ngg_post_thumbnail":0,"footnotes":""},"class_list":["post-922","page","type-page","status-publish","hentry"],"jetpack_likes_enabled":false,"jetpack_sharing_enabled":true,"_links":{"self":[{"href":"https:\/\/www.valonkuvia.fi\/blogi\/wp-json\/wp\/v2\/pages\/922","targetHints":{"allow":["GET"]}}],"collection":[{"href":"https:\/\/www.valonkuvia.fi\/blogi\/wp-json\/wp\/v2\/pages"}],"about":[{"href":"https:\/\/www.valonkuvia.fi\/blogi\/wp-json\/wp\/v2\/types\/page"}],"author":[{"embeddable":true,"href":"https:\/\/www.valonkuvia.fi\/blogi\/wp-json\/wp\/v2\/users\/1"}],"replies":[{"embeddable":true,"href":"https:\/\/www.valonkuvia.fi\/blogi\/wp-json\/wp\/v2\/comments?post=922"}],"version-history":[{"count":1,"href":"https:\/\/www.valonkuvia.fi\/blogi\/wp-json\/wp\/v2\/pages\/922\/revisions"}],"predecessor-version":[{"id":923,"href":"https:\/\/www.valonkuvia.fi\/blogi\/wp-json\/wp\/v2\/pages\/922\/revisions\/923"}],"up":[{"embeddable":true,"href":"https:\/\/www.valonkuvia.fi\/blogi\/wp-json\/wp\/v2\/pages\/726"}],"wp:attachment":[{"href":"https:\/\/www.valonkuvia.fi\/blogi\/wp-json\/wp\/v2\/media?parent=922"}],"curies":[{"name":"wp","href":"https:\/\/api.w.org\/{rel}","templated":true}]}}