{"id":935,"date":"2011-08-26T22:07:43","date_gmt":"2011-08-26T19:07:43","guid":{"rendered":"http:\/\/www.valonkuvia.fi\/blogi\/?page_id=935"},"modified":"2011-08-26T22:07:43","modified_gmt":"2011-08-26T19:07:43","slug":"delirium-eclexistence","status":"publish","type":"page","link":"https:\/\/www.valonkuvia.fi\/blogi\/jazzjutut\/levyarviot-a-d\/delirium-eclexistence\/","title":{"rendered":"Delirium: Eclexistence"},"content":{"rendered":"<p>Saksofonisti Mikko Innasen hedelm\u00e4llinen yhteisty\u00f6 tanskalaisten muusikoiden kanssa jatkuu, kun mainio Delirium-yhtye julkaisee nyt seuraajan hienolle debyyttilevylleen (Delirium, Fiasko Records, 2002). Jo levyn naseva, hyv\u00e4ntuulisesti pompahteleva ja Ornette Colemanin klassisen kvartetin mieleen tuova avauskappale &#8221;Drive-Thru&#8221; paljastaa paljon yhtyeen ominaislaadusta. Auton torvien t\u00f6r\u00e4htelyst\u00e4 siirryt\u00e4\u00e4n yksinkertaisen teeman kautta Kasper Tranbergin svengaavaan kornettisooloon. Kappaleen varsinainen kohokohta on kuitenkin Innasen vuoropuhelu itsens\u00e4 kanssa altto- ja sopraanosaksofoneilla, vaikka kappaleen p\u00e4\u00e4tt\u00e4v\u00e4 Stefan Pasborgin rumpusoolokin on harkittu ja musikaalinen. <\/p>\n<p>Delirium on ilahduttavan itsevarmasti nimenomaan jazzyhtye, jonka musiikkia leimaa soittamisen ilo ja hienovarainen huumori. Yhtyeen versio nykyjazzista on samalla tuore ja raikas. Jazzin perinne selv\u00e4sti tunnetaan, mutta sit\u00e4 ei j\u00e4\u00e4d\u00e4 j\u00e4yk\u00e4sti kumartelemaan. <\/p>\n<p>Tasaisen varmalta levylt\u00e4 kannattaa mainita viel\u00e4 vaikuttava ja j\u00e4nnitt\u00e4v\u00e4 &#8221;Autoabsence&#8221;, jolla kuullaan er\u00e4s levyn komeimmista soolosuorituksista, Tranbergin varovaisesta alusta yh\u00e4 intensiivisemm\u00e4ksi rakentuva kornettisoolo. Innasen mahtavaa baritonisaksofonin soundia voi ihailla monelle taholle kimpoilevan &#8221;Jazz &#038; Poultryn&#8221; alussa. &#8221; Kreuzer Valse&#8221; on lyyrisine kornetti- ja sopraanosooloineen rauhallisen kaunis lopetus.<\/p>\n<p>Levyn \u00e4\u00e4nitys ansaitsee erityiskiitoksen. Akustisen jazzyhtyeen soundi on onnistuttu tallentamaan kirkkaasti ja dynaamisesti; tallessa ovat niin baritonisaksofonin m\u00f6reys, rumpujen koko skaala kuin Jonas Westergaardin kontrabasson tumma sointikin. &#8221;Eclexistence&#8221; on j\u00e4ntev\u00e4 ja monitahoinen levy, joka ei kuitenkaan hajoa palasiksi, vaan muodostaa toistuvaan kuuntelemiseen houkuttelevan mielenkiintoisen kokonaisuuden. &#8221;Eclexistence&#8221; tulee olemaan korkealla, kun t\u00e4m\u00e4n vuoden parhaita levyj\u00e4 aikanaan listataan.<\/p>\n<p><strong>Delirium<\/strong>: Eclexistence (TUM CD 010)<\/p>\n<p>Mikko Innanen (ss, as, bs), Kasper Tranberg (cnt), Jonas Westergaard (b), Stefan Pasborg (dr)<\/p>\n<p>29.4.2005<\/p>\n","protected":false},"excerpt":{"rendered":"<p>Saksofonisti Mikko Innasen hedelm\u00e4llinen yhteisty\u00f6 tanskalaisten muusikoiden kanssa jatkuu, kun mainio Delirium-yhtye julkaisee nyt seuraajan hienolle debyyttilevylleen (Delirium, Fiasko Records, 2002). Jo levyn naseva, hyv\u00e4ntuulisesti pompahteleva ja Ornette Colemanin klassisen kvartetin mieleen tuova avauskappale &#8221;Drive-Thru&#8221; paljastaa paljon yhtyeen ominaislaadusta. Auton torvien t\u00f6r\u00e4htelyst\u00e4 siirryt\u00e4\u00e4n yksinkertaisen teeman kautta Kasper Tranbergin svengaavaan kornettisooloon. Kappaleen varsinainen kohokohta on kuitenkin [&hellip;]<\/p>\n","protected":false},"author":1,"featured_media":0,"parent":726,"menu_order":21,"comment_status":"open","ping_status":"open","template":"onecolumn-page.php","meta":{"ngg_post_thumbnail":0,"footnotes":""},"class_list":["post-935","page","type-page","status-publish","hentry"],"jetpack_likes_enabled":false,"jetpack_sharing_enabled":true,"_links":{"self":[{"href":"https:\/\/www.valonkuvia.fi\/blogi\/wp-json\/wp\/v2\/pages\/935","targetHints":{"allow":["GET"]}}],"collection":[{"href":"https:\/\/www.valonkuvia.fi\/blogi\/wp-json\/wp\/v2\/pages"}],"about":[{"href":"https:\/\/www.valonkuvia.fi\/blogi\/wp-json\/wp\/v2\/types\/page"}],"author":[{"embeddable":true,"href":"https:\/\/www.valonkuvia.fi\/blogi\/wp-json\/wp\/v2\/users\/1"}],"replies":[{"embeddable":true,"href":"https:\/\/www.valonkuvia.fi\/blogi\/wp-json\/wp\/v2\/comments?post=935"}],"version-history":[{"count":1,"href":"https:\/\/www.valonkuvia.fi\/blogi\/wp-json\/wp\/v2\/pages\/935\/revisions"}],"predecessor-version":[{"id":936,"href":"https:\/\/www.valonkuvia.fi\/blogi\/wp-json\/wp\/v2\/pages\/935\/revisions\/936"}],"up":[{"embeddable":true,"href":"https:\/\/www.valonkuvia.fi\/blogi\/wp-json\/wp\/v2\/pages\/726"}],"wp:attachment":[{"href":"https:\/\/www.valonkuvia.fi\/blogi\/wp-json\/wp\/v2\/media?parent=935"}],"curies":[{"name":"wp","href":"https:\/\/api.w.org\/{rel}","templated":true}]}}