{"id":938,"date":"2011-08-26T22:19:10","date_gmt":"2011-08-26T19:19:10","guid":{"rendered":"http:\/\/www.valonkuvia.fi\/blogi\/?page_id=938"},"modified":"2011-08-26T22:19:10","modified_gmt":"2011-08-26T19:19:10","slug":"bob-dorough-dave-frishberg-who%c2%b4s-on-first","status":"publish","type":"page","link":"https:\/\/www.valonkuvia.fi\/blogi\/jazzjutut\/levyarviot-a-d\/bob-dorough-dave-frishberg-who%c2%b4s-on-first\/","title":{"rendered":"Bob Dorough &#038; Dave Frishberg: Who\u00b4s On First"},"content":{"rendered":"<p>Bob Dorough ja Dave Frishberg kuuluvat jazzin maailmassa pieneen joukkoon laulaja-lauluntekij\u00e4-pianisteja, joiden esiintymisten olennaisina osina ovat lavahuumori, hauskat tekstit ja mukavat jutut laulujen v\u00e4liss\u00e4. &#8221;Who\u00b4s On First&#8221; vie kuulijan mukanaan er\u00e4\u00e4lle keikalla, joka alkaa kahden pianon instrumentaaliversiolla Ellingtonin &#8221;Rockin\u00b4n Rhythm\u00b4st\u00e4&#8221;. Sen j\u00e4lkeen seuraa mainio duetto, jossa v\u00e4itell\u00e4\u00e4n siit\u00e4, kumpi herroista saa aloittaa. Ongelma ratkaistaan lopulta kolikon heitolla, jonka Frishberg voittaa ja laulaa yksin nelj\u00e4 laulua, mm. kauniin balladin &#8221;You Are There&#8221; ja Los Angelesin liikenneongelmia irvailevan &#8221;Too Long In L.A.&#8221;. Dorough, joka muuten on ainoa Miles Davisin levyill\u00e4 esiintynyt vokalisti, palaa lavalle ja esitt\u00e4\u00e4 h\u00e4nkin nelj\u00e4 sooloa, mm. juuri Davisin &#8221;Sorcerer&#8221;-levylt\u00e4 l\u00f6ytyv\u00e4n laulun &#8221;Nothing Like You&#8221;. Lopussa on viel\u00e4 kolme duettoa, parhaana hauska &#8221;I\u00b4m Hip&#8221;. Koko levyllinen lavahuumoria alkaa hieman puuduttaa, mutta t\u00e4llaista viihdett\u00e4 olisi ihan hauska kuulla joskus el\u00e4v\u00e4lt\u00e4. <\/p>\n<p><strong>Bob Dorough &#038; Dave Frishberg:<\/strong> Who\u00b4s On First (Blue Note)2 <\/p>\n<p>Bob Dorough; piano ja laulu, Dave Frishsberg; piano ja laulu<\/p>\n<p>19.1.2001<\/p>\n","protected":false},"excerpt":{"rendered":"<p>Bob Dorough ja Dave Frishberg kuuluvat jazzin maailmassa pieneen joukkoon laulaja-lauluntekij\u00e4-pianisteja, joiden esiintymisten olennaisina osina ovat lavahuumori, hauskat tekstit ja mukavat jutut laulujen v\u00e4liss\u00e4. &#8221;Who\u00b4s On First&#8221; vie kuulijan mukanaan er\u00e4\u00e4lle keikalla, joka alkaa kahden pianon instrumentaaliversiolla Ellingtonin &#8221;Rockin\u00b4n Rhythm\u00b4st\u00e4&#8221;. Sen j\u00e4lkeen seuraa mainio duetto, jossa v\u00e4itell\u00e4\u00e4n siit\u00e4, kumpi herroista saa aloittaa. Ongelma ratkaistaan lopulta [&hellip;]<\/p>\n","protected":false},"author":1,"featured_media":0,"parent":726,"menu_order":22,"comment_status":"open","ping_status":"open","template":"onecolumn-page.php","meta":{"ngg_post_thumbnail":0,"footnotes":""},"class_list":["post-938","page","type-page","status-publish","hentry"],"jetpack_likes_enabled":false,"jetpack_sharing_enabled":true,"_links":{"self":[{"href":"https:\/\/www.valonkuvia.fi\/blogi\/wp-json\/wp\/v2\/pages\/938","targetHints":{"allow":["GET"]}}],"collection":[{"href":"https:\/\/www.valonkuvia.fi\/blogi\/wp-json\/wp\/v2\/pages"}],"about":[{"href":"https:\/\/www.valonkuvia.fi\/blogi\/wp-json\/wp\/v2\/types\/page"}],"author":[{"embeddable":true,"href":"https:\/\/www.valonkuvia.fi\/blogi\/wp-json\/wp\/v2\/users\/1"}],"replies":[{"embeddable":true,"href":"https:\/\/www.valonkuvia.fi\/blogi\/wp-json\/wp\/v2\/comments?post=938"}],"version-history":[{"count":1,"href":"https:\/\/www.valonkuvia.fi\/blogi\/wp-json\/wp\/v2\/pages\/938\/revisions"}],"predecessor-version":[{"id":939,"href":"https:\/\/www.valonkuvia.fi\/blogi\/wp-json\/wp\/v2\/pages\/938\/revisions\/939"}],"up":[{"embeddable":true,"href":"https:\/\/www.valonkuvia.fi\/blogi\/wp-json\/wp\/v2\/pages\/726"}],"wp:attachment":[{"href":"https:\/\/www.valonkuvia.fi\/blogi\/wp-json\/wp\/v2\/media?parent=938"}],"curies":[{"name":"wp","href":"https:\/\/api.w.org\/{rel}","templated":true}]}}