{"id":943,"date":"2011-08-26T22:23:47","date_gmt":"2011-08-26T19:23:47","guid":{"rendered":"http:\/\/www.valonkuvia.fi\/blogi\/?page_id=943"},"modified":"2011-08-26T22:23:47","modified_gmt":"2011-08-26T19:23:47","slug":"manuel-dunkel-quartet-darn-that-dream","status":"publish","type":"page","link":"https:\/\/www.valonkuvia.fi\/blogi\/jazzjutut\/levyarviot-a-d\/manuel-dunkel-quartet-darn-that-dream\/","title":{"rendered":"Manuel Dunkel Quartet: Darn That Dream"},"content":{"rendered":"<p>Manuel Dunkel on jo kauan ollut suomalaisen jazzin t\u00e4rkeimpi\u00e4 saksofonisteja. Dunkelin toistakymment\u00e4 vuotta kest\u00e4neelt\u00e4 uralta on mieleen j\u00e4\u00e4nyt useita kohokohtia, kuten onnistuneet rivimiehen roolit Umossa, Platypus Ensembless\u00e4 ja Jukka Perkon Hurmiossa. Hyv\u00e4ss\u00e4 muistissa ovat tietenkin my\u00f6s Dunkelin oman kvartetin hienot esiintymiset; esimerkiksi t\u00e4ll\u00e4 tuoreella levyll\u00e4 soittavan uuden kvartetin mahtava svengi vuoden 2006 Yll\u00e4s Jazz &#038; Blues-festivaaleilla. <\/p>\n<p>Konsertissa s\u00e4v\u00e4hdytt\u00e4nytt\u00e4 latausta on onnistuttu nyt tallentamaan levylle, kuten nimikappaleella &#8221;Darn That Dream&#8221;. T\u00e4m\u00e4 usein balladina tulkittu levyn ainoa standardi saa t\u00e4ll\u00e4 kertaa osakseen l\u00e4hes r\u00e4j\u00e4ht\u00e4v\u00e4n intensiivisen k\u00e4sittelyn. Samanlaista, John Coltranen perinteest\u00e4 kumpuavaa, raakaa voimaa on kosolti my\u00f6s raidalla &#8221;Black Horse&#8221;. <\/p>\n<p>&#8221;Darn That Dream&#8221; ei toki ole alusta loppuun pelkk\u00e4\u00e4 rutistusta, vaan se on s\u00e4vyilt\u00e4\u00e4n varsin rikas ja monipuolinen albumi. Dunkelin s\u00e4vellykset ovat enemm\u00e4n kuin pakolliset teemanp\u00e4tk\u00e4t soolojen ymp\u00e4rill\u00e4; parhaimmillaan ne muovaavat koko kappaleen luonnetta. Esimerkiksi &#8221;The Water is Risingin&#8221; teeman uhkaava tunnelma v\u00e4littyy my\u00f6s sooloihin ja toisaalta &#8221;It Should Have Been Very Simple&#8221; on huoleton ja kepe\u00e4n hyv\u00e4ntuulinen kokonaisuus.<\/p>\n<p>Manuel Dunkelilla on upea soundi molemmissa saksofoneissaan. Modernin jazzin traditioista, siis nimenomaan Coltranelta, ammentava tenorisoundi on kiihkossaan polttavan kuuma ja ter\u00e4v\u00e4; rauhoittuessaan taas pohjoisen jazzille tyypillisen viile\u00e4. My\u00f6s sopraanon soundi on hallittu; avausraidalla &#8221;Cave&#8221; suorastaan l\u00e4pitunkeva ja vastaavasti lempe\u00e4mpi raidalla &#8221;It Should Have Been Very Simple&#8221;. <\/p>\n<p>On ilmeist\u00e4, ett\u00e4 saksofonivetoinen kvartetti on Dunkelille mieluinen yhtyemuoto, sill\u00e4 kaikki h\u00e4nen kolme levy\u00e4\u00e4n on soitettu t\u00e4ll\u00e4 samalla klassisella kokoonpanolla. &#8221;Darn That Dream&#8221; esittelee siis uuden kvartettiversion, jonka suomalaisille varmaan tuntemattomin j\u00e4sen on kreikkalainen pianisti Giorgos Kontrafouris; svengaava ja paikoin jopa kovaotteinen, kuten raidalla &#8221;The Water is Rising&#8221;. Komppipari Ville Huolman ja Jussi Lehtonen taipuvat vaivattomasti kaikkiin heilt\u00e4 odotettaviin asentoihin; energiapurkausten intensiteetist\u00e4 rentoon svengiin. &#8221;Darn That Dream&#8221; onnistunut ja kyps\u00e4 jatko Dunkelin omien levyjen sarjassa, mutta ehk\u00e4 ensi kerralla saamme kuultavaksi hieman isomman orkesterin musiikkia. <\/p>\n<p><strong>Manuel Dunkel Quartet<\/strong>: Darn That Dream (KSJAZZ)<\/p>\n<p>Manuel Dunkel (ts, ss), Giorgos Kontrafouris (p), Ville Huolman (b), Jussi Lehtonen (dr) <\/p>\n<p>22.2.2007<\/p>\n","protected":false},"excerpt":{"rendered":"<p>Manuel Dunkel on jo kauan ollut suomalaisen jazzin t\u00e4rkeimpi\u00e4 saksofonisteja. Dunkelin toistakymment\u00e4 vuotta kest\u00e4neelt\u00e4 uralta on mieleen j\u00e4\u00e4nyt useita kohokohtia, kuten onnistuneet rivimiehen roolit Umossa, Platypus Ensembless\u00e4 ja Jukka Perkon Hurmiossa. Hyv\u00e4ss\u00e4 muistissa ovat tietenkin my\u00f6s Dunkelin oman kvartetin hienot esiintymiset; esimerkiksi t\u00e4ll\u00e4 tuoreella levyll\u00e4 soittavan uuden kvartetin mahtava svengi vuoden 2006 Yll\u00e4s Jazz &#038; [&hellip;]<\/p>\n","protected":false},"author":1,"featured_media":0,"parent":726,"menu_order":24,"comment_status":"open","ping_status":"open","template":"onecolumn-page.php","meta":{"ngg_post_thumbnail":0,"footnotes":""},"class_list":["post-943","page","type-page","status-publish","hentry"],"jetpack_likes_enabled":false,"jetpack_sharing_enabled":true,"_links":{"self":[{"href":"https:\/\/www.valonkuvia.fi\/blogi\/wp-json\/wp\/v2\/pages\/943","targetHints":{"allow":["GET"]}}],"collection":[{"href":"https:\/\/www.valonkuvia.fi\/blogi\/wp-json\/wp\/v2\/pages"}],"about":[{"href":"https:\/\/www.valonkuvia.fi\/blogi\/wp-json\/wp\/v2\/types\/page"}],"author":[{"embeddable":true,"href":"https:\/\/www.valonkuvia.fi\/blogi\/wp-json\/wp\/v2\/users\/1"}],"replies":[{"embeddable":true,"href":"https:\/\/www.valonkuvia.fi\/blogi\/wp-json\/wp\/v2\/comments?post=943"}],"version-history":[{"count":1,"href":"https:\/\/www.valonkuvia.fi\/blogi\/wp-json\/wp\/v2\/pages\/943\/revisions"}],"predecessor-version":[{"id":944,"href":"https:\/\/www.valonkuvia.fi\/blogi\/wp-json\/wp\/v2\/pages\/943\/revisions\/944"}],"up":[{"embeddable":true,"href":"https:\/\/www.valonkuvia.fi\/blogi\/wp-json\/wp\/v2\/pages\/726"}],"wp:attachment":[{"href":"https:\/\/www.valonkuvia.fi\/blogi\/wp-json\/wp\/v2\/media?parent=943"}],"curies":[{"name":"wp","href":"https:\/\/api.w.org\/{rel}","templated":true}]}}