{"id":948,"date":"2011-08-26T22:30:00","date_gmt":"2011-08-26T19:30:00","guid":{"rendered":"http:\/\/www.valonkuvia.fi\/blogi\/?page_id=948"},"modified":"2019-11-23T18:20:15","modified_gmt":"2019-11-23T16:20:15","slug":"levyarviot-e-h","status":"publish","type":"page","link":"https:\/\/www.valonkuvia.fi\/blogi\/jazzjutut\/levyarviot-e-h\/","title":{"rendered":"Levyarviot E &#8211; I"},"content":{"rendered":"<p>Jazzrytmit-lehdess\u00e4 ja Suomijazz-verkkolehdess\u00e4 ilmestyneist\u00e4 levyarvioita. Uudet levyarviot ilmestyv\u00e4t blogissa.<\/p>\n<p><strong>E<\/strong><br \/>\n<a href=\"http:\/\/www.valonkuvia.fi\/blogi\/?page_id=951\" title=\"Jukka Eskola: Jukka Eskola\">Jukka Eskola: Jukka Eskola<\/a><\/p>\n<p><strong>F<\/strong><br \/>\n<a href=\"http:\/\/www.valonkuvia.fi\/blogi\/?page_id=953\" title=\"Dalia Faitelson: Point of No Return\">Dalia Faitelson: Point of No Return<\/a><br \/>\n<a href=\"http:\/\/www.valonkuvia.fi\/blogi\/?page_id=956\" title=\"Lars F\u00e4rnl\u00f6f: Heureka\">Lars F\u00e4rnl\u00f6f: Heureka<\/a><\/p>\n<p><strong>G<\/strong><br \/>\n<a href=\"http:\/\/www.valonkuvia.fi\/blogi\/?page_id=958\" title=\"Jan Garbarek &#038; The Hilliard Ensemble: Mnemosyne\">Jan Garbarek &#038; The Hilliard Ensemble: Mnemosyne<\/a><br \/>\n<a href=\"http:\/\/www.valonkuvia.fi\/blogi\/?page_id=1018\" title=\"Andreas Gidlund Kvartett: Mandraki Beach &#038; Nyfors: Jazz &#038; Magnus Lindgren Quartet: The Game\">Andreas Gidlund Kvartett: Mandraki Beach &#038; Nyfors: Jazz &#038; Magnus Lindgren Quartet: The Game<\/a><br \/>\n<a href=\"http:\/\/www.valonkuvia.fi\/blogi\/?page_id=1022\" title=\"Andeas Gidlund Kvartett: The Happies Man Alive\">Andeas Gidlund Kvartett: The Happies Man Alive<\/a><br \/>\n<a href=\"http:\/\/www.valonkuvia.fi\/blogi\/?page_id=1025\" title=\"Siri Gj\u00e6re &#038; Tord Gustavsen: aire &#038; angels\">Siri Gj\u00e6re &#038; Tord Gustavsen: aire &#038; angels<\/a><br \/>\n<a href=\"http:\/\/www.valonkuvia.fi\/blogi\/?page_id=1028\" title=\"Gnomus: II\">Gnomus: II<\/a><br \/>\n<a href=\"http:\/\/www.valonkuvia.fi\/blogi\/?page_id=1031\" title=\"Gushpanka: Gushpanka\">Gushpanka: Gushpanka<\/a><\/p>\n<p><strong>H<\/strong><br \/>\n<a href=\"http:\/\/www.valonkuvia.fi\/blogi\/?page_id=1035\" title=\"Haarla \u2013 Krokfors: Penguin Beguine\">Haarla \u2013 Krokfors: Penguin Beguine<\/a><br \/>\n<a href=\"http:\/\/www.valonkuvia.fi\/blogi\/?page_id=1041\" title=\"Hepa Halme Prospekt: Nine Steps In Line of Beauty\">Hepa Halme Prospekt: Nine Steps In Line of Beauty<\/a><br \/>\n<a href=\"http:\/\/www.valonkuvia.fi\/blogi\/?page_id=1043\" title=\"Gilbert Isbin: Plays Nick Drake &#038; Jonas Hellborg\/Shawn Lane: Zenhouse &#038; Tri-Dim: Tri-Dimprovisations\">Jonas Hellborg\/Shawn Lane: Zenhouse &#038; Tri-Dim: Tri-Dimprovisations<\/a><br \/>\n<a href=\"http:\/\/www.valonkuvia.fi\/blogi\/?page_id=1045\" title=\"Jouni Hokkanen: In One\u00b4s Element\">Jouni Hokkanen: In One\u00b4s Element<\/a><\/p>\n<p><strong>I<\/strong><br \/>\n<a href=\"http:\/\/www.valonkuvia.fi\/blogi\/?page_id=1049\" title=\"Johanna Iivanainen ja Eero Koivistoisen yhtye: Suomalainen\">Johanna Iivanainen ja Eero Koivistoisen yhtye: Suomalainen<\/a><br \/>\n<a href=\"http:\/\/www.valonkuvia.fi\/blogi\/?page_id=1051\" title=\"Johanna Iivanainen &#038; Eero Koivistoisen yhtye: Lennosta kii!\">Johanna Iivanainen &#038; Eero Koivistoisen yhtye: Lennosta kii!<\/a><br \/>\n<a href=\"http:\/\/www.valonkuvia.fi\/blogi\/?page_id=1053\" title=\"Innanen \u2013 Kallio: Scratch\">Innanen \u2013 Kallio: Scratch<\/a><br \/>\n<a href=\"http:\/\/www.valonkuvia.fi\/blogi\/?page_id=1067\" title=\"Stefan Isaksson: Three Cushions\">Stefan Isaksson: Three Cushions<\/a><br \/>\n<a href=\"http:\/\/www.valonkuvia.fi\/blogi\/?page_id=1043\" title=\"Gilbert Isbin: Plays Nick Drake\">Gilbert Isbin: Plays Nick Drake<\/a><br \/>\n<a href=\"http:\/\/www.valonkuvia.fi\/blogi\/?page_id=1069\" title=\"Vijay Iyer: Panoptic Modes\">Vijay Iyer: Panoptic Modes<\/a><br \/>\n<a href=\"http:\/\/www.valonkuvia.fi\/blogi\/?page_id=1072\" title=\"Vijay Iyer &#038; Mike Ladd: in what language?\">Vijay Iyer &#038; Mike Ladd: in what language?<\/a><\/p>\n","protected":false},"excerpt":{"rendered":"<p>Jazzrytmit-lehdess\u00e4 ja Suomijazz-verkkolehdess\u00e4 ilmestyneist\u00e4 levyarvioita. Uudet levyarviot ilmestyv\u00e4t blogissa. E Jukka Eskola: Jukka Eskola F Dalia Faitelson: Point of No Return Lars F\u00e4rnl\u00f6f: Heureka G Jan Garbarek &#038; The Hilliard Ensemble: Mnemosyne Andreas Gidlund Kvartett: Mandraki Beach &#038; Nyfors: Jazz &#038; Magnus Lindgren Quartet: The Game Andeas Gidlund Kvartett: The Happies Man Alive Siri Gj\u00e6re [&hellip;]<\/p>\n","protected":false},"author":1,"featured_media":0,"parent":116,"menu_order":2,"comment_status":"open","ping_status":"closed","template":"onecolumn-page.php","meta":{"ngg_post_thumbnail":0,"footnotes":""},"class_list":["post-948","page","type-page","status-publish","hentry"],"jetpack_likes_enabled":false,"jetpack_sharing_enabled":true,"_links":{"self":[{"href":"https:\/\/www.valonkuvia.fi\/blogi\/wp-json\/wp\/v2\/pages\/948","targetHints":{"allow":["GET"]}}],"collection":[{"href":"https:\/\/www.valonkuvia.fi\/blogi\/wp-json\/wp\/v2\/pages"}],"about":[{"href":"https:\/\/www.valonkuvia.fi\/blogi\/wp-json\/wp\/v2\/types\/page"}],"author":[{"embeddable":true,"href":"https:\/\/www.valonkuvia.fi\/blogi\/wp-json\/wp\/v2\/users\/1"}],"replies":[{"embeddable":true,"href":"https:\/\/www.valonkuvia.fi\/blogi\/wp-json\/wp\/v2\/comments?post=948"}],"version-history":[{"count":21,"href":"https:\/\/www.valonkuvia.fi\/blogi\/wp-json\/wp\/v2\/pages\/948\/revisions"}],"predecessor-version":[{"id":14873,"href":"https:\/\/www.valonkuvia.fi\/blogi\/wp-json\/wp\/v2\/pages\/948\/revisions\/14873"}],"up":[{"embeddable":true,"href":"https:\/\/www.valonkuvia.fi\/blogi\/wp-json\/wp\/v2\/pages\/116"}],"wp:attachment":[{"href":"https:\/\/www.valonkuvia.fi\/blogi\/wp-json\/wp\/v2\/media?parent=948"}],"curies":[{"name":"wp","href":"https:\/\/api.w.org\/{rel}","templated":true}]}}