{"id":953,"date":"2011-08-28T22:28:32","date_gmt":"2011-08-28T19:28:32","guid":{"rendered":"http:\/\/www.valonkuvia.fi\/blogi\/?page_id=953"},"modified":"2011-08-28T22:28:32","modified_gmt":"2011-08-28T19:28:32","slug":"dalia-faitelson-point-of-no-return","status":"publish","type":"page","link":"https:\/\/www.valonkuvia.fi\/blogi\/jazzjutut\/levyarviot-e-h\/dalia-faitelson-point-of-no-return\/","title":{"rendered":"Dalia Faitelson: Point of No Return"},"content":{"rendered":"<p>Dalia Faitelson on israelilaissyntyinen laulaja, joka Boston Berkleess\u00e4 opiskeltuaan asettui 1990-luvun alussa asumaan ja ty\u00f6skentelem\u00e4\u00e4n K\u00f6\u00f6penhaminaan. Vuonna 2002 ilmestynyt Point of No Return on Faitelsonin nelj\u00e4s levy omissa nimiss\u00e4. Faitelson ei ole varsinainen jazzlaulaja, eik\u00e4 h\u00e4nen musiikkinsa ole puhtaasti jazzia. Kuten niin monella nykyjazzin liepeill\u00e4 liikkuvalla taiteilijalla, my\u00f6s Faitelsonin musiikissa el\u00e4v\u00e4t monenlaiset ainekset; ripaus jazzia, etnoa, rockia ja lopulta aimo annos omaa ilmaisua. Faitelson on s\u00e4velt\u00e4nyt kaikki levyn yhdeks\u00e4n kappaletta, joiden surumieliset melodiat sopivat hienosti yhteen h\u00e4nen tumman laulu\u00e4\u00e4nens\u00e4 kanssa. Uudelle levylleen Faitelson on saanut koottua mielenkiintoisen ja kovatasoisen yhtyeen, Brecker, Nussbaum ja Cheek ovat amerikkalaisia huippuja ja loput kuuluvat syksyll\u00e4 Suomessakin vierailleeseen Common Ground -yhtyeeseen. Faitelson on my\u00f6s p\u00e4tev\u00e4 kitaristi, jonka soundi on olennainen osa yhtyeen sointia. Ja yhtye todella toimii ! Komppi svengaa vaivattomasti ja painokkaita sooloja on tallentunut useita. Varsinkin Brecker ja Nika saavat ansaitusti paljon soolotilaa. Dalia Faitelson on ehdottomasti musiikintekij\u00e4, johon kannattaa tutustua.<\/p>\n<p><strong>Dalia Faitelson<\/strong>: Point of No Return (Stunt Records)<\/p>\n<p>Dalia Faitelson; laulu ja kitarat, Randy Brecker; trumpetti, Chris Cheek; saksofonit, Lelo Nika; harmonikka, Thommy Andersson; basso, Adam Nussbaum; rummut, Ayi Salomon, ly\u00f6m\u00e4soittimet<\/p>\n<p>\u00c4\u00e4nitetty 14.-15.3. 2001 Puk Recording Studios, Tanska<\/p>\n<p>12.1. 2003<\/p>\n","protected":false},"excerpt":{"rendered":"<p>Dalia Faitelson on israelilaissyntyinen laulaja, joka Boston Berkleess\u00e4 opiskeltuaan asettui 1990-luvun alussa asumaan ja ty\u00f6skentelem\u00e4\u00e4n K\u00f6\u00f6penhaminaan. Vuonna 2002 ilmestynyt Point of No Return on Faitelsonin nelj\u00e4s levy omissa nimiss\u00e4. Faitelson ei ole varsinainen jazzlaulaja, eik\u00e4 h\u00e4nen musiikkinsa ole puhtaasti jazzia. Kuten niin monella nykyjazzin liepeill\u00e4 liikkuvalla taiteilijalla, my\u00f6s Faitelsonin musiikissa el\u00e4v\u00e4t monenlaiset ainekset; ripaus jazzia, [&hellip;]<\/p>\n","protected":false},"author":1,"featured_media":0,"parent":948,"menu_order":2,"comment_status":"open","ping_status":"open","template":"onecolumn-page.php","meta":{"ngg_post_thumbnail":0,"footnotes":""},"class_list":["post-953","page","type-page","status-publish","hentry"],"jetpack_likes_enabled":false,"jetpack_sharing_enabled":true,"_links":{"self":[{"href":"https:\/\/www.valonkuvia.fi\/blogi\/wp-json\/wp\/v2\/pages\/953","targetHints":{"allow":["GET"]}}],"collection":[{"href":"https:\/\/www.valonkuvia.fi\/blogi\/wp-json\/wp\/v2\/pages"}],"about":[{"href":"https:\/\/www.valonkuvia.fi\/blogi\/wp-json\/wp\/v2\/types\/page"}],"author":[{"embeddable":true,"href":"https:\/\/www.valonkuvia.fi\/blogi\/wp-json\/wp\/v2\/users\/1"}],"replies":[{"embeddable":true,"href":"https:\/\/www.valonkuvia.fi\/blogi\/wp-json\/wp\/v2\/comments?post=953"}],"version-history":[{"count":1,"href":"https:\/\/www.valonkuvia.fi\/blogi\/wp-json\/wp\/v2\/pages\/953\/revisions"}],"predecessor-version":[{"id":954,"href":"https:\/\/www.valonkuvia.fi\/blogi\/wp-json\/wp\/v2\/pages\/953\/revisions\/954"}],"up":[{"embeddable":true,"href":"https:\/\/www.valonkuvia.fi\/blogi\/wp-json\/wp\/v2\/pages\/948"}],"wp:attachment":[{"href":"https:\/\/www.valonkuvia.fi\/blogi\/wp-json\/wp\/v2\/media?parent=953"}],"curies":[{"name":"wp","href":"https:\/\/api.w.org\/{rel}","templated":true}]}}