{"id":956,"date":"2011-08-28T22:30:52","date_gmt":"2011-08-28T19:30:52","guid":{"rendered":"http:\/\/www.valonkuvia.fi\/blogi\/?page_id=956"},"modified":"2011-08-28T22:30:52","modified_gmt":"2011-08-28T19:30:52","slug":"lars-farnlof-heureka","status":"publish","type":"page","link":"https:\/\/www.valonkuvia.fi\/blogi\/jazzjutut\/levyarviot-e-h\/lars-farnlof-heureka\/","title":{"rendered":"Lars F\u00e4rnl\u00f6f: Heureka"},"content":{"rendered":"<p>Lars F\u00e4rnl\u00f6f (1942-1994) oli ruotsalainen trumpetisti ja s\u00e4velt\u00e4j\u00e4, joka nousi esille 1950- ja 60-lukujen vaihteessa pianisti Staffan Abeleenin kvintetiss\u00e4. F\u00e4rnl\u00f6f opiskeli 60-luvun lopulla Yhdysvalloissa s\u00e4vellyst\u00e4, orkestrointia ja filosofiaa. Palattuaan takaisin kotimaahansa F\u00e4rnl\u00f6f alkoi kirjoittaa musiikkia jazzyhtyeelle ja sinfoniaorkesterille. Vuonna 1969 valmistunut &#8221;Heureka&#8221; oli ensimm\u00e4inen kolmesta sinfonisesta sarjasta. Ruotsin TV:n seuraavana vuonna taltioima esitys on nyt julkaistu uudelleen. Kolmiosainen &#8221;Heureka&#8221; on jazzin ja klassisen musiikin yhteensulautumana uskottava, varsinkin hidas ensimm\u00e4inen on kaunis. Toisessa osassa jazzkvartetti pianisti Bobo Stensonin johdolla vie koko orkesterin yll\u00e4tt\u00e4v\u00e4n hienosti toimivaan svengijaksoon. Kolmannessa osassa basisti Red Mitchellin soolon j\u00e4lkeen esille nousee vihdoin my\u00f6s F\u00e4rnl\u00f6fin flyygelitorven harkitut piirrot.<\/p>\n<p>Levyll\u00e4 julkaistaan uudelleen my\u00f6s vuonna 1973 esitetty Ca\u00e7hasa-sarja jazzkvintetille ja big b\u00e4ndille. Sarja alkaa tummas\u00e4vyisesti Gil Evans ja Miles Davis tunnelmilla, mutta loppujen lopuksi sarja on aika perinteist\u00e4 big band-musiikkia, tosin eritt\u00e4in hienoa sellaista. Joukkoon sopii voimakkaita sooloja mm. Lennart \u00c5bergilta ja Bj\u00f6rn Netzilt\u00e4. F\u00e4rnl\u00f6f itse j\u00e4tt\u00e4ytyy solistina taka-alalle. &#8221;Heureka&#8221; on tervetullut uusintajulkaisu, joka j\u00e4lleen todistaa, kuinka eurooppalaisessa jazzissa on jo kauan ollut pyrkimys kulkea omia, valtavirroista syrjemm\u00e4lle vievi\u00e4 teit\u00e4. My\u00f6s mm. polion takia huonosta terveydest\u00e4 k\u00e4rsinyt ja liian varhain kuollut Lars F\u00e4rnl\u00f6f ansaitsee edelleen huomiota. <\/p>\n<p><strong>Lars F\u00e4rnl\u00f6f<\/strong>: Heureka (Phono Suecia)<\/p>\n<p>Lars F\u00e4rnl\u00f6f; flyygelitorvi, kornetti, Bj\u00f6rn Netz; tenorisaksofoni, Bobo Stenson, Bengt Hallberg, Staffan Abeleen; piano, Red Mitchell; basso, Rune Carlson, Fredrik Nor\u00e9n; rummut, The Swedish Radio Jazz Group, The Swedish Radio Symphony Orchestra, Leif Segerstam; kapellimestari<\/p>\n<p>\u00c4\u00e4nitys 31.8.-1.9.1970 Tukholma ja 24.5.1973 S\u00f6dertelje<\/p>\n<p>27.4. 2001<\/p>\n","protected":false},"excerpt":{"rendered":"<p>Lars F\u00e4rnl\u00f6f (1942-1994) oli ruotsalainen trumpetisti ja s\u00e4velt\u00e4j\u00e4, joka nousi esille 1950- ja 60-lukujen vaihteessa pianisti Staffan Abeleenin kvintetiss\u00e4. F\u00e4rnl\u00f6f opiskeli 60-luvun lopulla Yhdysvalloissa s\u00e4vellyst\u00e4, orkestrointia ja filosofiaa. Palattuaan takaisin kotimaahansa F\u00e4rnl\u00f6f alkoi kirjoittaa musiikkia jazzyhtyeelle ja sinfoniaorkesterille. Vuonna 1969 valmistunut &#8221;Heureka&#8221; oli ensimm\u00e4inen kolmesta sinfonisesta sarjasta. Ruotsin TV:n seuraavana vuonna taltioima esitys on nyt [&hellip;]<\/p>\n","protected":false},"author":1,"featured_media":0,"parent":948,"menu_order":3,"comment_status":"open","ping_status":"open","template":"onecolumn-page.php","meta":{"ngg_post_thumbnail":0,"footnotes":""},"class_list":["post-956","page","type-page","status-publish","hentry"],"jetpack_likes_enabled":false,"jetpack_sharing_enabled":true,"_links":{"self":[{"href":"https:\/\/www.valonkuvia.fi\/blogi\/wp-json\/wp\/v2\/pages\/956","targetHints":{"allow":["GET"]}}],"collection":[{"href":"https:\/\/www.valonkuvia.fi\/blogi\/wp-json\/wp\/v2\/pages"}],"about":[{"href":"https:\/\/www.valonkuvia.fi\/blogi\/wp-json\/wp\/v2\/types\/page"}],"author":[{"embeddable":true,"href":"https:\/\/www.valonkuvia.fi\/blogi\/wp-json\/wp\/v2\/users\/1"}],"replies":[{"embeddable":true,"href":"https:\/\/www.valonkuvia.fi\/blogi\/wp-json\/wp\/v2\/comments?post=956"}],"version-history":[{"count":1,"href":"https:\/\/www.valonkuvia.fi\/blogi\/wp-json\/wp\/v2\/pages\/956\/revisions"}],"predecessor-version":[{"id":957,"href":"https:\/\/www.valonkuvia.fi\/blogi\/wp-json\/wp\/v2\/pages\/956\/revisions\/957"}],"up":[{"embeddable":true,"href":"https:\/\/www.valonkuvia.fi\/blogi\/wp-json\/wp\/v2\/pages\/948"}],"wp:attachment":[{"href":"https:\/\/www.valonkuvia.fi\/blogi\/wp-json\/wp\/v2\/media?parent=956"}],"curies":[{"name":"wp","href":"https:\/\/api.w.org\/{rel}","templated":true}]}}